{"id":1030,"date":"2024-10-27T21:16:56","date_gmt":"2024-10-27T21:16:56","guid":{"rendered":"https:\/\/arquivo.ao\/services\/archivage-de-la-documentation-papier\/"},"modified":"2024-10-29T01:51:33","modified_gmt":"2024-10-29T01:51:33","slug":"archivage-de-la-documentation-papier","status":"publish","type":"page","link":"https:\/\/arquivo.ao\/fr\/services\/archivage-de-la-documentation-papier\/","title":{"rendered":"Archivage de la documentation papier"},"content":{"rendered":"\t\t<div data-elementor-type=\"wp-page\" data-elementor-id=\"1030\" class=\"elementor elementor-1030 elementor-128\" data-elementor-post-type=\"page\">\n\t\t\t\t\t\t<section class=\"elementor-section elementor-top-section elementor-element elementor-element-ff3e3de elementor-section-full_width elementor-section-height-full elementor-section-height-default elementor-section-items-middle\" data-id=\"ff3e3de\" data-element_type=\"section\" data-settings=\"{&quot;background_background&quot;:&quot;classic&quot;}\">\n\t\t\t\t\t\t<div class=\"elementor-container elementor-column-gap-default\">\n\t\t\t\t\t<div class=\"elementor-column elementor-col-100 elementor-top-column elementor-element elementor-element-4e68b974\" data-id=\"4e68b974\" data-element_type=\"column\">\n\t\t\t<div class=\"elementor-widget-wrap\">\n\t\t\t\t\t\t\t<\/div>\n\t\t<\/div>\n\t\t\t\t\t<\/div>\n\t\t<\/section>\n\t\t\t\t<section class=\"elementor-section elementor-top-section elementor-element elementor-element-558b9e3a elementor-section-boxed elementor-section-height-default elementor-section-height-default\" data-id=\"558b9e3a\" data-element_type=\"section\">\n\t\t\t\t\t\t<div class=\"elementor-container elementor-column-gap-default\">\n\t\t\t\t\t<div class=\"elementor-column elementor-col-100 elementor-top-column elementor-element elementor-element-4876a30c\" data-id=\"4876a30c\" data-element_type=\"column\">\n\t\t\t<div class=\"elementor-widget-wrap elementor-element-populated\">\n\t\t\t\t\t\t<div class=\"elementor-element elementor-element-557d836f elementor-icon-list--layout-inline elementor-list-item-link-full_width elementor-widget elementor-widget-icon-list\" data-id=\"557d836f\" data-element_type=\"widget\" data-widget_type=\"icon-list.default\">\n\t\t\t\t<div class=\"elementor-widget-container\">\n\t\t\t\t\t\t\t<ul class=\"elementor-icon-list-items elementor-inline-items\">\n\t\t\t\t\t\t\t<li class=\"elementor-icon-list-item elementor-inline-item\">\n\t\t\t\t\t\t\t\t\t\t\t<a href=\"https:\/\/arquivo.ao\/fr\/\">\n\n\t\t\t\t\t\t\t\t\t\t\t<span class=\"elementor-icon-list-text\">Accueil<\/span>\n\t\t\t\t\t\t\t\t\t\t\t<\/a>\n\t\t\t\t\t\t\t\t\t<\/li>\n\t\t\t\t\t\t\t\t<li class=\"elementor-icon-list-item elementor-inline-item\">\n\t\t\t\t\t\t\t\t\t\t\t<a href=\"https:\/\/arquivo.ao\/fr\/services\/archivage-de-la-documentation-papier\/\">\n\n\t\t\t\t\t\t\t\t\t\t\t\t<span class=\"elementor-icon-list-icon\">\n\t\t\t\t\t\t\t<svg aria-hidden=\"true\" class=\"e-font-icon-svg e-fas-angle-double-right\" viewBox=\"0 0 448 512\" xmlns=\"http:\/\/www.w3.org\/2000\/svg\"><path d=\"M224.3 273l-136 136c-9.4 9.4-24.6 9.4-33.9 0l-22.6-22.6c-9.4-9.4-9.4-24.6 0-33.9l96.4-96.4-96.4-96.4c-9.4-9.4-9.4-24.6 0-33.9L54.3 103c9.4-9.4 24.6-9.4 33.9 0l136 136c9.5 9.4 9.5 24.6.1 34zm192-34l-136-136c-9.4-9.4-24.6-9.4-33.9 0l-22.6 22.6c-9.4 9.4-9.4 24.6 0 33.9l96.4 96.4-96.4 96.4c-9.4 9.4-9.4 24.6 0 33.9l22.6 22.6c9.4 9.4 24.6 9.4 33.9 0l136-136c9.4-9.2 9.4-24.4 0-33.8z\"><\/path><\/svg>\t\t\t\t\t\t<\/span>\n\t\t\t\t\t\t\t\t\t\t<span class=\"elementor-icon-list-text\">Archivage de la documentation papier<\/span>\n\t\t\t\t\t\t\t\t\t\t\t<\/a>\n\t\t\t\t\t\t\t\t\t<\/li>\n\t\t\t\t\t\t<\/ul>\n\t\t\t\t\t\t<\/div>\n\t\t\t\t<\/div>\n\t\t\t\t\t<\/div>\n\t\t<\/div>\n\t\t\t\t\t<\/div>\n\t\t<\/section>\n\t\t\t\t<section class=\"elementor-section elementor-top-section elementor-element elementor-element-5305004 elementor-section-boxed elementor-section-height-default elementor-section-height-default\" data-id=\"5305004\" data-element_type=\"section\">\n\t\t\t\t\t\t<div class=\"elementor-container elementor-column-gap-default\">\n\t\t\t\t\t<div class=\"elementor-column elementor-col-50 elementor-top-column elementor-element elementor-element-45ed63c2\" data-id=\"45ed63c2\" data-element_type=\"column\">\n\t\t\t<div class=\"elementor-widget-wrap elementor-element-populated\">\n\t\t\t\t\t\t<div class=\"elementor-element elementor-element-3c744aaf elementor-widget__width-initial elementor-widget elementor-widget-heading\" data-id=\"3c744aaf\" data-element_type=\"widget\" data-widget_type=\"heading.default\">\n\t\t\t\t<div class=\"elementor-widget-container\">\n\t\t\t\t\t<h2 class=\"elementor-heading-title elementor-size-default\">\/\/ Archivage de la documentation papier<\/h2>\t\t\t\t<\/div>\n\t\t\t\t<\/div>\n\t\t\t\t<div class=\"elementor-element elementor-element-be0d547 elementor-widget elementor-widget-text-editor\" data-id=\"be0d547\" data-element_type=\"widget\" data-widget_type=\"text-editor.default\">\n\t\t\t\t<div class=\"elementor-widget-container\">\n\t\t\t\t\t\t\t\t\t<p>La soci\u00e9t\u00e9 ARQUIVO, avec ses entreprises partenaires, bas\u00e9e \u00e0 Belgrade, se sp\u00e9cialise avec succ\u00e8s dans le d\u00e9veloppement, la mise en \u0153uvre, l&rsquo;int\u00e9gration et la maintenance de syst\u00e8mes de gestion de documents, de solutions d&rsquo;archivage et de microfilmage, ainsi que de solutions pour les signatures \u00e9lectroniques qualifi\u00e9es et les identit\u00e9s num\u00e9riques.<\/p>\n<p>Nous proposons \u00e0 nos clients des syst\u00e8mes et des \u00e9quipements de pointe provenant des plus grands fabricants mondiaux tels que OPEN TEXT, KODAK ALARIS, ZEBRA, THALES, AET, ATIZ, e-ImageData, IMAGE ACCESS, SIGNOTEC, ainsi que des syst\u00e8mes d&rsquo;accompagnement pour lesquels nous fournissons une assistance technique et un service complets. Nos syst\u00e8mes logiciels et mat\u00e9riels sont install\u00e9s dans les plus grandes entreprises et banques nationales, o\u00f9 les appareils et les syst\u00e8mes fonctionnent 24 heures sur 24 et 7 jours sur 7. <\/p>\n<p>De nombreux utilisateurs de nos solutions logicielles et de notre mat\u00e9riel en Serbie ont confirm\u00e9 qu&rsquo;ARQUIVO, en collaboration avec ses entreprises partenaires, ne se contente pas de mettre en \u0153uvre ces syst\u00e8mes, mais fournit \u00e9galement des mises \u00e0 niveau pour les solutions et \u00e9quipements existants, ainsi que des am\u00e9liorations continues des syst\u00e8mes existants.<\/p>\n<p>Les syst\u00e8mes ARQUIVO.AO, qui entrent dans leur troisi\u00e8me d\u00e9cennie de succ\u00e8s, sont devenus synonymes de qualit\u00e9, d&rsquo;efficacit\u00e9 et d&rsquo;excellente assistance technique.<\/p>\n<p>Dans notre centre d&rsquo;externalisation ARQUIVO.AO\u2122, Arquivo fournit des services modernes de num\u00e9risation et de microfilmage dans un centre de num\u00e9risation d&rsquo;une capacit\u00e9 allant jusqu&rsquo;\u00e0 150 000 documents num\u00e9ris\u00e9s par jour. En outre, nous offrons des services d&rsquo;archivage de documents dans nos d\u00e9p\u00f4ts d&rsquo;archives, qui s&rsquo;\u00e9tendent sur environ 24 000 m\u00b2, construits selon les normes mondiales les plus \u00e9lev\u00e9es. <\/p>\n<p>ARQUIVO augmente constamment sa capacit\u00e9 en construisant de nouveaux d\u00e9p\u00f4ts d&rsquo;archives.<\/p>\n<p>Au centre d&rsquo;externalisation ARQUIVO.AO\u2122, nous offrons les services suivants :<\/p>\n<ul>\n<li><strong>Archivage permanent des documents papier dans notre d\u00e9p\u00f4t d&rsquo;archives conform\u00e9ment \u00e0 la norme ISO 15489<\/strong><\/li>\n<li><strong>Num\u00e9risation &#8211; num\u00e9risation des archives traditionnelles sur papier et sur microfilm<\/strong><\/li>\n<li><strong>ARHIVO\u2122 Archival Software pour la gestion des archives et des demandes de livraison conform\u00e9ment aux r\u00e8gles d&rsquo;archivage.<\/strong><\/li>\n<li><strong>R\u00e9pertorier, organiser et saisir les donn\u00e9es dans le logiciel d&rsquo;archivage ARHIVO\u2122.<\/strong><\/li>\n<li><strong>Organiser la documentation, cr\u00e9er et tenir \u00e0 jour le livre d&rsquo;archives dynamiques ARHIVO\u2122, et r\u00e9diger des actes normatifs conform\u00e9ment aux lois de la R\u00e9publique de Serbie.<\/strong><\/li>\n<li><strong>Services de reconnaissance automatique OCR et de saisie automatis\u00e9e des donn\u00e9es dans le syst\u00e8me d&rsquo;information du client<\/strong><\/li>\n<li><strong>H\u00e9bergement des archives \u00e9lectroniques du client sur nos serveurs et ARHIVO\u2122 Cloud DMS.<\/strong><\/li>\n<li><strong>Mise en \u0153uvre des solutions OpenText de gestion de contenu, de flux de travail, de gestion des documents et de gestion int\u00e9gr\u00e9e des documents (ECM)<\/strong><\/li>\n<li><strong>Cr\u00e9ation de copies de s\u00e9curit\u00e9 sur microfilm<\/strong><\/li>\n<li><strong>Destruction &#8211; d\u00e9chiquetage de documents papier<\/strong><\/li>\n<\/ul>\n<p><strong>AVANTAGES D&rsquo;ARQUIVO EN TANT QUE PARTENAIRE<\/strong><\/p>\n<p>Depuis plus de 30 ans, Arquivo, ainsi que d&rsquo;autres entreprises du groupe, se consacre \u00e0 la gestion de documents. Le groupe emploie plus de 200 employ\u00e9s permanents et 120 travailleurs temporaires. Les clients b\u00e9n\u00e9ficient d&rsquo;un service complet qui comprend une gestion efficace et responsable des documents : archivage, num\u00e9risation, microfilmage, solutions logicielles pour la gestion des documents (DMS, workflow, OCR-ICR), vente de scanners et d&rsquo;\u00e9quipements de microfilmage, solutions qualifi\u00e9es de signature num\u00e9rique, d&rsquo;horodatage et d&rsquo;identit\u00e9 num\u00e9rique.  <\/p>\n<p><strong>R\u00e9f\u00e9rences<\/strong><\/p>\n<p>Arquivo op\u00e8re avec succ\u00e8s sur le march\u00e9 depuis trois d\u00e9cennies et est fier de ses collaborations \u00e0 long terme avec ses clients et de son grand succ\u00e8s dans les domaines de l&rsquo;archivage, de la num\u00e9risation et de la gestion de documents.<\/p>\n<p>Arquivo fournit des services \u00e0 plus de 60 % des banques en Serbie.<\/p>\n<p>En 2021, nous avons trait\u00e9 plus de 20 000 000 de documents dans notre centre de num\u00e9risation.<\/p>\n<p>Actuellement, plus de 600 000 bo\u00eetes d&rsquo;archives sont stock\u00e9es dans le d\u00e9p\u00f4t d&rsquo;archives ARQUIVO.AO\u2122, sur plus de 250 km de rayonnages.<\/p>\n<p>OpenText compte plus de 50 000 installations dans le monde, avec plus de 10 000 000 d&rsquo;utilisateurs.<\/p>\n<p>Pour obtenir une liste d\u00e9taill\u00e9e des r\u00e9f\u00e9rences des entreprises, n&rsquo;h\u00e9sitez pas \u00e0 nous contacter.<\/p>\n\t\t\t\t\t\t\t\t<\/div>\n\t\t\t\t<\/div>\n\t\t\t\t\t<\/div>\n\t\t<\/div>\n\t\t\t\t<div class=\"elementor-column elementor-col-50 elementor-top-column elementor-element elementor-element-7df7c7d8\" data-id=\"7df7c7d8\" data-element_type=\"column\">\n\t\t\t<div class=\"elementor-widget-wrap elementor-element-populated\">\n\t\t\t\t\t\t<section class=\"elementor-section elementor-inner-section elementor-element elementor-element-51aa540c elementor-section-boxed elementor-section-height-default elementor-section-height-default\" data-id=\"51aa540c\" data-element_type=\"section\" data-settings=\"{&quot;motion_fx_motion_fx_scrolling&quot;:&quot;yes&quot;,&quot;sticky&quot;:&quot;top&quot;,&quot;sticky_offset&quot;:70,&quot;motion_fx_devices&quot;:[&quot;desktop&quot;,&quot;tablet&quot;,&quot;mobile&quot;],&quot;sticky_on&quot;:[&quot;desktop&quot;,&quot;tablet&quot;,&quot;mobile&quot;],&quot;sticky_effects_offset&quot;:0,&quot;sticky_anchor_link_offset&quot;:0}\">\n\t\t\t\t\t\t<div class=\"elementor-container elementor-column-gap-default\">\n\t\t\t\t\t<div class=\"elementor-column elementor-col-100 elementor-inner-column elementor-element elementor-element-4617c79c\" data-id=\"4617c79c\" data-element_type=\"column\">\n\t\t\t<div class=\"elementor-widget-wrap elementor-element-populated\">\n\t\t\t\t\t\t<div class=\"elementor-element elementor-element-6e87003 elementor-widget elementor-widget-heading\" data-id=\"6e87003\" data-element_type=\"widget\" data-widget_type=\"heading.default\">\n\t\t\t\t<div class=\"elementor-widget-container\">\n\t\t\t\t\t<h2 class=\"elementor-heading-title elementor-size-default\">D'AUTRES SERVICES :<\/h2>\t\t\t\t<\/div>\n\t\t\t\t<\/div>\n\t\t\t\t<div class=\"elementor-element elementor-element-7bde928 elementor-icon-list--layout-traditional elementor-list-item-link-full_width elementor-widget elementor-widget-icon-list\" data-id=\"7bde928\" data-element_type=\"widget\" data-widget_type=\"icon-list.default\">\n\t\t\t\t<div class=\"elementor-widget-container\">\n\t\t\t\t\t\t\t<ul class=\"elementor-icon-list-items\">\n\t\t\t\t\t\t\t<li class=\"elementor-icon-list-item\">\n\t\t\t\t\t\t\t\t\t\t\t<a href=\"https:\/\/arquivo.ao\/services\/archiving-of-paper-documentation\/\">\n\n\t\t\t\t\t\t\t\t\t\t\t\t<span class=\"elementor-icon-list-icon\">\n\t\t\t\t\t\t\t<svg aria-hidden=\"true\" class=\"e-font-icon-svg e-fas-angle-right\" viewBox=\"0 0 256 512\" xmlns=\"http:\/\/www.w3.org\/2000\/svg\"><path d=\"M224.3 273l-136 136c-9.4 9.4-24.6 9.4-33.9 0l-22.6-22.6c-9.4-9.4-9.4-24.6 0-33.9l96.4-96.4-96.4-96.4c-9.4-9.4-9.4-24.6 0-33.9L54.3 103c9.4-9.4 24.6-9.4 33.9 0l136 136c9.5 9.4 9.5 24.6.1 34z\"><\/path><\/svg>\t\t\t\t\t\t<\/span>\n\t\t\t\t\t\t\t\t\t\t<span class=\"elementor-icon-list-text\">Archivage de la documentation papier<\/span>\n\t\t\t\t\t\t\t\t\t\t\t<\/a>\n\t\t\t\t\t\t\t\t\t<\/li>\n\t\t\t\t\t\t\t\t<li class=\"elementor-icon-list-item\">\n\t\t\t\t\t\t\t\t\t\t\t<a href=\"https:\/\/arquivo.ao\/services\/creation-of-the-archive-book\/\">\n\n\t\t\t\t\t\t\t\t\t\t\t\t<span class=\"elementor-icon-list-icon\">\n\t\t\t\t\t\t\t<svg aria-hidden=\"true\" class=\"e-font-icon-svg e-fas-angle-right\" viewBox=\"0 0 256 512\" xmlns=\"http:\/\/www.w3.org\/2000\/svg\"><path d=\"M224.3 273l-136 136c-9.4 9.4-24.6 9.4-33.9 0l-22.6-22.6c-9.4-9.4-9.4-24.6 0-33.9l96.4-96.4-96.4-96.4c-9.4-9.4-9.4-24.6 0-33.9L54.3 103c9.4-9.4 24.6-9.4 33.9 0l136 136c9.5 9.4 9.5 24.6.1 34z\"><\/path><\/svg>\t\t\t\t\t\t<\/span>\n\t\t\t\t\t\t\t\t\t\t<span class=\"elementor-icon-list-text\">Cr\u00e9ation du livre d'archives<\/span>\n\t\t\t\t\t\t\t\t\t\t\t<\/a>\n\t\t\t\t\t\t\t\t\t<\/li>\n\t\t\t\t\t\t\t\t<li class=\"elementor-icon-list-item\">\n\t\t\t\t\t\t\t\t\t\t\t<a href=\"https:\/\/arquivo.ao\/services\/scanning\/\">\n\n\t\t\t\t\t\t\t\t\t\t\t\t<span class=\"elementor-icon-list-icon\">\n\t\t\t\t\t\t\t<svg aria-hidden=\"true\" class=\"e-font-icon-svg e-fas-angle-right\" viewBox=\"0 0 256 512\" xmlns=\"http:\/\/www.w3.org\/2000\/svg\"><path d=\"M224.3 273l-136 136c-9.4 9.4-24.6 9.4-33.9 0l-22.6-22.6c-9.4-9.4-9.4-24.6 0-33.9l96.4-96.4-96.4-96.4c-9.4-9.4-9.4-24.6 0-33.9L54.3 103c9.4-9.4 24.6-9.4 33.9 0l136 136c9.5 9.4 9.5 24.6.1 34z\"><\/path><\/svg>\t\t\t\t\t\t<\/span>\n\t\t\t\t\t\t\t\t\t\t<span class=\"elementor-icon-list-text\">Num\u00e9risation<\/span>\n\t\t\t\t\t\t\t\t\t\t\t<\/a>\n\t\t\t\t\t\t\t\t\t<\/li>\n\t\t\t\t\t\t\t\t<li class=\"elementor-icon-list-item\">\n\t\t\t\t\t\t\t\t\t\t\t<a href=\"https:\/\/arquivo.ao\/services\/microfilming\/\">\n\n\t\t\t\t\t\t\t\t\t\t\t\t<span class=\"elementor-icon-list-icon\">\n\t\t\t\t\t\t\t<svg aria-hidden=\"true\" class=\"e-font-icon-svg e-fas-angle-right\" viewBox=\"0 0 256 512\" xmlns=\"http:\/\/www.w3.org\/2000\/svg\"><path d=\"M224.3 273l-136 136c-9.4 9.4-24.6 9.4-33.9 0l-22.6-22.6c-9.4-9.4-9.4-24.6 0-33.9l96.4-96.4-96.4-96.4c-9.4-9.4-9.4-24.6 0-33.9L54.3 103c9.4-9.4 24.6-9.4 33.9 0l136 136c9.5 9.4 9.5 24.6.1 34z\"><\/path><\/svg>\t\t\t\t\t\t<\/span>\n\t\t\t\t\t\t\t\t\t\t<span class=\"elementor-icon-list-text\">Microfilmage<\/span>\n\t\t\t\t\t\t\t\t\t\t\t<\/a>\n\t\t\t\t\t\t\t\t\t<\/li>\n\t\t\t\t\t\t\t\t<li class=\"elementor-icon-list-item\">\n\t\t\t\t\t\t\t\t\t\t\t<a href=\"https:\/\/arquivo.ao\/services\/ocr-scanning\/\">\n\n\t\t\t\t\t\t\t\t\t\t\t\t<span class=\"elementor-icon-list-icon\">\n\t\t\t\t\t\t\t<svg aria-hidden=\"true\" class=\"e-font-icon-svg e-fas-angle-right\" viewBox=\"0 0 256 512\" xmlns=\"http:\/\/www.w3.org\/2000\/svg\"><path d=\"M224.3 273l-136 136c-9.4 9.4-24.6 9.4-33.9 0l-22.6-22.6c-9.4-9.4-9.4-24.6 0-33.9l96.4-96.4-96.4-96.4c-9.4-9.4-9.4-24.6 0-33.9L54.3 103c9.4-9.4 24.6-9.4 33.9 0l136 136c9.5 9.4 9.5 24.6.1 34z\"><\/path><\/svg>\t\t\t\t\t\t<\/span>\n\t\t\t\t\t\t\t\t\t\t<span class=\"elementor-icon-list-text\">Num\u00e9risation OCR<\/span>\n\t\t\t\t\t\t\t\t\t\t\t<\/a>\n\t\t\t\t\t\t\t\t\t<\/li>\n\t\t\t\t\t\t\t\t<li class=\"elementor-icon-list-item\">\n\t\t\t\t\t\t\t\t\t\t\t<a href=\"https:\/\/arquivo.ao\/services\/arquivo-cloud-dms-electronic-document-archiving\/\">\n\n\t\t\t\t\t\t\t\t\t\t\t\t<span class=\"elementor-icon-list-icon\">\n\t\t\t\t\t\t\t<svg aria-hidden=\"true\" class=\"e-font-icon-svg e-fas-angle-right\" viewBox=\"0 0 256 512\" xmlns=\"http:\/\/www.w3.org\/2000\/svg\"><path d=\"M224.3 273l-136 136c-9.4 9.4-24.6 9.4-33.9 0l-22.6-22.6c-9.4-9.4-9.4-24.6 0-33.9l96.4-96.4-96.4-96.4c-9.4-9.4-9.4-24.6 0-33.9L54.3 103c9.4-9.4 24.6-9.4 33.9 0l136 136c9.5 9.4 9.5 24.6.1 34z\"><\/path><\/svg>\t\t\t\t\t\t<\/span>\n\t\t\t\t\t\t\t\t\t\t<span class=\"elementor-icon-list-text\">ARQUIVO\u2122 Cloud DMS<\/span>\n\t\t\t\t\t\t\t\t\t\t\t<\/a>\n\t\t\t\t\t\t\t\t\t<\/li>\n\t\t\t\t\t\t\t\t<li class=\"elementor-icon-list-item\">\n\t\t\t\t\t\t\t\t\t\t\t<a href=\"https:\/\/arquivo.ao\/services\/shredding-of-documentation\/\">\n\n\t\t\t\t\t\t\t\t\t\t\t\t<span class=\"elementor-icon-list-icon\">\n\t\t\t\t\t\t\t<svg aria-hidden=\"true\" class=\"e-font-icon-svg e-fas-angle-right\" viewBox=\"0 0 256 512\" xmlns=\"http:\/\/www.w3.org\/2000\/svg\"><path d=\"M224.3 273l-136 136c-9.4 9.4-24.6 9.4-33.9 0l-22.6-22.6c-9.4-9.4-9.4-24.6 0-33.9l96.4-96.4-96.4-96.4c-9.4-9.4-9.4-24.6 0-33.9L54.3 103c9.4-9.4 24.6-9.4 33.9 0l136 136c9.5 9.4 9.5 24.6.1 34z\"><\/path><\/svg>\t\t\t\t\t\t<\/span>\n\t\t\t\t\t\t\t\t\t\t<span class=\"elementor-icon-list-text\">Destruction de la documentation<\/span>\n\t\t\t\t\t\t\t\t\t\t\t<\/a>\n\t\t\t\t\t\t\t\t\t<\/li>\n\t\t\t\t\t\t<\/ul>\n\t\t\t\t\t\t<\/div>\n\t\t\t\t<\/div>\n\t\t\t\t\t<\/div>\n\t\t<\/div>\n\t\t\t\t\t<\/div>\n\t\t<\/section>\n\t\t\t\t\t<\/div>\n\t\t<\/div>\n\t\t\t\t\t<\/div>\n\t\t<\/section>\n\t\t\t\t<\/div>\n\t\t","protected":false},"excerpt":{"rendered":"<p>Accueil Archivage de la documentation papier \/\/ Archivage de la documentation papier La soci\u00e9t\u00e9 ARQUIVO, avec ses entreprises partenaires, bas\u00e9e \u00e0 Belgrade, se sp\u00e9cialise avec succ\u00e8s dans le d\u00e9veloppement, la mise en \u0153uvre, l&rsquo;int\u00e9gration et la maintenance de syst\u00e8mes de gestion de documents, de solutions d&rsquo;archivage et de microfilmage, ainsi que de solutions pour les [&hellip;]<\/p>\n","protected":false},"author":1,"featured_media":0,"parent":1025,"menu_order":0,"comment_status":"closed","ping_status":"closed","template":"","meta":{"footnotes":""},"class_list":["post-1030","page","type-page","status-publish","hentry"],"_links":{"self":[{"href":"https:\/\/arquivo.ao\/fr\/wp-json\/wp\/v2\/pages\/1030","targetHints":{"allow":["GET"]}}],"collection":[{"href":"https:\/\/arquivo.ao\/fr\/wp-json\/wp\/v2\/pages"}],"about":[{"href":"https:\/\/arquivo.ao\/fr\/wp-json\/wp\/v2\/types\/page"}],"author":[{"embeddable":true,"href":"https:\/\/arquivo.ao\/fr\/wp-json\/wp\/v2\/users\/1"}],"replies":[{"embeddable":true,"href":"https:\/\/arquivo.ao\/fr\/wp-json\/wp\/v2\/comments?post=1030"}],"version-history":[{"count":1,"href":"https:\/\/arquivo.ao\/fr\/wp-json\/wp\/v2\/pages\/1030\/revisions"}],"predecessor-version":[{"id":1036,"href":"https:\/\/arquivo.ao\/fr\/wp-json\/wp\/v2\/pages\/1030\/revisions\/1036"}],"up":[{"embeddable":true,"href":"https:\/\/arquivo.ao\/fr\/wp-json\/wp\/v2\/pages\/1025"}],"wp:attachment":[{"href":"https:\/\/arquivo.ao\/fr\/wp-json\/wp\/v2\/media?parent=1030"}],"curies":[{"name":"wp","href":"https:\/\/api.w.org\/{rel}","templated":true}]}}