{"id":1148,"date":"2024-10-28T22:47:28","date_gmt":"2024-10-28T22:47:28","guid":{"rendered":"https:\/\/arquivo.ao\/signotec-panneaux-de-signature\/"},"modified":"2024-10-29T01:54:08","modified_gmt":"2024-10-29T01:54:08","slug":"signotec-panneaux-de-signature","status":"publish","type":"page","link":"https:\/\/arquivo.ao\/fr\/signotec-panneaux-de-signature\/","title":{"rendered":"SIGNOTEC Panneaux de signature"},"content":{"rendered":"\t\t<div data-elementor-type=\"wp-page\" data-elementor-id=\"1148\" class=\"elementor elementor-1148 elementor-484\" data-elementor-post-type=\"page\">\n\t\t\t\t\t\t<section class=\"elementor-section elementor-top-section elementor-element elementor-element-12eab05a elementor-section-boxed elementor-section-height-default elementor-section-height-default\" data-id=\"12eab05a\" data-element_type=\"section\">\n\t\t\t\t\t\t<div class=\"elementor-container elementor-column-gap-default\">\n\t\t\t\t\t<div class=\"elementor-column elementor-col-100 elementor-top-column elementor-element elementor-element-3bc3c1a2\" data-id=\"3bc3c1a2\" data-element_type=\"column\">\n\t\t\t<div class=\"elementor-widget-wrap elementor-element-populated\">\n\t\t\t\t\t\t<div class=\"elementor-element elementor-element-436cd4ef elementor-icon-list--layout-inline elementor-list-item-link-full_width elementor-widget elementor-widget-icon-list\" data-id=\"436cd4ef\" data-element_type=\"widget\" data-widget_type=\"icon-list.default\">\n\t\t\t\t<div class=\"elementor-widget-container\">\n\t\t\t\t\t\t\t<ul class=\"elementor-icon-list-items elementor-inline-items\">\n\t\t\t\t\t\t\t<li class=\"elementor-icon-list-item elementor-inline-item\">\n\t\t\t\t\t\t\t\t\t\t\t<a href=\"https:\/\/arquivo.ao\/fr\/\">\n\n\t\t\t\t\t\t\t\t\t\t\t<span class=\"elementor-icon-list-text\">Accueil<\/span>\n\t\t\t\t\t\t\t\t\t\t\t<\/a>\n\t\t\t\t\t\t\t\t\t<\/li>\n\t\t\t\t\t\t\t\t<li class=\"elementor-icon-list-item elementor-inline-item\">\n\t\t\t\t\t\t\t\t\t\t\t<a href=\"https:\/\/arquivo.ao\/fr\/signotec-panneaux-de-signature\/\">\n\n\t\t\t\t\t\t\t\t\t\t\t\t<span class=\"elementor-icon-list-icon\">\n\t\t\t\t\t\t\t<svg aria-hidden=\"true\" class=\"e-font-icon-svg e-fas-angle-double-right\" viewBox=\"0 0 448 512\" xmlns=\"http:\/\/www.w3.org\/2000\/svg\"><path d=\"M224.3 273l-136 136c-9.4 9.4-24.6 9.4-33.9 0l-22.6-22.6c-9.4-9.4-9.4-24.6 0-33.9l96.4-96.4-96.4-96.4c-9.4-9.4-9.4-24.6 0-33.9L54.3 103c9.4-9.4 24.6-9.4 33.9 0l136 136c9.5 9.4 9.5 24.6.1 34zm192-34l-136-136c-9.4-9.4-24.6-9.4-33.9 0l-22.6 22.6c-9.4 9.4-9.4 24.6 0 33.9l96.4 96.4-96.4 96.4c-9.4 9.4-9.4 24.6 0 33.9l22.6 22.6c9.4 9.4 24.6 9.4 33.9 0l136-136c9.4-9.2 9.4-24.4 0-33.8z\"><\/path><\/svg>\t\t\t\t\t\t<\/span>\n\t\t\t\t\t\t\t\t\t\t<span class=\"elementor-icon-list-text\">Panneaux de signature<\/span>\n\t\t\t\t\t\t\t\t\t\t\t<\/a>\n\t\t\t\t\t\t\t\t\t<\/li>\n\t\t\t\t\t\t<\/ul>\n\t\t\t\t\t\t<\/div>\n\t\t\t\t<\/div>\n\t\t\t\t\t<\/div>\n\t\t<\/div>\n\t\t\t\t\t<\/div>\n\t\t<\/section>\n\t\t\t\t<section class=\"elementor-section elementor-top-section elementor-element elementor-element-e78c024 elementor-section-boxed elementor-section-height-default elementor-section-height-default\" data-id=\"e78c024\" data-element_type=\"section\">\n\t\t\t\t\t\t<div class=\"elementor-container elementor-column-gap-default\">\n\t\t\t\t\t<div class=\"elementor-column elementor-col-100 elementor-top-column elementor-element elementor-element-5c24e0b8\" data-id=\"5c24e0b8\" data-element_type=\"column\">\n\t\t\t<div class=\"elementor-widget-wrap elementor-element-populated\">\n\t\t\t\t\t\t<div class=\"elementor-element elementor-element-77b506b5 elementor-widget__width-initial elementor-widget elementor-widget-heading\" data-id=\"77b506b5\" data-element_type=\"widget\" data-widget_type=\"heading.default\">\n\t\t\t\t<div class=\"elementor-widget-container\">\n\t\t\t\t\t<h2 class=\"elementor-heading-title elementor-size-default\">\/\/ SIGNOTEC - Panneaux de signalisation<\/h2>\t\t\t\t<\/div>\n\t\t\t\t<\/div>\n\t\t\t\t\t<\/div>\n\t\t<\/div>\n\t\t\t\t\t<\/div>\n\t\t<\/section>\n\t\t\t\t<section class=\"elementor-section elementor-top-section elementor-element elementor-element-c9b5ca5 elementor-section-boxed elementor-section-height-default elementor-section-height-default\" data-id=\"c9b5ca5\" data-element_type=\"section\">\n\t\t\t\t\t\t<div class=\"elementor-container elementor-column-gap-default\">\n\t\t\t\t\t<div class=\"elementor-column elementor-col-66 elementor-top-column elementor-element elementor-element-bc382c2\" data-id=\"bc382c2\" data-element_type=\"column\">\n\t\t\t<div class=\"elementor-widget-wrap elementor-element-populated\">\n\t\t\t\t\t\t<div class=\"elementor-element elementor-element-696b16a elementor-widget elementor-widget-text-editor\" data-id=\"696b16a\" data-element_type=\"widget\" data-widget_type=\"text-editor.default\">\n\t\t\t\t<div class=\"elementor-widget-container\">\n\t\t\t\t\t\t\t\t\t<div class=\"flex-shrink-0 flex flex-col relative items-end\">\n<div class=\"pt-0\">\n<div class=\"gizmo-bot-avatar flex h-8 w-8 items-center justify-center overflow-hidden rounded-full\">\n<div class=\"relative p-1 rounded-sm flex items-center justify-center bg-token-main-surface-primary text-token-text-primary h-8 w-8\">\n<p><strong>Arquivo<\/strong> est partenaire et impl\u00e9menteur de Signotec GmbH, le principal fabricant de solutions mat\u00e9rielles et logicielles pour la signature \u00e9lectronique de documents. Depuis sa cr\u00e9ation en 2000, Signotec est devenu un leader technologique mondial qui b\u00e9n\u00e9ficie de la confiance de nombreuses r\u00e9f\u00e9rences de renom dans un large \u00e9ventail de secteurs. Son portefeuille comprend diverses tablettes de signature ainsi que des solutions logicielles compl\u00e8tes pour la signature stationnaire, mobile et \u00e0 distance.  <\/p>\n<p>Tous les blocs de signature \u00e9lectronique Signotec, y compris les mod\u00e8les Delta Pad, Sigma, Zeta, Omega, Gama et Kappa, sont fabriqu\u00e9s en Allemagne et garantissent une qualit\u00e9 in\u00e9gal\u00e9e. En outre, ils sont dot\u00e9s de m\u00e9canismes de s\u00e9curit\u00e9 uniques et brevet\u00e9s qui prot\u00e8gent les donn\u00e9es biom\u00e9triques et l&rsquo;int\u00e9grit\u00e9 des documents. Les composants mat\u00e9riels et logiciels sont parfaitement align\u00e9s, ce qui garantit une interaction des donn\u00e9es particuli\u00e8rement s\u00fbre.  <\/p>\n<p>La signature num\u00e9rique, l&rsquo;authentification des utilisateurs ou la cr\u00e9ation de documents juridiquement contraignants &#8211; tout cela devient plus facile et plus s\u00fbr gr\u00e2ce aux solutions de signature de Signotec. La signature est int\u00e9gr\u00e9e directement dans le document \u00e9lectronique, ce qui \u00e9vite les interruptions de m\u00e9dia co\u00fbteuses et chronophages entre les processus num\u00e9riques et analogiques. Les documents \u00e9lectroniques sont prot\u00e9g\u00e9s par une signature num\u00e9rique, conforme \u00e0 eIDAS, et leur authenticit\u00e9 peut \u00eatre facilement v\u00e9rifi\u00e9e.  <\/p>\n<\/div>\n<\/div>\n<\/div>\n<\/div>\n\t\t\t\t\t\t\t\t<\/div>\n\t\t\t\t<\/div>\n\t\t\t\t\t<\/div>\n\t\t<\/div>\n\t\t\t\t<div class=\"elementor-column elementor-col-33 elementor-top-column elementor-element elementor-element-bb0283f\" data-id=\"bb0283f\" data-element_type=\"column\">\n\t\t\t<div class=\"elementor-widget-wrap elementor-element-populated\">\n\t\t\t\t\t\t<div class=\"elementor-element elementor-element-873110b elementor-invisible elementor-widget elementor-widget-image\" data-id=\"873110b\" data-element_type=\"widget\" data-settings=\"{&quot;_animation&quot;:&quot;fadeInLeft&quot;}\" data-widget_type=\"image.default\">\n\t\t\t\t<div class=\"elementor-widget-container\">\n\t\t\t\t\t\t\t\t\t\t\t\t\t\t\t<img fetchpriority=\"high\" decoding=\"async\" width=\"800\" height=\"600\" src=\"https:\/\/arquivo.ao\/wp-content\/uploads\/2024\/10\/landingpage_pads_collage_test-1024x768.jpg\" class=\"attachment-large size-large wp-image-979\" alt=\"\" srcset=\"https:\/\/arquivo.ao\/wp-content\/uploads\/2024\/10\/landingpage_pads_collage_test-1024x768.jpg 1024w, https:\/\/arquivo.ao\/wp-content\/uploads\/2024\/10\/landingpage_pads_collage_test-300x225.jpg 300w, https:\/\/arquivo.ao\/wp-content\/uploads\/2024\/10\/landingpage_pads_collage_test-768x576.jpg 768w, https:\/\/arquivo.ao\/wp-content\/uploads\/2024\/10\/landingpage_pads_collage_test.jpg 1161w\" sizes=\"(max-width: 800px) 100vw, 800px\" \/>\t\t\t\t\t\t\t\t\t\t\t\t\t\t\t<\/div>\n\t\t\t\t<\/div>\n\t\t\t\t\t<\/div>\n\t\t<\/div>\n\t\t\t\t\t<\/div>\n\t\t<\/section>\n\t\t\t\t<\/div>\n\t\t","protected":false},"excerpt":{"rendered":"<p>Accueil Panneaux de signature \/\/ SIGNOTEC &#8211; Panneaux de signalisation Arquivo est partenaire et impl\u00e9menteur de Signotec GmbH, le principal fabricant de solutions mat\u00e9rielles et logicielles pour la signature \u00e9lectronique de documents. Depuis sa cr\u00e9ation en 2000, Signotec est devenu un leader technologique mondial qui b\u00e9n\u00e9ficie de la confiance de nombreuses r\u00e9f\u00e9rences de renom dans [&hellip;]<\/p>\n","protected":false},"author":1,"featured_media":0,"parent":0,"menu_order":0,"comment_status":"closed","ping_status":"closed","template":"","meta":{"footnotes":""},"class_list":["post-1148","page","type-page","status-publish","hentry"],"_links":{"self":[{"href":"https:\/\/arquivo.ao\/fr\/wp-json\/wp\/v2\/pages\/1148","targetHints":{"allow":["GET"]}}],"collection":[{"href":"https:\/\/arquivo.ao\/fr\/wp-json\/wp\/v2\/pages"}],"about":[{"href":"https:\/\/arquivo.ao\/fr\/wp-json\/wp\/v2\/types\/page"}],"author":[{"embeddable":true,"href":"https:\/\/arquivo.ao\/fr\/wp-json\/wp\/v2\/users\/1"}],"replies":[{"embeddable":true,"href":"https:\/\/arquivo.ao\/fr\/wp-json\/wp\/v2\/comments?post=1148"}],"version-history":[{"count":1,"href":"https:\/\/arquivo.ao\/fr\/wp-json\/wp\/v2\/pages\/1148\/revisions"}],"predecessor-version":[{"id":1149,"href":"https:\/\/arquivo.ao\/fr\/wp-json\/wp\/v2\/pages\/1148\/revisions\/1149"}],"wp:attachment":[{"href":"https:\/\/arquivo.ao\/fr\/wp-json\/wp\/v2\/media?parent=1148"}],"curies":[{"name":"wp","href":"https:\/\/api.w.org\/{rel}","templated":true}]}}