{"id":1155,"date":"2024-10-28T22:44:05","date_gmt":"2024-10-28T22:44:05","guid":{"rendered":"https:\/\/arquivo.ao\/scanners-book-eye\/"},"modified":"2024-10-29T01:54:13","modified_gmt":"2024-10-29T01:54:13","slug":"scanners-book-eye","status":"publish","type":"page","link":"https:\/\/arquivo.ao\/fr\/scanners-de-livres\/scanners-book-eye\/","title":{"rendered":"Scanners BOOK EYE"},"content":{"rendered":"\t\t<div data-elementor-type=\"wp-page\" data-elementor-id=\"1155\" class=\"elementor elementor-1155 elementor-476\" data-elementor-post-type=\"page\">\n\t\t\t\t\t\t<section class=\"elementor-section elementor-top-section elementor-element elementor-element-12eab05a elementor-section-boxed elementor-section-height-default elementor-section-height-default\" data-id=\"12eab05a\" data-element_type=\"section\">\n\t\t\t\t\t\t<div class=\"elementor-container elementor-column-gap-default\">\n\t\t\t\t\t<div class=\"elementor-column elementor-col-100 elementor-top-column elementor-element elementor-element-3bc3c1a2\" data-id=\"3bc3c1a2\" data-element_type=\"column\">\n\t\t\t<div class=\"elementor-widget-wrap elementor-element-populated\">\n\t\t\t\t\t\t<div class=\"elementor-element elementor-element-436cd4ef elementor-icon-list--layout-inline elementor-list-item-link-full_width elementor-widget elementor-widget-icon-list\" data-id=\"436cd4ef\" data-element_type=\"widget\" data-widget_type=\"icon-list.default\">\n\t\t\t\t<div class=\"elementor-widget-container\">\n\t\t\t\t\t\t\t<ul class=\"elementor-icon-list-items elementor-inline-items\">\n\t\t\t\t\t\t\t<li class=\"elementor-icon-list-item elementor-inline-item\">\n\t\t\t\t\t\t\t\t\t\t\t<a href=\"https:\/\/arquivo.ao\/fr\/\">\n\n\t\t\t\t\t\t\t\t\t\t\t<span class=\"elementor-icon-list-text\">Accueil<\/span>\n\t\t\t\t\t\t\t\t\t\t\t<\/a>\n\t\t\t\t\t\t\t\t\t<\/li>\n\t\t\t\t\t\t\t\t<li class=\"elementor-icon-list-item elementor-inline-item\">\n\t\t\t\t\t\t\t\t\t\t\t<a href=\"https:\/\/arquivo.ao\/fr\/scanners-de-livres\/scanners-book-eye\/\">\n\n\t\t\t\t\t\t\t\t\t\t\t\t<span class=\"elementor-icon-list-icon\">\n\t\t\t\t\t\t\t<svg aria-hidden=\"true\" class=\"e-font-icon-svg e-fas-angle-double-right\" viewBox=\"0 0 448 512\" xmlns=\"http:\/\/www.w3.org\/2000\/svg\"><path d=\"M224.3 273l-136 136c-9.4 9.4-24.6 9.4-33.9 0l-22.6-22.6c-9.4-9.4-9.4-24.6 0-33.9l96.4-96.4-96.4-96.4c-9.4-9.4-9.4-24.6 0-33.9L54.3 103c9.4-9.4 24.6-9.4 33.9 0l136 136c9.5 9.4 9.5 24.6.1 34zm192-34l-136-136c-9.4-9.4-24.6-9.4-33.9 0l-22.6 22.6c-9.4 9.4-9.4 24.6 0 33.9l96.4 96.4-96.4 96.4c-9.4 9.4-9.4 24.6 0 33.9l22.6 22.6c9.4 9.4 24.6 9.4 33.9 0l136-136c9.4-9.2 9.4-24.4 0-33.8z\"><\/path><\/svg>\t\t\t\t\t\t<\/span>\n\t\t\t\t\t\t\t\t\t\t<span class=\"elementor-icon-list-text\">Scanners de l'\u0153il du livre<\/span>\n\t\t\t\t\t\t\t\t\t\t\t<\/a>\n\t\t\t\t\t\t\t\t\t<\/li>\n\t\t\t\t\t\t<\/ul>\n\t\t\t\t\t\t<\/div>\n\t\t\t\t<\/div>\n\t\t\t\t\t<\/div>\n\t\t<\/div>\n\t\t\t\t\t<\/div>\n\t\t<\/section>\n\t\t\t\t<section class=\"elementor-section elementor-top-section elementor-element elementor-element-e78c024 elementor-section-boxed elementor-section-height-default elementor-section-height-default\" data-id=\"e78c024\" data-element_type=\"section\">\n\t\t\t\t\t\t<div class=\"elementor-container elementor-column-gap-default\">\n\t\t\t\t\t<div class=\"elementor-column elementor-col-100 elementor-top-column elementor-element elementor-element-5c24e0b8\" data-id=\"5c24e0b8\" data-element_type=\"column\">\n\t\t\t<div class=\"elementor-widget-wrap elementor-element-populated\">\n\t\t\t\t\t\t<div class=\"elementor-element elementor-element-77b506b5 elementor-widget__width-initial elementor-widget elementor-widget-heading\" data-id=\"77b506b5\" data-element_type=\"widget\" data-widget_type=\"heading.default\">\n\t\t\t\t<div class=\"elementor-widget-container\">\n\t\t\t\t\t<h2 class=\"elementor-heading-title elementor-size-default\">\/\/ ACC\u00c8S \u00c0 L'IMAGE - Scanners de l'\u0153il du livre<\/h2>\t\t\t\t<\/div>\n\t\t\t\t<\/div>\n\t\t\t\t\t<\/div>\n\t\t<\/div>\n\t\t\t\t\t<\/div>\n\t\t<\/section>\n\t\t\t\t<section class=\"elementor-section elementor-top-section elementor-element elementor-element-c9b5ca5 elementor-section-boxed elementor-section-height-default elementor-section-height-default\" data-id=\"c9b5ca5\" data-element_type=\"section\">\n\t\t\t\t\t\t<div class=\"elementor-container elementor-column-gap-default\">\n\t\t\t\t\t<div class=\"elementor-column elementor-col-66 elementor-top-column elementor-element elementor-element-bc382c2\" data-id=\"bc382c2\" data-element_type=\"column\">\n\t\t\t<div class=\"elementor-widget-wrap elementor-element-populated\">\n\t\t\t\t\t\t<div class=\"elementor-element elementor-element-50fbf4b elementor-widget elementor-widget-heading\" data-id=\"50fbf4b\" data-element_type=\"widget\" data-widget_type=\"heading.default\">\n\t\t\t\t<div class=\"elementor-widget-container\">\n\t\t\t\t\t<h2 class=\"elementor-heading-title elementor-size-default\">Bookeye\u00ae 5 V2 Scanner de r\u00e9troprojection pour le format A2+.<\/h2>\t\t\t\t<\/div>\n\t\t\t\t<\/div>\n\t\t\t\t<div class=\"elementor-element elementor-element-696b16a elementor-widget elementor-widget-text-editor\" data-id=\"696b16a\" data-element_type=\"widget\" data-widget_type=\"text-editor.default\">\n\t\t\t\t<div class=\"elementor-widget-container\">\n\t\t\t\t\t\t\t\t\t<div class=\"flex-shrink-0 flex flex-col relative items-end\">\n<div class=\"pt-0\">\n<div class=\"gizmo-bot-avatar flex h-8 w-8 items-center justify-center overflow-hidden rounded-full\">\n<div class=\"relative p-1 rounded-sm flex items-center justify-center bg-token-main-surface-primary text-token-text-primary h-8 w-8\">\n<p>Le Bookeye\u00ae 5 V2 est un scanner de livres pour r\u00e9troprojecteur qui offre une efficacit\u00e9 maximale tout au long du processus de num\u00e9risation. Gr\u00e2ce \u00e0 sa conception modulaire, il est possible de passer facilement du mod\u00e8le de base \u00e0 la version Kiosque ou Professionnelle, en fonction du budget et des besoins de num\u00e9risation sp\u00e9cifiques. <\/p>\n<p>Ce scanner avanc\u00e9 produit rapidement des images num\u00e9riques de haute qualit\u00e9, gr\u00e2ce \u00e0 des fonctionnalit\u00e9s de pointe id\u00e9ales pour la num\u00e9risation de qualit\u00e9 professionnelle. Contrairement \u00e0 une simple cam\u00e9ra sur un cadre, le Bookeye\u00ae 5 V2 est m\u00e9ticuleusement con\u00e7u comme un scanner de livres d\u00e9di\u00e9 \u00e0 une utilisation en libre-service, acceptant des documents jusqu&rsquo;\u00e0 14 % plus grands que le format A2 (460 x 620 mm). Son logiciel convivial est int\u00e9gr\u00e9 au syst\u00e8me d&rsquo;exploitation du scanner, ce qui garantit une facilit\u00e9 d&rsquo;utilisation pour tous les types d&rsquo;op\u00e9rateurs.  <\/p>\n<p>\u00c9quip\u00e9 d&rsquo;un \u00e9cran multitouch Full HD de 21 pouces, les op\u00e9rateurs peuvent contr\u00f4ler la qualit\u00e9 de l&rsquo;image en temps r\u00e9el et effectuer les ajustements n\u00e9cessaires. Il s&rsquo;agit donc d&rsquo;une solution id\u00e9ale pour les biblioth\u00e8ques, les archives et les environnements de bureau o\u00f9 une num\u00e9risation ou une copie de haute qualit\u00e9 est requise. <\/p>\n<p>Tous les scanners Image Access, y compris ce mod\u00e8le, sont \u00e9quip\u00e9s d&rsquo;un ordinateur int\u00e9gr\u00e9 fonctionnant sous un syst\u00e8me d&rsquo;exploitation Linux, ce qui les rend totalement autonomes et \u00e9limine le besoin d&rsquo;un poste de travail suppl\u00e9mentaire. Chaque mod\u00e8le comprend le logiciel de num\u00e9risation Scan2Net pr\u00e9install\u00e9, ce qui simplifie la configuration et l&rsquo;utilisation directement \u00e0 partir du scanner lui-m\u00eame. <\/p>\n<\/div>\n<\/div>\n<\/div>\n<\/div>\n\t\t\t\t\t\t\t\t<\/div>\n\t\t\t\t<\/div>\n\t\t\t\t\t<\/div>\n\t\t<\/div>\n\t\t\t\t<div class=\"elementor-column elementor-col-33 elementor-top-column elementor-element elementor-element-bb0283f\" data-id=\"bb0283f\" data-element_type=\"column\">\n\t\t\t<div class=\"elementor-widget-wrap elementor-element-populated\">\n\t\t\t\t\t\t<div class=\"elementor-element elementor-element-873110b elementor-invisible elementor-widget elementor-widget-image\" data-id=\"873110b\" data-element_type=\"widget\" data-settings=\"{&quot;_animation&quot;:&quot;fadeInLeft&quot;}\" data-widget_type=\"image.default\">\n\t\t\t\t<div class=\"elementor-widget-container\">\n\t\t\t\t\t\t\t\t\t\t\t\t\t\t\t<img fetchpriority=\"high\" decoding=\"async\" width=\"284\" height=\"178\" src=\"https:\/\/arquivo.ao\/wp-content\/uploads\/2024\/10\/download-1.jpeg\" class=\"attachment-large size-large wp-image-975\" alt=\"\" \/>\t\t\t\t\t\t\t\t\t\t\t\t\t\t\t<\/div>\n\t\t\t\t<\/div>\n\t\t\t\t<div class=\"elementor-element elementor-element-96d679c elementor-invisible elementor-widget elementor-widget-image\" data-id=\"96d679c\" data-element_type=\"widget\" data-settings=\"{&quot;_animation&quot;:&quot;fadeInLeft&quot;}\" data-widget_type=\"image.default\">\n\t\t\t\t<div class=\"elementor-widget-container\">\n\t\t\t\t\t\t\t\t\t\t\t\t\t\t\t<img decoding=\"async\" width=\"223\" height=\"226\" src=\"https:\/\/arquivo.ao\/wp-content\/uploads\/2024\/10\/download-1-1.jpeg\" class=\"attachment-large size-large wp-image-977\" alt=\"\" \/>\t\t\t\t\t\t\t\t\t\t\t\t\t\t\t<\/div>\n\t\t\t\t<\/div>\n\t\t\t\t\t<\/div>\n\t\t<\/div>\n\t\t\t\t\t<\/div>\n\t\t<\/section>\n\t\t\t\t<\/div>\n\t\t","protected":false},"excerpt":{"rendered":"<p>Accueil Scanners de l&rsquo;\u0153il du livre \/\/ ACC\u00c8S \u00c0 L&rsquo;IMAGE &#8211; Scanners de l&rsquo;\u0153il du livre Bookeye\u00ae 5 V2 Scanner de r\u00e9troprojection pour le format A2+. Le Bookeye\u00ae 5 V2 est un scanner de livres pour r\u00e9troprojecteur qui offre une efficacit\u00e9 maximale tout au long du processus de num\u00e9risation. Gr\u00e2ce \u00e0 sa conception modulaire, il [&hellip;]<\/p>\n","protected":false},"author":1,"featured_media":0,"parent":1172,"menu_order":0,"comment_status":"closed","ping_status":"closed","template":"","meta":{"footnotes":""},"class_list":["post-1155","page","type-page","status-publish","hentry"],"_links":{"self":[{"href":"https:\/\/arquivo.ao\/fr\/wp-json\/wp\/v2\/pages\/1155","targetHints":{"allow":["GET"]}}],"collection":[{"href":"https:\/\/arquivo.ao\/fr\/wp-json\/wp\/v2\/pages"}],"about":[{"href":"https:\/\/arquivo.ao\/fr\/wp-json\/wp\/v2\/types\/page"}],"author":[{"embeddable":true,"href":"https:\/\/arquivo.ao\/fr\/wp-json\/wp\/v2\/users\/1"}],"replies":[{"embeddable":true,"href":"https:\/\/arquivo.ao\/fr\/wp-json\/wp\/v2\/comments?post=1155"}],"version-history":[{"count":1,"href":"https:\/\/arquivo.ao\/fr\/wp-json\/wp\/v2\/pages\/1155\/revisions"}],"predecessor-version":[{"id":1157,"href":"https:\/\/arquivo.ao\/fr\/wp-json\/wp\/v2\/pages\/1155\/revisions\/1157"}],"up":[{"embeddable":true,"href":"https:\/\/arquivo.ao\/fr\/wp-json\/wp\/v2\/pages\/1172"}],"wp:attachment":[{"href":"https:\/\/arquivo.ao\/fr\/wp-json\/wp\/v2\/media?parent=1155"}],"curies":[{"name":"wp","href":"https:\/\/api.w.org\/{rel}","templated":true}]}}