{"id":1160,"date":"2024-10-28T22:09:39","date_gmt":"2024-10-28T22:09:39","guid":{"rendered":"https:\/\/arquivo.ao\/scanners-de-microfilms-e-image-data\/"},"modified":"2024-10-29T01:54:17","modified_gmt":"2024-10-29T01:54:17","slug":"scanners-de-microfilms-e-image-data","status":"publish","type":"page","link":"https:\/\/arquivo.ao\/fr\/microfilm\/scanners-de-microfilms-e-image-data\/","title":{"rendered":"Scanners de microfilms e-Image Data"},"content":{"rendered":"\t\t<div data-elementor-type=\"wp-page\" data-elementor-id=\"1160\" class=\"elementor elementor-1160 elementor-451\" data-elementor-post-type=\"page\">\n\t\t\t\t\t\t<section class=\"elementor-section elementor-top-section elementor-element elementor-element-12eab05a elementor-section-boxed elementor-section-height-default elementor-section-height-default\" data-id=\"12eab05a\" data-element_type=\"section\">\n\t\t\t\t\t\t<div class=\"elementor-container elementor-column-gap-default\">\n\t\t\t\t\t<div class=\"elementor-column elementor-col-100 elementor-top-column elementor-element elementor-element-3bc3c1a2\" data-id=\"3bc3c1a2\" data-element_type=\"column\">\n\t\t\t<div class=\"elementor-widget-wrap elementor-element-populated\">\n\t\t\t\t\t\t<div class=\"elementor-element elementor-element-436cd4ef elementor-icon-list--layout-inline elementor-list-item-link-full_width elementor-widget elementor-widget-icon-list\" data-id=\"436cd4ef\" data-element_type=\"widget\" data-widget_type=\"icon-list.default\">\n\t\t\t\t<div class=\"elementor-widget-container\">\n\t\t\t\t\t\t\t<ul class=\"elementor-icon-list-items elementor-inline-items\">\n\t\t\t\t\t\t\t<li class=\"elementor-icon-list-item elementor-inline-item\">\n\t\t\t\t\t\t\t\t\t\t\t<a href=\"https:\/\/arquivo.ao\/fr\/\">\n\n\t\t\t\t\t\t\t\t\t\t\t<span class=\"elementor-icon-list-text\">Accueil<\/span>\n\t\t\t\t\t\t\t\t\t\t\t<\/a>\n\t\t\t\t\t\t\t\t\t<\/li>\n\t\t\t\t\t\t\t\t<li class=\"elementor-icon-list-item elementor-inline-item\">\n\t\t\t\t\t\t\t\t\t\t\t<a href=\"https:\/\/arquivo.ao\/fr\/microfilm\/scanners-de-microfilms-e-image-data\/\">\n\n\t\t\t\t\t\t\t\t\t\t\t\t<span class=\"elementor-icon-list-icon\">\n\t\t\t\t\t\t\t<svg aria-hidden=\"true\" class=\"e-font-icon-svg e-fas-angle-double-right\" viewBox=\"0 0 448 512\" xmlns=\"http:\/\/www.w3.org\/2000\/svg\"><path d=\"M224.3 273l-136 136c-9.4 9.4-24.6 9.4-33.9 0l-22.6-22.6c-9.4-9.4-9.4-24.6 0-33.9l96.4-96.4-96.4-96.4c-9.4-9.4-9.4-24.6 0-33.9L54.3 103c9.4-9.4 24.6-9.4 33.9 0l136 136c9.5 9.4 9.5 24.6.1 34zm192-34l-136-136c-9.4-9.4-24.6-9.4-33.9 0l-22.6 22.6c-9.4 9.4-9.4 24.6 0 33.9l96.4 96.4-96.4 96.4c-9.4 9.4-9.4 24.6 0 33.9l22.6 22.6c9.4 9.4 24.6 9.4 33.9 0l136-136c9.4-9.2 9.4-24.4 0-33.8z\"><\/path><\/svg>\t\t\t\t\t\t<\/span>\n\t\t\t\t\t\t\t\t\t\t<span class=\"elementor-icon-list-text\">Scanners de microfilms<\/span>\n\t\t\t\t\t\t\t\t\t\t\t<\/a>\n\t\t\t\t\t\t\t\t\t<\/li>\n\t\t\t\t\t\t<\/ul>\n\t\t\t\t\t\t<\/div>\n\t\t\t\t<\/div>\n\t\t\t\t\t<\/div>\n\t\t<\/div>\n\t\t\t\t\t<\/div>\n\t\t<\/section>\n\t\t\t\t<section class=\"elementor-section elementor-top-section elementor-element elementor-element-e78c024 elementor-section-boxed elementor-section-height-default elementor-section-height-default\" data-id=\"e78c024\" data-element_type=\"section\">\n\t\t\t\t\t\t<div class=\"elementor-container elementor-column-gap-default\">\n\t\t\t\t\t<div class=\"elementor-column elementor-col-100 elementor-top-column elementor-element elementor-element-5c24e0b8\" data-id=\"5c24e0b8\" data-element_type=\"column\">\n\t\t\t<div class=\"elementor-widget-wrap elementor-element-populated\">\n\t\t\t\t\t\t<div class=\"elementor-element elementor-element-77b506b5 elementor-widget__width-initial elementor-widget elementor-widget-heading\" data-id=\"77b506b5\" data-element_type=\"widget\" data-widget_type=\"heading.default\">\n\t\t\t\t<div class=\"elementor-widget-container\">\n\t\t\t\t\t<h2 class=\"elementor-heading-title elementor-size-default\">\/\/ e-Image Data - Scanners de microfilms<\/h2>\t\t\t\t<\/div>\n\t\t\t\t<\/div>\n\t\t\t\t<div class=\"elementor-element elementor-element-72f541d8 elementor-widget elementor-widget-text-editor\" data-id=\"72f541d8\" data-element_type=\"widget\" data-widget_type=\"text-editor.default\">\n\t\t\t\t<div class=\"elementor-widget-container\">\n\t\t\t\t\t\t\t\t\t<div class=\"flex-shrink-0 flex flex-col relative items-end\">\n<div class=\"pt-0\">\n<div class=\"gizmo-bot-avatar flex h-8 w-8 items-center justify-center overflow-hidden rounded-full\">\n<div class=\"relative p-1 rounded-sm flex items-center justify-center bg-token-main-surface-primary text-token-text-primary h-8 w-8\">\n<p>Les scanners de microfilms e-ImageData sont des appareils prim\u00e9s, largement utilis\u00e9s par les biblioth\u00e8ques, les archives, les agences gouvernementales, les soci\u00e9t\u00e9s et diverses entreprises. Le scanner de microfilms ScanPro All-In-One est tr\u00e8s appr\u00e9ci\u00e9 pour sa qualit\u00e9 d&rsquo;image sup\u00e9rieure et son interface conviviale, reconnue comme un appareil exceptionnellement facile \u00e0 utiliser. <\/p>\n<p>L&rsquo;\u00e9quipement de microfilmage ScanPro All-In-One est livr\u00e9 avec un ensemble complet : mat\u00e9riel, logiciel, formation et assistance, offrant les meilleurs outils et solutions pour cr\u00e9er des images num\u00e9riques de haute qualit\u00e9. Le logiciel ScanPro est une application informatique intuitive bas\u00e9e sur Windows, con\u00e7ue avec des ic\u00f4nes et des \u00e9tiquettes famili\u00e8res pour maximiser l&rsquo;exp\u00e9rience de l&rsquo;utilisateur. Il est r\u00e9put\u00e9 pour sa facilit\u00e9 d&rsquo;utilisation, ses fonctions puissantes et son adaptabilit\u00e9 \u00e0 toutes les applications et \u00e0 tous les types de microformes.  <\/p>\n<\/div>\n<\/div>\n<\/div>\n<\/div>\n\t\t\t\t\t\t\t\t<\/div>\n\t\t\t\t<\/div>\n\t\t\t\t\t<\/div>\n\t\t<\/div>\n\t\t\t\t\t<\/div>\n\t\t<\/section>\n\t\t\t\t<section class=\"elementor-section elementor-top-section elementor-element elementor-element-c9b5ca5 elementor-section-boxed elementor-section-height-default elementor-section-height-default\" data-id=\"c9b5ca5\" data-element_type=\"section\">\n\t\t\t\t\t\t<div class=\"elementor-container elementor-column-gap-default\">\n\t\t\t\t\t<div class=\"elementor-column elementor-col-66 elementor-top-column elementor-element elementor-element-bc382c2\" data-id=\"bc382c2\" data-element_type=\"column\">\n\t\t\t<div class=\"elementor-widget-wrap elementor-element-populated\">\n\t\t\t\t\t\t<div class=\"elementor-element elementor-element-50fbf4b elementor-widget elementor-widget-heading\" data-id=\"50fbf4b\" data-element_type=\"widget\" data-widget_type=\"heading.default\">\n\t\t\t\t<div class=\"elementor-widget-container\">\n\t\t\t\t\t<h2 class=\"elementor-heading-title elementor-size-default\">ScanPro\u00ae 3500 All-In-One\u2122<\/h2>\t\t\t\t<\/div>\n\t\t\t\t<\/div>\n\t\t\t\t<div class=\"elementor-element elementor-element-696b16a elementor-widget elementor-widget-text-editor\" data-id=\"696b16a\" data-element_type=\"widget\" data-widget_type=\"text-editor.default\">\n\t\t\t\t<div class=\"elementor-widget-container\">\n\t\t\t\t\t\t\t\t\t<div class=\"flex-shrink-0 flex flex-col relative items-end\">\n<div class=\"pt-0\">\n<div class=\"gizmo-bot-avatar flex h-8 w-8 items-center justify-center overflow-hidden rounded-full\">\n<div class=\"relative p-1 rounded-sm flex items-center justify-center bg-token-main-surface-primary text-token-text-primary h-8 w-8\">\n<p>Le scanner de microfilms polyvalent ScanPro\u00ae 3500 All-In-One\u2122 est dot\u00e9 d&rsquo;une cam\u00e9ra de 26 m\u00e9gapixels, la seule de l&rsquo;industrie micrographique \u00e0 utiliser la technologie de d\u00e9placement des pixels. Vous disposez ainsi du meilleur scanner de microfilms du march\u00e9, offrant les images les plus claires. Son appareil photo de 26 m\u00e9gapixels poss\u00e8de la plus haute r\u00e9solution du secteur, avec un grand capteur de 6,6 m\u00e9gapixels, huit fois plus grand que celui de ses concurrents. Le tout-en-un 3500 haute performance capture des images claires et nettes, ce qui rend le travail avec tous les types de microfilms rapide, pr\u00e9cis et simple.   <\/p>\n<p>Le ScanPro 3500 All-In-One sert de lecteur, d&rsquo;imprimante et de scanner \u00e0 la demande, pour la recherche de microfilms en rouleaux de 16 mm et de 35 mm, ainsi que de fiches, de microjackets et de cartes \u00e0 fen\u00eatres. Il comprend tout ce qui est n\u00e9cessaire pour \u00e9tendre ses capacit\u00e9s au fur et \u00e0 mesure de l&rsquo;\u00e9volution des besoins de l&rsquo;entreprise. Le Tout-en-un propose un support de film en rouleau (UC 550 ou 650) pour num\u00e9riser les microfilms 16 mm\/35 mm et un AUTO-Carrier\u2122 pour num\u00e9riser les fiches et les microjackets. La fonction AUTO-Carrier permet le d\u00e9filement automatique d&rsquo;image \u00e0 image d&rsquo;un simple clic, la num\u00e9risation automatis\u00e9e de plages d&rsquo;images, de groupes ou m\u00eame de fiches ou de microplaquettes enti\u00e8res, ce qui rend chaque t\u00e2che de num\u00e9risation transparente.   <\/p>\n<\/div>\n<\/div>\n<\/div>\n<\/div>\n\t\t\t\t\t\t\t\t<\/div>\n\t\t\t\t<\/div>\n\t\t\t\t\t<\/div>\n\t\t<\/div>\n\t\t\t\t<div class=\"elementor-column elementor-col-33 elementor-top-column elementor-element elementor-element-bb0283f\" data-id=\"bb0283f\" data-element_type=\"column\">\n\t\t\t<div class=\"elementor-widget-wrap elementor-element-populated\">\n\t\t\t\t\t\t<div class=\"elementor-element elementor-element-873110b elementor-invisible elementor-widget elementor-widget-image\" data-id=\"873110b\" data-element_type=\"widget\" data-settings=\"{&quot;_animation&quot;:&quot;fadeInLeft&quot;}\" data-widget_type=\"image.default\">\n\t\t\t\t<div class=\"elementor-widget-container\">\n\t\t\t\t\t\t\t\t\t\t\t\t\t\t\t<img fetchpriority=\"high\" decoding=\"async\" width=\"272\" height=\"198\" src=\"https:\/\/arquivo.ao\/wp-content\/uploads\/2024\/10\/Picture1-2.png\" class=\"attachment-large size-large wp-image-965\" alt=\"\" \/>\t\t\t\t\t\t\t\t\t\t\t\t\t\t\t<\/div>\n\t\t\t\t<\/div>\n\t\t\t\t\t<\/div>\n\t\t<\/div>\n\t\t\t\t\t<\/div>\n\t\t<\/section>\n\t\t\t\t<section class=\"elementor-section elementor-top-section elementor-element elementor-element-bd3279f elementor-section-boxed elementor-section-height-default elementor-section-height-default\" data-id=\"bd3279f\" data-element_type=\"section\">\n\t\t\t\t\t\t<div class=\"elementor-container elementor-column-gap-default\">\n\t\t\t\t\t<div class=\"elementor-column elementor-col-66 elementor-top-column elementor-element elementor-element-dd66582\" data-id=\"dd66582\" data-element_type=\"column\">\n\t\t\t<div class=\"elementor-widget-wrap elementor-element-populated\">\n\t\t\t\t\t\t<div class=\"elementor-element elementor-element-41148a7 elementor-widget elementor-widget-heading\" data-id=\"41148a7\" data-element_type=\"widget\" data-widget_type=\"heading.default\">\n\t\t\t\t<div class=\"elementor-widget-container\">\n\t\t\t\t\t<h2 class=\"elementor-heading-title elementor-size-default\">ScanPro 2500 Tout-en-un<\/h2>\t\t\t\t<\/div>\n\t\t\t\t<\/div>\n\t\t\t\t<div class=\"elementor-element elementor-element-d2f5b8a elementor-widget elementor-widget-text-editor\" data-id=\"d2f5b8a\" data-element_type=\"widget\" data-widget_type=\"text-editor.default\">\n\t\t\t\t<div class=\"elementor-widget-container\">\n\t\t\t\t\t\t\t\t\t<div class=\"flex-shrink-0 flex flex-col relative items-end\">\n<div class=\"pt-0\">\n<div class=\"gizmo-bot-avatar flex h-8 w-8 items-center justify-center overflow-hidden rounded-full\">\n<div class=\"relative p-1 rounded-sm flex items-center justify-center bg-token-main-surface-primary text-token-text-primary h-8 w-8\">\n<p>Le ScanPro 2500 All-In-One polyvalent fonctionne comme un lecteur, une imprimante et un appareil de num\u00e9risation pour la recherche et la conversion de microfilms en rouleau, de fiches et de microjackets. Le 2500 All-In-One comprend tout ce qui est n\u00e9cessaire pour r\u00e9pondre aux demandes croissantes en mati\u00e8re de recherche de microfilms. Il fournit un support de film en rouleau (UCC 550 ou 650) pour la num\u00e9risation de microfilms 16 mm\/35 mm et un AUTO-Carrier\u2122 pour la num\u00e9risation automatique de fiches et de microjackets. L&rsquo;AUTO-Carrier permet le d\u00e9filement d&rsquo;image \u00e0 image en un seul clic, la num\u00e9risation automatis\u00e9e de plages, de groupes ou de fiches ou micro-paquets complets.   <\/p>\n<p>Le ScanPro 2500 All-In-One est livr\u00e9 avec une adh\u00e9sion optionnelle \u00e0 ScanPro Advantage, qui offre le logiciel avanc\u00e9 AUTO-Scan\u00ae Pro pour la num\u00e9risation automatique \u00e0 une vitesse maximale de 100 images de microfilm par minute, avec r\u00e9glage de la luminosit\u00e9 pour chaque num\u00e9risation. La suite PowerScan Productivity (logiciel d&rsquo;OCR) permet d&rsquo;enregistrer les images num\u00e9riques dans diff\u00e9rents formats de fichiers et d&rsquo;\u00e9tablir un lien direct avec une base de donn\u00e9es pour une r\u00e9cup\u00e9ration efficace des informations. <\/p>\n<\/div>\n<\/div>\n<\/div>\n<\/div>\n\t\t\t\t\t\t\t\t<\/div>\n\t\t\t\t<\/div>\n\t\t\t\t\t<\/div>\n\t\t<\/div>\n\t\t\t\t<div class=\"elementor-column elementor-col-33 elementor-top-column elementor-element elementor-element-d2beb6f\" data-id=\"d2beb6f\" data-element_type=\"column\">\n\t\t\t<div class=\"elementor-widget-wrap elementor-element-populated\">\n\t\t\t\t\t\t<div class=\"elementor-element elementor-element-548f5c2 elementor-invisible elementor-widget elementor-widget-image\" data-id=\"548f5c2\" data-element_type=\"widget\" data-settings=\"{&quot;_animation&quot;:&quot;fadeInLeft&quot;}\" data-widget_type=\"image.default\">\n\t\t\t\t<div class=\"elementor-widget-container\">\n\t\t\t\t\t\t\t\t\t\t\t\t\t\t\t<img decoding=\"async\" width=\"292\" height=\"212\" src=\"https:\/\/arquivo.ao\/wp-content\/uploads\/2024\/10\/Picture1-1.png\" class=\"attachment-large size-large wp-image-961\" alt=\"\" \/>\t\t\t\t\t\t\t\t\t\t\t\t\t\t\t<\/div>\n\t\t\t\t<\/div>\n\t\t\t\t\t<\/div>\n\t\t<\/div>\n\t\t\t\t\t<\/div>\n\t\t<\/section>\n\t\t\t\t<\/div>\n\t\t","protected":false},"excerpt":{"rendered":"<p>Accueil Scanners de microfilms \/\/ e-Image Data &#8211; Scanners de microfilms Les scanners de microfilms e-ImageData sont des appareils prim\u00e9s, largement utilis\u00e9s par les biblioth\u00e8ques, les archives, les agences gouvernementales, les soci\u00e9t\u00e9s et diverses entreprises. Le scanner de microfilms ScanPro All-In-One est tr\u00e8s appr\u00e9ci\u00e9 pour sa qualit\u00e9 d&rsquo;image sup\u00e9rieure et son interface conviviale, reconnue comme [&hellip;]<\/p>\n","protected":false},"author":1,"featured_media":0,"parent":1180,"menu_order":0,"comment_status":"closed","ping_status":"closed","template":"","meta":{"footnotes":""},"class_list":["post-1160","page","type-page","status-publish","hentry"],"_links":{"self":[{"href":"https:\/\/arquivo.ao\/fr\/wp-json\/wp\/v2\/pages\/1160","targetHints":{"allow":["GET"]}}],"collection":[{"href":"https:\/\/arquivo.ao\/fr\/wp-json\/wp\/v2\/pages"}],"about":[{"href":"https:\/\/arquivo.ao\/fr\/wp-json\/wp\/v2\/types\/page"}],"author":[{"embeddable":true,"href":"https:\/\/arquivo.ao\/fr\/wp-json\/wp\/v2\/users\/1"}],"replies":[{"embeddable":true,"href":"https:\/\/arquivo.ao\/fr\/wp-json\/wp\/v2\/comments?post=1160"}],"version-history":[{"count":1,"href":"https:\/\/arquivo.ao\/fr\/wp-json\/wp\/v2\/pages\/1160\/revisions"}],"predecessor-version":[{"id":1162,"href":"https:\/\/arquivo.ao\/fr\/wp-json\/wp\/v2\/pages\/1160\/revisions\/1162"}],"up":[{"embeddable":true,"href":"https:\/\/arquivo.ao\/fr\/wp-json\/wp\/v2\/pages\/1180"}],"wp:attachment":[{"href":"https:\/\/arquivo.ao\/fr\/wp-json\/wp\/v2\/media?parent=1160"}],"curies":[{"name":"wp","href":"https:\/\/api.w.org\/{rel}","templated":true}]}}