{"id":1166,"date":"2024-10-28T22:36:00","date_gmt":"2024-10-28T22:36:00","guid":{"rendered":"https:\/\/arquivo.ao\/scanners-de-livres-atiz\/"},"modified":"2024-10-29T01:54:13","modified_gmt":"2024-10-29T01:54:13","slug":"scanners-de-livres-atiz","status":"publish","type":"page","link":"https:\/\/arquivo.ao\/fr\/scanners-de-livres\/scanners-de-livres-atiz\/","title":{"rendered":"Scanners de livres ATIZ"},"content":{"rendered":"\t\t<div data-elementor-type=\"wp-page\" data-elementor-id=\"1166\" class=\"elementor elementor-1166 elementor-467\" data-elementor-post-type=\"page\">\n\t\t\t\t\t\t<section class=\"elementor-section elementor-top-section elementor-element elementor-element-12eab05a elementor-section-boxed elementor-section-height-default elementor-section-height-default\" data-id=\"12eab05a\" data-element_type=\"section\">\n\t\t\t\t\t\t<div class=\"elementor-container elementor-column-gap-default\">\n\t\t\t\t\t<div class=\"elementor-column elementor-col-100 elementor-top-column elementor-element elementor-element-3bc3c1a2\" data-id=\"3bc3c1a2\" data-element_type=\"column\">\n\t\t\t<div class=\"elementor-widget-wrap elementor-element-populated\">\n\t\t\t\t\t\t<div class=\"elementor-element elementor-element-436cd4ef elementor-icon-list--layout-inline elementor-list-item-link-full_width elementor-widget elementor-widget-icon-list\" data-id=\"436cd4ef\" data-element_type=\"widget\" data-widget_type=\"icon-list.default\">\n\t\t\t\t<div class=\"elementor-widget-container\">\n\t\t\t\t\t\t\t<ul class=\"elementor-icon-list-items elementor-inline-items\">\n\t\t\t\t\t\t\t<li class=\"elementor-icon-list-item elementor-inline-item\">\n\t\t\t\t\t\t\t\t\t\t\t<a href=\"https:\/\/arquivo.ao\/fr\/\">\n\n\t\t\t\t\t\t\t\t\t\t\t<span class=\"elementor-icon-list-text\">Accueil<\/span>\n\t\t\t\t\t\t\t\t\t\t\t<\/a>\n\t\t\t\t\t\t\t\t\t<\/li>\n\t\t\t\t\t\t\t\t<li class=\"elementor-icon-list-item elementor-inline-item\">\n\t\t\t\t\t\t\t\t\t\t\t<a href=\"https:\/\/arquivo.ao\/fr\/scanners-de-livres\/scanners-de-livres-atiz\/\">\n\n\t\t\t\t\t\t\t\t\t\t\t\t<span class=\"elementor-icon-list-icon\">\n\t\t\t\t\t\t\t<svg aria-hidden=\"true\" class=\"e-font-icon-svg e-fas-angle-double-right\" viewBox=\"0 0 448 512\" xmlns=\"http:\/\/www.w3.org\/2000\/svg\"><path d=\"M224.3 273l-136 136c-9.4 9.4-24.6 9.4-33.9 0l-22.6-22.6c-9.4-9.4-9.4-24.6 0-33.9l96.4-96.4-96.4-96.4c-9.4-9.4-9.4-24.6 0-33.9L54.3 103c9.4-9.4 24.6-9.4 33.9 0l136 136c9.5 9.4 9.5 24.6.1 34zm192-34l-136-136c-9.4-9.4-24.6-9.4-33.9 0l-22.6 22.6c-9.4 9.4-9.4 24.6 0 33.9l96.4 96.4-96.4 96.4c-9.4 9.4-9.4 24.6 0 33.9l22.6 22.6c9.4 9.4 24.6 9.4 33.9 0l136-136c9.4-9.2 9.4-24.4 0-33.8z\"><\/path><\/svg>\t\t\t\t\t\t<\/span>\n\t\t\t\t\t\t\t\t\t\t<span class=\"elementor-icon-list-text\">Scanners de livres<\/span>\n\t\t\t\t\t\t\t\t\t\t\t<\/a>\n\t\t\t\t\t\t\t\t\t<\/li>\n\t\t\t\t\t\t<\/ul>\n\t\t\t\t\t\t<\/div>\n\t\t\t\t<\/div>\n\t\t\t\t\t<\/div>\n\t\t<\/div>\n\t\t\t\t\t<\/div>\n\t\t<\/section>\n\t\t\t\t<section class=\"elementor-section elementor-top-section elementor-element elementor-element-e78c024 elementor-section-boxed elementor-section-height-default elementor-section-height-default\" data-id=\"e78c024\" data-element_type=\"section\">\n\t\t\t\t\t\t<div class=\"elementor-container elementor-column-gap-default\">\n\t\t\t\t\t<div class=\"elementor-column elementor-col-100 elementor-top-column elementor-element elementor-element-5c24e0b8\" data-id=\"5c24e0b8\" data-element_type=\"column\">\n\t\t\t<div class=\"elementor-widget-wrap elementor-element-populated\">\n\t\t\t\t\t\t<div class=\"elementor-element elementor-element-77b506b5 elementor-widget__width-initial elementor-widget elementor-widget-heading\" data-id=\"77b506b5\" data-element_type=\"widget\" data-widget_type=\"heading.default\">\n\t\t\t\t<div class=\"elementor-widget-container\">\n\t\t\t\t\t<h2 class=\"elementor-heading-title elementor-size-default\">\/\/ ATIZ - Scanners de livres<\/h2>\t\t\t\t<\/div>\n\t\t\t\t<\/div>\n\t\t\t\t<div class=\"elementor-element elementor-element-72f541d8 elementor-widget elementor-widget-text-editor\" data-id=\"72f541d8\" data-element_type=\"widget\" data-widget_type=\"text-editor.default\">\n\t\t\t\t<div class=\"elementor-widget-container\">\n\t\t\t\t\t\t\t\t\t<div class=\"flex-shrink-0 flex flex-col relative items-end\">\n<div class=\"pt-0\">\n<div class=\"gizmo-bot-avatar flex h-8 w-8 items-center justify-center overflow-hidden rounded-full\">\n<div class=\"relative p-1 rounded-sm flex items-center justify-center bg-token-main-surface-primary text-token-text-primary h-8 w-8\">\n<p><strong>BookDrive<\/strong><br \/>Les scanners BookDrive d&rsquo;ATIZ sont la derni\u00e8re technologie de num\u00e9risation de livres et sont rapidement devenus les appareils les plus vendus au monde pour les projets de num\u00e9risation de biblioth\u00e8ques. Offrant une solution abordable pour la num\u00e9risation de livres jusqu&rsquo;au format A2, les scanners BookDrive sont des appareils de haute performance qui offrent une approche de pointe de la num\u00e9risation de livres. <\/p>\n<p>Avec BookDrive, les utilisateurs peuvent convertir des livres au format num\u00e9rique \u00e0 grande vitesse (jusqu&rsquo;\u00e0 700 pages par heure). L&rsquo;appareil est dot\u00e9 d&rsquo;un berceau unique en forme de V et d&rsquo;une plaque transparente qui presse le livre en forme de V, ce qui garantit que les pages restent parfaitement plates et sans courbure pendant la num\u00e9risation. Les scanners BookDrive sont faciles \u00e0 utiliser et garantissent des pages uniform\u00e9ment droites.  <\/p>\n<p><strong>Berceau \u00e0 centrage automatique<\/strong><br \/>Normalement, le centre d&rsquo;un livre se d\u00e9place de gauche \u00e0 droite \u00e0 chaque fois qu&rsquo;une page est tourn\u00e9e. Les scanners BookDrive \u00e9liminent ce probl\u00e8me gr\u00e2ce \u00e0 un berceau \u00e0 centrage automatique unique, qui garantit que le centre du livre reste immobile pendant la num\u00e9risation. Cette conception permet d&rsquo;obtenir des bords et des marges uniformes, ce qui n&rsquo;est pas le cas des autres scanners.  <\/p>\n<h5>Principaux avantages des scanners BookDrive :<\/h5>\n<ul>\n<li>\n<p><strong>Num\u00e9risation rapide de plusieurs livres :<\/strong><br \/>BookDrive num\u00e9rise les images \u00e0 l&rsquo;aide de deux appareils photo num\u00e9riques Canon SLR, ce qui permet une num\u00e9risation beaucoup plus rapide qu&rsquo;avec d&rsquo;autres scanners. Cela signifie que vous n&rsquo;aurez pas besoin de passer des heures \u00e0 num\u00e9riser un seul livre. Num\u00e9risez rapidement une biblioth\u00e8que enti\u00e8re avec BookDrive.  <\/p>\n<\/li>\n<li>\n<p><strong>Cr\u00e9ation simple de livres \u00e9lectroniques :<\/strong><br \/>BookDrive peut num\u00e9riser au format PDF, la norme la plus r\u00e9pandue. Profitez de vos livres pr\u00e9f\u00e9r\u00e9s sur n&rsquo;importe quel appareil, tel qu&rsquo;un ordinateur portable, un PDA ou un lecteur de livres \u00e9lectroniques, \u00e0 tout moment et en tout lieu. <\/p>\n<\/li>\n<li>\n<p><strong>Am\u00e9lioration des performances de l&rsquo;OCR :<\/strong><br \/>Les images plates num\u00e9ris\u00e9es avec BookDrive ont un meilleur aspect que les pages courbes des scanners \u00e0 plat ou des scanners de livres standard, ce qui se traduit par une plus grande pr\u00e9cision lors de la conversion en texte \u00e0 l&rsquo;aide d&rsquo;un logiciel d&rsquo;OCR.<\/p>\n<\/li>\n<li>\n<p><strong>Cr\u00e9ez votre propre biblioth\u00e8que num\u00e9rique :<\/strong><br \/>BookDrive est id\u00e9al pour les \u00e9coles, les entreprises et les collections priv\u00e9es, car il permet de cr\u00e9er une biblioth\u00e8que num\u00e9rique personnelle.<\/p>\n<\/li>\n<\/ul>\n<\/div>\n<\/div>\n<\/div>\n<\/div>\n\t\t\t\t\t\t\t\t<\/div>\n\t\t\t\t<\/div>\n\t\t\t\t<div class=\"elementor-element elementor-element-50fbf4b elementor-widget elementor-widget-heading\" data-id=\"50fbf4b\" data-element_type=\"widget\" data-widget_type=\"heading.default\">\n\t\t\t\t<div class=\"elementor-widget-container\">\n\t\t\t\t\t<h2 class=\"elementor-heading-title elementor-size-default\">BookDrive Mod\u00e8les :<\/h2>\t\t\t\t<\/div>\n\t\t\t\t<\/div>\n\t\t\t\t\t<\/div>\n\t\t<\/div>\n\t\t\t\t\t<\/div>\n\t\t<\/section>\n\t\t\t\t<section class=\"elementor-section elementor-top-section elementor-element elementor-element-bd3279f elementor-section-boxed elementor-section-height-default elementor-section-height-default\" data-id=\"bd3279f\" data-element_type=\"section\">\n\t\t\t\t\t\t<div class=\"elementor-container elementor-column-gap-default\">\n\t\t\t\t\t<div class=\"elementor-column elementor-col-33 elementor-top-column elementor-element elementor-element-d2beb6f\" data-id=\"d2beb6f\" data-element_type=\"column\">\n\t\t\t<div class=\"elementor-widget-wrap elementor-element-populated\">\n\t\t\t\t\t\t<div class=\"elementor-element elementor-element-548f5c2 elementor-invisible elementor-widget elementor-widget-image\" data-id=\"548f5c2\" data-element_type=\"widget\" data-settings=\"{&quot;_animation&quot;:&quot;fadeInLeft&quot;}\" data-widget_type=\"image.default\">\n\t\t\t\t<div class=\"elementor-widget-container\">\n\t\t\t\t\t\t\t\t\t\t\t\t\t\t\t<img fetchpriority=\"high\" decoding=\"async\" width=\"574\" height=\"800\" src=\"https:\/\/arquivo.ao\/wp-content\/uploads\/2024\/10\/atiz-bookdrice-mini2.png\" class=\"attachment-large size-large wp-image-967\" alt=\"\" srcset=\"https:\/\/arquivo.ao\/wp-content\/uploads\/2024\/10\/atiz-bookdrice-mini2.png 574w, https:\/\/arquivo.ao\/wp-content\/uploads\/2024\/10\/atiz-bookdrice-mini2-215x300.png 215w\" sizes=\"(max-width: 574px) 100vw, 574px\" \/>\t\t\t\t\t\t\t\t\t\t\t\t\t\t\t<\/div>\n\t\t\t\t<\/div>\n\t\t\t\t\t<\/div>\n\t\t<\/div>\n\t\t\t\t<div class=\"elementor-column elementor-col-66 elementor-top-column elementor-element elementor-element-dd66582\" data-id=\"dd66582\" data-element_type=\"column\">\n\t\t\t<div class=\"elementor-widget-wrap elementor-element-populated\">\n\t\t\t\t\t\t<div class=\"elementor-element elementor-element-41148a7 elementor-widget elementor-widget-heading\" data-id=\"41148a7\" data-element_type=\"widget\" data-widget_type=\"heading.default\">\n\t\t\t\t<div class=\"elementor-widget-container\">\n\t\t\t\t\t<h2 class=\"elementor-heading-title elementor-size-default\">BookDrive Mini 2<\/h2>\t\t\t\t<\/div>\n\t\t\t\t<\/div>\n\t\t\t\t<div class=\"elementor-element elementor-element-d2f5b8a elementor-widget elementor-widget-text-editor\" data-id=\"d2f5b8a\" data-element_type=\"widget\" data-widget_type=\"text-editor.default\">\n\t\t\t\t<div class=\"elementor-widget-container\">\n\t\t\t\t\t\t\t\t\t<div class=\"flex-shrink-0 flex flex-col relative items-end\">\n<div class=\"pt-0\">\n<div class=\"gizmo-bot-avatar flex h-8 w-8 items-center justify-center overflow-hidden rounded-full\">\n<div class=\"relative p-1 rounded-sm flex items-center justify-center bg-token-main-surface-primary text-token-text-primary h-8 w-8\">\n<ul>\n<li><strong>Pour la num\u00e9risation de livres :<\/strong> Jusqu&rsquo;\u00e0 2 x format A4<\/li>\n<li><strong>Dimensions de la num\u00e9risation :<\/strong> 2 x 25 cm x 38 cm<\/li>\n<li><strong>\u00c9paisseur maximale du livre :<\/strong> 5,5 cm<\/li>\n<li><strong>Vitesse de num\u00e9risation maximale :<\/strong> 1 000 pages par heure<\/li>\n<li><strong>\u00c9clairage :<\/strong> Panneaux lumineux LED<\/li>\n<li><strong>Dimensions de l&rsquo;appareil :<\/strong> 61 x 87 x 177 cm<\/li>\n<li><strong>Dimensions de la base :<\/strong> 57 x 38 cm<\/li>\n<li><strong>Poids de l&rsquo;appareil :<\/strong> 23 kg<\/li>\n<\/ul>\n<\/div>\n<\/div>\n<\/div>\n<\/div>\n\t\t\t\t\t\t\t\t<\/div>\n\t\t\t\t<\/div>\n\t\t\t\t\t<\/div>\n\t\t<\/div>\n\t\t\t\t\t<\/div>\n\t\t<\/section>\n\t\t\t\t<section class=\"elementor-section elementor-top-section elementor-element elementor-element-f1108be elementor-section-boxed elementor-section-height-default elementor-section-height-default\" data-id=\"f1108be\" data-element_type=\"section\">\n\t\t\t\t\t\t<div class=\"elementor-container elementor-column-gap-default\">\n\t\t\t\t\t<div class=\"elementor-column elementor-col-33 elementor-top-column elementor-element elementor-element-5f2a760\" data-id=\"5f2a760\" data-element_type=\"column\">\n\t\t\t<div class=\"elementor-widget-wrap elementor-element-populated\">\n\t\t\t\t\t\t<div class=\"elementor-element elementor-element-ce620b9 elementor-invisible elementor-widget elementor-widget-image\" data-id=\"ce620b9\" data-element_type=\"widget\" data-settings=\"{&quot;_animation&quot;:&quot;fadeInLeft&quot;}\" data-widget_type=\"image.default\">\n\t\t\t\t<div class=\"elementor-widget-container\">\n\t\t\t\t\t\t\t\t\t\t\t\t\t\t\t<img decoding=\"async\" width=\"600\" height=\"836\" src=\"https:\/\/arquivo.ao\/wp-content\/uploads\/2024\/10\/atiz-bookdrive-n.jpg\" class=\"attachment-large size-large wp-image-969\" alt=\"\" srcset=\"https:\/\/arquivo.ao\/wp-content\/uploads\/2024\/10\/atiz-bookdrive-n.jpg 600w, https:\/\/arquivo.ao\/wp-content\/uploads\/2024\/10\/atiz-bookdrive-n-215x300.jpg 215w\" sizes=\"(max-width: 600px) 100vw, 600px\" \/>\t\t\t\t\t\t\t\t\t\t\t\t\t\t\t<\/div>\n\t\t\t\t<\/div>\n\t\t\t\t\t<\/div>\n\t\t<\/div>\n\t\t\t\t<div class=\"elementor-column elementor-col-66 elementor-top-column elementor-element elementor-element-71f8b59\" data-id=\"71f8b59\" data-element_type=\"column\">\n\t\t\t<div class=\"elementor-widget-wrap elementor-element-populated\">\n\t\t\t\t\t\t<div class=\"elementor-element elementor-element-3b7b0af elementor-widget elementor-widget-heading\" data-id=\"3b7b0af\" data-element_type=\"widget\" data-widget_type=\"heading.default\">\n\t\t\t\t<div class=\"elementor-widget-container\">\n\t\t\t\t\t<h2 class=\"elementor-heading-title elementor-size-default\">BookDrive N<\/h2>\t\t\t\t<\/div>\n\t\t\t\t<\/div>\n\t\t\t\t<div class=\"elementor-element elementor-element-7fe5c87 elementor-widget elementor-widget-text-editor\" data-id=\"7fe5c87\" data-element_type=\"widget\" data-widget_type=\"text-editor.default\">\n\t\t\t\t<div class=\"elementor-widget-container\">\n\t\t\t\t\t\t\t\t\t<div class=\"flex-shrink-0 flex flex-col relative items-end\">\n<div class=\"pt-0\">\n<div class=\"gizmo-bot-avatar flex h-8 w-8 items-center justify-center overflow-hidden rounded-full\">\n<div class=\"relative p-1 rounded-sm flex items-center justify-center bg-token-main-surface-primary text-token-text-primary h-8 w-8\">\n<ul>\n<li><strong>Pour la num\u00e9risation recto-verso de livres, magazines, cartes, etc. :<\/strong> jusqu&rsquo;au format A2<\/li>\n<li><strong>Dimensions de la num\u00e9risation :<\/strong> 44,5 cm x 64,5 cm<\/li>\n<li><strong>\u00c9paisseur maximale du livre :<\/strong> 13 cm<\/li>\n<li><strong>Vitesse de num\u00e9risation maximale :<\/strong> 800 pages par heure<\/li>\n<li><strong>\u00c9clairage :<\/strong> Panneaux lumineux LED<\/li>\n<li><strong>Dimensions de l&rsquo;appareil :<\/strong> 120 x 100 x 128 cm<\/li>\n<li><strong>Dimensions de la base :<\/strong> 55 x 93 cm<\/li>\n<li><strong>Poids de l&rsquo;appareil :<\/strong> 45 kg<\/li>\n<li> <\/li>\n<\/ul>\n<\/div>\n<\/div>\n<\/div>\n<\/div>\n\t\t\t\t\t\t\t\t<\/div>\n\t\t\t\t<\/div>\n\t\t\t\t\t<\/div>\n\t\t<\/div>\n\t\t\t\t\t<\/div>\n\t\t<\/section>\n\t\t\t\t<section class=\"elementor-section elementor-top-section elementor-element elementor-element-178cb51 elementor-section-boxed elementor-section-height-default elementor-section-height-default\" data-id=\"178cb51\" data-element_type=\"section\">\n\t\t\t\t\t\t<div class=\"elementor-container elementor-column-gap-default\">\n\t\t\t\t\t<div class=\"elementor-column elementor-col-33 elementor-top-column elementor-element elementor-element-5c0df2c\" data-id=\"5c0df2c\" data-element_type=\"column\">\n\t\t\t<div class=\"elementor-widget-wrap elementor-element-populated\">\n\t\t\t\t\t\t<div class=\"elementor-element elementor-element-6f510e8 elementor-invisible elementor-widget elementor-widget-image\" data-id=\"6f510e8\" data-element_type=\"widget\" data-settings=\"{&quot;_animation&quot;:&quot;fadeInLeft&quot;}\" data-widget_type=\"image.default\">\n\t\t\t\t<div class=\"elementor-widget-container\">\n\t\t\t\t\t\t\t\t\t\t\t\t\t\t\t<img decoding=\"async\" width=\"574\" height=\"800\" src=\"https:\/\/arquivo.ao\/wp-content\/uploads\/2024\/10\/atiz-bookdrive-mark2.jpg\" class=\"attachment-large size-large wp-image-971\" alt=\"\" srcset=\"https:\/\/arquivo.ao\/wp-content\/uploads\/2024\/10\/atiz-bookdrive-mark2.jpg 574w, https:\/\/arquivo.ao\/wp-content\/uploads\/2024\/10\/atiz-bookdrive-mark2-215x300.jpg 215w\" sizes=\"(max-width: 574px) 100vw, 574px\" \/>\t\t\t\t\t\t\t\t\t\t\t\t\t\t\t<\/div>\n\t\t\t\t<\/div>\n\t\t\t\t\t<\/div>\n\t\t<\/div>\n\t\t\t\t<div class=\"elementor-column elementor-col-66 elementor-top-column elementor-element elementor-element-eaae113\" data-id=\"eaae113\" data-element_type=\"column\">\n\t\t\t<div class=\"elementor-widget-wrap elementor-element-populated\">\n\t\t\t\t\t\t<div class=\"elementor-element elementor-element-f3bb204 elementor-widget elementor-widget-heading\" data-id=\"f3bb204\" data-element_type=\"widget\" data-widget_type=\"heading.default\">\n\t\t\t\t<div class=\"elementor-widget-container\">\n\t\t\t\t\t<h2 class=\"elementor-heading-title elementor-size-default\">BookDrive Mark 2<\/h2>\t\t\t\t<\/div>\n\t\t\t\t<\/div>\n\t\t\t\t<div class=\"elementor-element elementor-element-711f034 elementor-widget elementor-widget-text-editor\" data-id=\"711f034\" data-element_type=\"widget\" data-widget_type=\"text-editor.default\">\n\t\t\t\t<div class=\"elementor-widget-container\">\n\t\t\t\t\t\t\t\t\t<p>Le dernier appareil d&rsquo;ATIZ d\u00e9finit les normes les plus \u00e9lev\u00e9es en mati\u00e8re de num\u00e9risation de livres.<\/p>\n<ul>\n<li><strong>Pour la num\u00e9risation de livres :<\/strong> Jusqu&rsquo;\u00e0 2 x format A2<\/li>\n<li><strong>Dimensions de la num\u00e9risation :<\/strong> 2 x 43 cm x 62 cm<\/li>\n<li><strong>\u00c9paisseur maximale du livre :<\/strong> 15 cm<\/li>\n<li><strong>Vitesse de num\u00e9risation maximale :<\/strong> 1 600 pages par heure<\/li>\n<li><strong>\u00c9clairage :<\/strong> Panneaux lumineux LED<\/li>\n<li><strong>Dimensions de l&rsquo;appareil :<\/strong> 120 x 150 x 138 cm<\/li>\n<li><strong>Dimensions de la base :<\/strong> 75 x 90 cm<\/li>\n<li><strong>Poids de l&rsquo;appareil :<\/strong> 80 kg<\/li>\n<\/ul>\n<p><strong>Les nouvelles am\u00e9liorations sont les suivantes<\/strong><\/p>\n<ul>\n<li>Ergonomie, s\u00e9curit\u00e9 et confort de travail sup\u00e9rieurs<\/li>\n<li>\u00c9clairage optimis\u00e9 pour une meilleure qualit\u00e9 d&rsquo;image<\/li>\n<li>Conception am\u00e9lior\u00e9e du berceau en forme de V<\/li>\n<li>Compatibilit\u00e9 avec les derniers appareils photo haute r\u00e9solution Canon et Nikon (par exemple, Canon EOS 5DS avec 50,6 MP ou Nikon D810 avec 36,3 MP), offrant plus de 350 ppp pour le format A2 ou 750 ppp pour le format A4.<\/li>\n<li>Le progiciel le plus rapide, d\u00e9sormais 70% plus rapide.<\/li>\n<\/ul>\n<p>Consultez la brochure <strong><a href=\"https:\/\/www.atiz.com\/atiz_connect\/bookdrive_mark2\/brochures\/Brochure-BookDrive-Mark2.pdf\">ici.<\/a><\/strong><\/p>\n\t\t\t\t\t\t\t\t<\/div>\n\t\t\t\t<\/div>\n\t\t\t\t\t<\/div>\n\t\t<\/div>\n\t\t\t\t\t<\/div>\n\t\t<\/section>\n\t\t\t\t<section class=\"elementor-section elementor-top-section elementor-element elementor-element-8cc2d22 elementor-section-boxed elementor-section-height-default elementor-section-height-default\" data-id=\"8cc2d22\" data-element_type=\"section\">\n\t\t\t\t\t\t<div class=\"elementor-container elementor-column-gap-default\">\n\t\t\t\t\t<div class=\"elementor-column elementor-col-33 elementor-top-column elementor-element elementor-element-a1c0f2d\" data-id=\"a1c0f2d\" data-element_type=\"column\">\n\t\t\t<div class=\"elementor-widget-wrap elementor-element-populated\">\n\t\t\t\t\t\t<div class=\"elementor-element elementor-element-8c7b839 elementor-invisible elementor-widget elementor-widget-image\" data-id=\"8c7b839\" data-element_type=\"widget\" data-settings=\"{&quot;_animation&quot;:&quot;fadeInLeft&quot;}\" data-widget_type=\"image.default\">\n\t\t\t\t<div class=\"elementor-widget-container\">\n\t\t\t\t\t\t\t\t\t\t\t\t\t\t\t<img loading=\"lazy\" decoding=\"async\" width=\"600\" height=\"836\" src=\"https:\/\/arquivo.ao\/wp-content\/uploads\/2024\/10\/atiz-bookdrive-mark2-lite.jpg\" class=\"attachment-large size-large wp-image-973\" alt=\"\" srcset=\"https:\/\/arquivo.ao\/wp-content\/uploads\/2024\/10\/atiz-bookdrive-mark2-lite.jpg 600w, https:\/\/arquivo.ao\/wp-content\/uploads\/2024\/10\/atiz-bookdrive-mark2-lite-215x300.jpg 215w\" sizes=\"(max-width: 600px) 100vw, 600px\" \/>\t\t\t\t\t\t\t\t\t\t\t\t\t\t\t<\/div>\n\t\t\t\t<\/div>\n\t\t\t\t\t<\/div>\n\t\t<\/div>\n\t\t\t\t<div class=\"elementor-column elementor-col-66 elementor-top-column elementor-element elementor-element-4c53b41\" data-id=\"4c53b41\" data-element_type=\"column\">\n\t\t\t<div class=\"elementor-widget-wrap elementor-element-populated\">\n\t\t\t\t\t\t<div class=\"elementor-element elementor-element-98ef078 elementor-widget elementor-widget-heading\" data-id=\"98ef078\" data-element_type=\"widget\" data-widget_type=\"heading.default\">\n\t\t\t\t<div class=\"elementor-widget-container\">\n\t\t\t\t\t<h2 class=\"elementor-heading-title elementor-size-default\">BookDrive Mark 2 Lite<\/h2>\t\t\t\t<\/div>\n\t\t\t\t<\/div>\n\t\t\t\t<div class=\"elementor-element elementor-element-0724993 elementor-widget elementor-widget-text-editor\" data-id=\"0724993\" data-element_type=\"widget\" data-widget_type=\"text-editor.default\">\n\t\t\t\t<div class=\"elementor-widget-container\">\n\t\t\t\t\t\t\t\t\t<ul>\n<li><strong>Pour la num\u00e9risation de livres :<\/strong> Jusqu&rsquo;\u00e0 2 x format A3<\/li>\n<li><strong>Dimensions de la num\u00e9risation :<\/strong> 2 x 30 cm x 44 cm<\/li>\n<li><strong>\u00c9paisseur maximale du livre :<\/strong> 12 cm<\/li>\n<li><strong>Vitesse de num\u00e9risation maximale :<\/strong> 1 600 pages par heure<\/li>\n<li><strong>\u00c9clairage :<\/strong> Panneaux lumineux LED<\/li>\n<li><strong>Dimensions de l&rsquo;appareil :<\/strong> 83 x 106 x 122 cm<\/li>\n<li><strong>Dimensions de la base :<\/strong> 47 x 57 cm<\/li>\n<li><strong>Poids de l&rsquo;appareil :<\/strong> 35 kg<\/li>\n<\/ul>\n<p>Les caract\u00e9ristiques comprennent une ergonomie, une s\u00e9curit\u00e9 et un confort accrus, une conception d&rsquo;\u00e9clairage sup\u00e9rieure et un berceau en forme de V consid\u00e9rablement am\u00e9lior\u00e9.<\/p><\/p>\n\t\t\t\t\t\t\t\t<\/div>\n\t\t\t\t<\/div>\n\t\t\t\t\t<\/div>\n\t\t<\/div>\n\t\t\t\t\t<\/div>\n\t\t<\/section>\n\t\t\t\t<\/div>\n\t\t","protected":false},"excerpt":{"rendered":"<p>Accueil Scanners de livres \/\/ ATIZ &#8211; Scanners de livres BookDriveLes scanners BookDrive d&rsquo;ATIZ sont la derni\u00e8re technologie de num\u00e9risation de livres et sont rapidement devenus les appareils les plus vendus au monde pour les projets de num\u00e9risation de biblioth\u00e8ques. Offrant une solution abordable pour la num\u00e9risation de livres jusqu&rsquo;au format A2, les scanners BookDrive [&hellip;]<\/p>\n","protected":false},"author":1,"featured_media":0,"parent":1172,"menu_order":0,"comment_status":"closed","ping_status":"closed","template":"","meta":{"footnotes":""},"class_list":["post-1166","page","type-page","status-publish","hentry"],"_links":{"self":[{"href":"https:\/\/arquivo.ao\/fr\/wp-json\/wp\/v2\/pages\/1166","targetHints":{"allow":["GET"]}}],"collection":[{"href":"https:\/\/arquivo.ao\/fr\/wp-json\/wp\/v2\/pages"}],"about":[{"href":"https:\/\/arquivo.ao\/fr\/wp-json\/wp\/v2\/types\/page"}],"author":[{"embeddable":true,"href":"https:\/\/arquivo.ao\/fr\/wp-json\/wp\/v2\/users\/1"}],"replies":[{"embeddable":true,"href":"https:\/\/arquivo.ao\/fr\/wp-json\/wp\/v2\/comments?post=1166"}],"version-history":[{"count":1,"href":"https:\/\/arquivo.ao\/fr\/wp-json\/wp\/v2\/pages\/1166\/revisions"}],"predecessor-version":[{"id":1167,"href":"https:\/\/arquivo.ao\/fr\/wp-json\/wp\/v2\/pages\/1166\/revisions\/1167"}],"up":[{"embeddable":true,"href":"https:\/\/arquivo.ao\/fr\/wp-json\/wp\/v2\/pages\/1172"}],"wp:attachment":[{"href":"https:\/\/arquivo.ao\/fr\/wp-json\/wp\/v2\/media?parent=1166"}],"curies":[{"name":"wp","href":"https:\/\/api.w.org\/{rel}","templated":true}]}}