{"id":1168,"date":"2024-10-28T22:07:09","date_gmt":"2024-10-28T22:07:09","guid":{"rendered":"https:\/\/arquivo.ao\/imageware-scanners-de-microfilms\/"},"modified":"2024-10-29T01:54:17","modified_gmt":"2024-10-29T01:54:17","slug":"imageware-scanners-de-microfilms","status":"publish","type":"page","link":"https:\/\/arquivo.ao\/fr\/microfilm\/imageware-scanners-de-microfilms\/","title":{"rendered":"ImageWare Scanners de microfilms"},"content":{"rendered":"\t\t<div data-elementor-type=\"wp-page\" data-elementor-id=\"1168\" class=\"elementor elementor-1168 elementor-444\" data-elementor-post-type=\"page\">\n\t\t\t\t\t\t<section class=\"elementor-section elementor-top-section elementor-element elementor-element-12eab05a elementor-section-boxed elementor-section-height-default elementor-section-height-default\" data-id=\"12eab05a\" data-element_type=\"section\">\n\t\t\t\t\t\t<div class=\"elementor-container elementor-column-gap-default\">\n\t\t\t\t\t<div class=\"elementor-column elementor-col-100 elementor-top-column elementor-element elementor-element-3bc3c1a2\" data-id=\"3bc3c1a2\" data-element_type=\"column\">\n\t\t\t<div class=\"elementor-widget-wrap elementor-element-populated\">\n\t\t\t\t\t\t<div class=\"elementor-element elementor-element-436cd4ef elementor-icon-list--layout-inline elementor-list-item-link-full_width elementor-widget elementor-widget-icon-list\" data-id=\"436cd4ef\" data-element_type=\"widget\" data-widget_type=\"icon-list.default\">\n\t\t\t\t<div class=\"elementor-widget-container\">\n\t\t\t\t\t\t\t<ul class=\"elementor-icon-list-items elementor-inline-items\">\n\t\t\t\t\t\t\t<li class=\"elementor-icon-list-item elementor-inline-item\">\n\t\t\t\t\t\t\t\t\t\t\t<a href=\"https:\/\/arquivo.ao\/fr\/\">\n\n\t\t\t\t\t\t\t\t\t\t\t<span class=\"elementor-icon-list-text\">Accueil<\/span>\n\t\t\t\t\t\t\t\t\t\t\t<\/a>\n\t\t\t\t\t\t\t\t\t<\/li>\n\t\t\t\t\t\t\t\t<li class=\"elementor-icon-list-item elementor-inline-item\">\n\t\t\t\t\t\t\t\t\t\t\t<a href=\"https:\/\/arquivo.ao\/fr\/microfilm\/imageware-scanners-de-microfilms\/\">\n\n\t\t\t\t\t\t\t\t\t\t\t\t<span class=\"elementor-icon-list-icon\">\n\t\t\t\t\t\t\t<svg aria-hidden=\"true\" class=\"e-font-icon-svg e-fas-angle-double-right\" viewBox=\"0 0 448 512\" xmlns=\"http:\/\/www.w3.org\/2000\/svg\"><path d=\"M224.3 273l-136 136c-9.4 9.4-24.6 9.4-33.9 0l-22.6-22.6c-9.4-9.4-9.4-24.6 0-33.9l96.4-96.4-96.4-96.4c-9.4-9.4-9.4-24.6 0-33.9L54.3 103c9.4-9.4 24.6-9.4 33.9 0l136 136c9.5 9.4 9.5 24.6.1 34zm192-34l-136-136c-9.4-9.4-24.6-9.4-33.9 0l-22.6 22.6c-9.4 9.4-9.4 24.6 0 33.9l96.4 96.4-96.4 96.4c-9.4 9.4-9.4 24.6 0 33.9l22.6 22.6c9.4 9.4 24.6 9.4 33.9 0l136-136c9.4-9.2 9.4-24.4 0-33.8z\"><\/path><\/svg>\t\t\t\t\t\t<\/span>\n\t\t\t\t\t\t\t\t\t\t<span class=\"elementor-icon-list-text\">Scanners de microfilms<\/span>\n\t\t\t\t\t\t\t\t\t\t\t<\/a>\n\t\t\t\t\t\t\t\t\t<\/li>\n\t\t\t\t\t\t<\/ul>\n\t\t\t\t\t\t<\/div>\n\t\t\t\t<\/div>\n\t\t\t\t\t<\/div>\n\t\t<\/div>\n\t\t\t\t\t<\/div>\n\t\t<\/section>\n\t\t\t\t<section class=\"elementor-section elementor-top-section elementor-element elementor-element-e78c024 elementor-section-boxed elementor-section-height-default elementor-section-height-default\" data-id=\"e78c024\" data-element_type=\"section\">\n\t\t\t\t\t\t<div class=\"elementor-container elementor-column-gap-default\">\n\t\t\t\t\t<div class=\"elementor-column elementor-col-100 elementor-top-column elementor-element elementor-element-5c24e0b8\" data-id=\"5c24e0b8\" data-element_type=\"column\">\n\t\t\t<div class=\"elementor-widget-wrap elementor-element-populated\">\n\t\t\t\t\t\t<div class=\"elementor-element elementor-element-77b506b5 elementor-widget__width-initial elementor-widget elementor-widget-heading\" data-id=\"77b506b5\" data-element_type=\"widget\" data-widget_type=\"heading.default\">\n\t\t\t\t<div class=\"elementor-widget-container\">\n\t\t\t\t\t<h2 class=\"elementor-heading-title elementor-size-default\">\/\/ ImageWare - Scanners de microfilms<\/h2>\t\t\t\t<\/div>\n\t\t\t\t<\/div>\n\t\t\t\t\t<\/div>\n\t\t<\/div>\n\t\t\t\t\t<\/div>\n\t\t<\/section>\n\t\t\t\t<section class=\"elementor-section elementor-top-section elementor-element elementor-element-c9b5ca5 elementor-section-boxed elementor-section-height-default elementor-section-height-default\" data-id=\"c9b5ca5\" data-element_type=\"section\">\n\t\t\t\t\t\t<div class=\"elementor-container elementor-column-gap-default\">\n\t\t\t\t\t<div class=\"elementor-column elementor-col-66 elementor-top-column elementor-element elementor-element-bc382c2\" data-id=\"bc382c2\" data-element_type=\"column\">\n\t\t\t<div class=\"elementor-widget-wrap elementor-element-populated\">\n\t\t\t\t\t\t<div class=\"elementor-element elementor-element-50fbf4b elementor-widget elementor-widget-heading\" data-id=\"50fbf4b\" data-element_type=\"widget\" data-widget_type=\"heading.default\">\n\t\t\t\t<div class=\"elementor-widget-container\">\n\t\t\t\t\t<h2 class=\"elementor-heading-title elementor-size-default\">SL1000Q Scanner de microfilms<\/h2>\t\t\t\t<\/div>\n\t\t\t\t<\/div>\n\t\t\t\t<div class=\"elementor-element elementor-element-72f541d8 elementor-widget elementor-widget-text-editor\" data-id=\"72f541d8\" data-element_type=\"widget\" data-widget_type=\"text-editor.default\">\n\t\t\t\t<div class=\"elementor-widget-container\">\n\t\t\t\t\t\t\t\t\t<div class=\"flex-shrink-0 flex flex-col relative items-end\">\n<div class=\"pt-0\">\n<div class=\"gizmo-bot-avatar flex h-8 w-8 items-center justify-center overflow-hidden rounded-full\">\n<div class=\"relative p-1 rounded-sm flex items-center justify-center bg-token-main-surface-primary text-token-text-primary h-8 w-8\">\n<p>Solution puissante et compacte pour num\u00e9riser divers microfilms, le scanner de microfilms SL1000Q est facile \u00e0 utiliser, rapide et abordable. \u00c9quip\u00e9 de la derni\u00e8re technologie de cam\u00e9ra, le scanner num\u00e9rique de microfilms SL1000Q offre une solution robuste et compacte pour une large gamme de microfilms. Il peut \u00eatre utilis\u00e9 avec le logiciel innovant SL-Touch et le r\u00e9seau d&rsquo;utilisateurs, o\u00f9 les frais d&rsquo;impression peuvent \u00eatre g\u00e9r\u00e9s individuellement.  <\/p>\n<p>Le scanner de film num\u00e9rique SL1000Q constitue une solution \u00e9conomique et peu encombrante pour les utilisateurs des \u00e9tablissements d&rsquo;enseignement, des entreprises et des agences gouvernementales. Gr\u00e2ce aux avantages d&rsquo;un flux de travail num\u00e9rique, il remplace id\u00e9alement les appareils analogiques encombrants et \u00e9nergivores. Vous pouvez visualiser et num\u00e9riser des images en une seconde seulement, effectuer des ajustements d&rsquo;image et num\u00e9riser vers un fichier ou une impression. Une large gamme d&rsquo;options d&rsquo;am\u00e9lioration de la productivit\u00e9 est disponible pour r\u00e9pondre \u00e0 vos besoins dans n&rsquo;importe quel environnement documentaire, offrant une fiabilit\u00e9 sur laquelle vous pouvez compter.   <\/p>\n<p>Le logiciel SL-Touch est sp\u00e9cialement con\u00e7u pour le scanner de film num\u00e9rique SL1000Q. Son interface utilisateur enti\u00e8rement personnalisable en fait le choix privil\u00e9gi\u00e9 dans les environnements multi-utilisateurs. <\/p>\n<\/div>\n<\/div>\n<\/div>\n<\/div>\n\t\t\t\t\t\t\t\t<\/div>\n\t\t\t\t<\/div>\n\t\t\t\t\t<\/div>\n\t\t<\/div>\n\t\t\t\t<div class=\"elementor-column elementor-col-33 elementor-top-column elementor-element elementor-element-bb0283f\" data-id=\"bb0283f\" data-element_type=\"column\">\n\t\t\t<div class=\"elementor-widget-wrap elementor-element-populated\">\n\t\t\t\t\t\t<div class=\"elementor-element elementor-element-873110b elementor-invisible elementor-widget elementor-widget-image\" data-id=\"873110b\" data-element_type=\"widget\" data-settings=\"{&quot;_animation&quot;:&quot;fadeInLeft&quot;}\" data-widget_type=\"image.default\">\n\t\t\t\t<div class=\"elementor-widget-container\">\n\t\t\t\t\t\t\t\t\t\t\t\t\t\t\t<img fetchpriority=\"high\" decoding=\"async\" width=\"800\" height=\"800\" src=\"https:\/\/arquivo.ao\/wp-content\/uploads\/2024\/10\/SL1000Q-RFC-Model-Web-15.png\" class=\"attachment-large size-large wp-image-959\" alt=\"\" srcset=\"https:\/\/arquivo.ao\/wp-content\/uploads\/2024\/10\/SL1000Q-RFC-Model-Web-15.png 800w, https:\/\/arquivo.ao\/wp-content\/uploads\/2024\/10\/SL1000Q-RFC-Model-Web-15-300x300.png 300w, https:\/\/arquivo.ao\/wp-content\/uploads\/2024\/10\/SL1000Q-RFC-Model-Web-15-150x150.png 150w, https:\/\/arquivo.ao\/wp-content\/uploads\/2024\/10\/SL1000Q-RFC-Model-Web-15-768x768.png 768w\" sizes=\"(max-width: 800px) 100vw, 800px\" \/>\t\t\t\t\t\t\t\t\t\t\t\t\t\t\t<\/div>\n\t\t\t\t<\/div>\n\t\t\t\t\t<\/div>\n\t\t<\/div>\n\t\t\t\t\t<\/div>\n\t\t<\/section>\n\t\t\t\t<section class=\"elementor-section elementor-top-section elementor-element elementor-element-bd3279f elementor-section-boxed elementor-section-height-default elementor-section-height-default\" data-id=\"bd3279f\" data-element_type=\"section\">\n\t\t\t\t\t\t<div class=\"elementor-container elementor-column-gap-default\">\n\t\t\t\t\t<div class=\"elementor-column elementor-col-66 elementor-top-column elementor-element elementor-element-dd66582\" data-id=\"dd66582\" data-element_type=\"column\">\n\t\t\t<div class=\"elementor-widget-wrap elementor-element-populated\">\n\t\t\t\t\t\t<div class=\"elementor-element elementor-element-41148a7 elementor-widget elementor-widget-heading\" data-id=\"41148a7\" data-element_type=\"widget\" data-widget_type=\"heading.default\">\n\t\t\t\t<div class=\"elementor-widget-container\">\n\t\t\t\t\t<h2 class=\"elementor-heading-title elementor-size-default\">Scanner de microfilms MS7000 MK II<\/h2>\t\t\t\t<\/div>\n\t\t\t\t<\/div>\n\t\t\t\t<div class=\"elementor-element elementor-element-d2f5b8a elementor-widget elementor-widget-text-editor\" data-id=\"d2f5b8a\" data-element_type=\"widget\" data-widget_type=\"text-editor.default\">\n\t\t\t\t<div class=\"elementor-widget-container\">\n\t\t\t\t\t\t\t\t\t<div class=\"flex-shrink-0 flex flex-col relative items-end\">\n<div class=\"pt-0\">\n<div class=\"gizmo-bot-avatar flex h-8 w-8 items-center justify-center overflow-hidden rounded-full\">\n<div class=\"relative p-1 rounded-sm flex items-center justify-center bg-token-main-surface-primary text-token-text-primary h-8 w-8\">\n<p>Le MS7000 MK II est un scanner puissant qui offre une vue d&rsquo;ensemble de vos informations, facilitant la num\u00e9risation, l&rsquo;impression et la distribution des informations pour le partage \u00e9lectronique. Le MS7000 MKII offre une double sortie vers un ordinateur ou une imprimante avec une simple touche, amplifiant l&rsquo;accessibilit\u00e9 de toute l&rsquo;information sur microfilm. <\/p>\n<p>Avec un \u00e9cran de 12 x 17 pouces, il est id\u00e9al pour l&rsquo;impression recto-verso et les affichages graphiques. Vous pouvez produire rapidement des impressions laser claires et nettes \u00e0 l&rsquo;aide de l&rsquo;imprimante laser autonome, qui est conviviale, et vous pouvez num\u00e9riser vers un ordinateur avec le logiciel innovant Locator Rapide. <\/p>\n<p>Le MS7000 MKII offre \u00e9galement diverses fonctions automatis\u00e9es et des options suppl\u00e9mentaires pour une flexibilit\u00e9 et une commodit\u00e9 accrues, ainsi qu&rsquo;une fiabilit\u00e9 num\u00e9rique, une construction robuste et une rentabilit\u00e9 \u00e0 long terme.<\/p>\n<\/div>\n<\/div>\n<\/div>\n<\/div>\n\t\t\t\t\t\t\t\t<\/div>\n\t\t\t\t<\/div>\n\t\t\t\t\t<\/div>\n\t\t<\/div>\n\t\t\t\t<div class=\"elementor-column elementor-col-33 elementor-top-column elementor-element elementor-element-d2beb6f\" data-id=\"d2beb6f\" data-element_type=\"column\">\n\t\t\t<div class=\"elementor-widget-wrap elementor-element-populated\">\n\t\t\t\t\t\t<div class=\"elementor-element elementor-element-548f5c2 elementor-invisible elementor-widget elementor-widget-image\" data-id=\"548f5c2\" data-element_type=\"widget\" data-settings=\"{&quot;_animation&quot;:&quot;fadeInLeft&quot;}\" data-widget_type=\"image.default\">\n\t\t\t\t<div class=\"elementor-widget-container\">\n\t\t\t\t\t\t\t\t\t\t\t\t\t\t\t<img decoding=\"async\" width=\"455\" height=\"455\" src=\"https:\/\/arquivo.ao\/wp-content\/uploads\/2024\/10\/ms7000mkII_large-wpp1683221957347-e1683222038150-wpp1683222114205.png\" class=\"attachment-large size-large wp-image-957\" alt=\"\" srcset=\"https:\/\/arquivo.ao\/wp-content\/uploads\/2024\/10\/ms7000mkII_large-wpp1683221957347-e1683222038150-wpp1683222114205.png 455w, https:\/\/arquivo.ao\/wp-content\/uploads\/2024\/10\/ms7000mkII_large-wpp1683221957347-e1683222038150-wpp1683222114205-300x300.png 300w, https:\/\/arquivo.ao\/wp-content\/uploads\/2024\/10\/ms7000mkII_large-wpp1683221957347-e1683222038150-wpp1683222114205-150x150.png 150w\" sizes=\"(max-width: 455px) 100vw, 455px\" \/>\t\t\t\t\t\t\t\t\t\t\t\t\t\t\t<\/div>\n\t\t\t\t<\/div>\n\t\t\t\t\t<\/div>\n\t\t<\/div>\n\t\t\t\t\t<\/div>\n\t\t<\/section>\n\t\t\t\t<\/div>\n\t\t","protected":false},"excerpt":{"rendered":"<p>Accueil Scanners de microfilms \/\/ ImageWare &#8211; Scanners de microfilms SL1000Q Scanner de microfilms Solution puissante et compacte pour num\u00e9riser divers microfilms, le scanner de microfilms SL1000Q est facile \u00e0 utiliser, rapide et abordable. \u00c9quip\u00e9 de la derni\u00e8re technologie de cam\u00e9ra, le scanner num\u00e9rique de microfilms SL1000Q offre une solution robuste et compacte pour une [&hellip;]<\/p>\n","protected":false},"author":1,"featured_media":0,"parent":1180,"menu_order":0,"comment_status":"closed","ping_status":"closed","template":"","meta":{"footnotes":""},"class_list":["post-1168","page","type-page","status-publish","hentry"],"_links":{"self":[{"href":"https:\/\/arquivo.ao\/fr\/wp-json\/wp\/v2\/pages\/1168","targetHints":{"allow":["GET"]}}],"collection":[{"href":"https:\/\/arquivo.ao\/fr\/wp-json\/wp\/v2\/pages"}],"about":[{"href":"https:\/\/arquivo.ao\/fr\/wp-json\/wp\/v2\/types\/page"}],"author":[{"embeddable":true,"href":"https:\/\/arquivo.ao\/fr\/wp-json\/wp\/v2\/users\/1"}],"replies":[{"embeddable":true,"href":"https:\/\/arquivo.ao\/fr\/wp-json\/wp\/v2\/comments?post=1168"}],"version-history":[{"count":1,"href":"https:\/\/arquivo.ao\/fr\/wp-json\/wp\/v2\/pages\/1168\/revisions"}],"predecessor-version":[{"id":1169,"href":"https:\/\/arquivo.ao\/fr\/wp-json\/wp\/v2\/pages\/1168\/revisions\/1169"}],"up":[{"embeddable":true,"href":"https:\/\/arquivo.ao\/fr\/wp-json\/wp\/v2\/pages\/1180"}],"wp:attachment":[{"href":"https:\/\/arquivo.ao\/fr\/wp-json\/wp\/v2\/media?parent=1168"}],"curies":[{"name":"wp","href":"https:\/\/api.w.org\/{rel}","templated":true}]}}