{"id":1175,"date":"2024-10-28T21:57:03","date_gmt":"2024-10-28T21:57:03","guid":{"rendered":"https:\/\/arquivo.ao\/imageware-archive-writer\/"},"modified":"2024-10-29T01:54:17","modified_gmt":"2024-10-29T01:54:17","slug":"imageware-archive-writer","status":"publish","type":"page","link":"https:\/\/arquivo.ao\/fr\/microfilm\/imageware-archive-writer\/","title":{"rendered":"ImageWare Archive Writer"},"content":{"rendered":"\t\t<div data-elementor-type=\"wp-page\" data-elementor-id=\"1175\" class=\"elementor elementor-1175 elementor-434\" data-elementor-post-type=\"page\">\n\t\t\t\t\t\t<section class=\"elementor-section elementor-top-section elementor-element elementor-element-12eab05a elementor-section-boxed elementor-section-height-default elementor-section-height-default\" data-id=\"12eab05a\" data-element_type=\"section\">\n\t\t\t\t\t\t<div class=\"elementor-container elementor-column-gap-default\">\n\t\t\t\t\t<div class=\"elementor-column elementor-col-100 elementor-top-column elementor-element elementor-element-3bc3c1a2\" data-id=\"3bc3c1a2\" data-element_type=\"column\">\n\t\t\t<div class=\"elementor-widget-wrap elementor-element-populated\">\n\t\t\t\t\t\t<div class=\"elementor-element elementor-element-436cd4ef elementor-icon-list--layout-inline elementor-list-item-link-full_width elementor-widget elementor-widget-icon-list\" data-id=\"436cd4ef\" data-element_type=\"widget\" data-widget_type=\"icon-list.default\">\n\t\t\t\t<div class=\"elementor-widget-container\">\n\t\t\t\t\t\t\t<ul class=\"elementor-icon-list-items elementor-inline-items\">\n\t\t\t\t\t\t\t<li class=\"elementor-icon-list-item elementor-inline-item\">\n\t\t\t\t\t\t\t\t\t\t\t<a href=\"https:\/\/arquivo.ao\/fr\/\">\n\n\t\t\t\t\t\t\t\t\t\t\t<span class=\"elementor-icon-list-text\">Accueil<\/span>\n\t\t\t\t\t\t\t\t\t\t\t<\/a>\n\t\t\t\t\t\t\t\t\t<\/li>\n\t\t\t\t\t\t\t\t<li class=\"elementor-icon-list-item elementor-inline-item\">\n\t\t\t\t\t\t\t\t\t\t\t<a href=\"https:\/\/arquivo.ao\/fr\/microfilm\/imageware-archive-writer\/\">\n\n\t\t\t\t\t\t\t\t\t\t\t\t<span class=\"elementor-icon-list-icon\">\n\t\t\t\t\t\t\t<svg aria-hidden=\"true\" class=\"e-font-icon-svg e-fas-angle-double-right\" viewBox=\"0 0 448 512\" xmlns=\"http:\/\/www.w3.org\/2000\/svg\"><path d=\"M224.3 273l-136 136c-9.4 9.4-24.6 9.4-33.9 0l-22.6-22.6c-9.4-9.4-9.4-24.6 0-33.9l96.4-96.4-96.4-96.4c-9.4-9.4-9.4-24.6 0-33.9L54.3 103c9.4-9.4 24.6-9.4 33.9 0l136 136c9.5 9.4 9.5 24.6.1 34zm192-34l-136-136c-9.4-9.4-24.6-9.4-33.9 0l-22.6 22.6c-9.4 9.4-9.4 24.6 0 33.9l96.4 96.4-96.4 96.4c-9.4 9.4-9.4 24.6 0 33.9l22.6 22.6c9.4 9.4 24.6 9.4 33.9 0l136-136c9.4-9.2 9.4-24.4 0-33.8z\"><\/path><\/svg>\t\t\t\t\t\t<\/span>\n\t\t\t\t\t\t\t\t\t\t<span class=\"elementor-icon-list-text\">  R\u00e9dacteur d'archives<\/span>\n\t\t\t\t\t\t\t\t\t\t\t<\/a>\n\t\t\t\t\t\t\t\t\t<\/li>\n\t\t\t\t\t\t<\/ul>\n\t\t\t\t\t\t<\/div>\n\t\t\t\t<\/div>\n\t\t\t\t\t<\/div>\n\t\t<\/div>\n\t\t\t\t\t<\/div>\n\t\t<\/section>\n\t\t\t\t<section class=\"elementor-section elementor-top-section elementor-element elementor-element-e78c024 elementor-section-boxed elementor-section-height-default elementor-section-height-default\" data-id=\"e78c024\" data-element_type=\"section\">\n\t\t\t\t\t\t<div class=\"elementor-container elementor-column-gap-default\">\n\t\t\t\t\t<div class=\"elementor-column elementor-col-100 elementor-top-column elementor-element elementor-element-5c24e0b8\" data-id=\"5c24e0b8\" data-element_type=\"column\">\n\t\t\t<div class=\"elementor-widget-wrap elementor-element-populated\">\n\t\t\t\t\t\t<div class=\"elementor-element elementor-element-77b506b5 elementor-widget__width-initial elementor-widget elementor-widget-heading\" data-id=\"77b506b5\" data-element_type=\"widget\" data-widget_type=\"heading.default\">\n\t\t\t\t<div class=\"elementor-widget-container\">\n\t\t\t\t\t<h2 class=\"elementor-heading-title elementor-size-default\">\/\/ ImageWare - Archive Writer<\/h2>\t\t\t\t<\/div>\n\t\t\t\t<\/div>\n\t\t\t\t\t<\/div>\n\t\t<\/div>\n\t\t\t\t\t<\/div>\n\t\t<\/section>\n\t\t\t\t<section class=\"elementor-section elementor-top-section elementor-element elementor-element-c9b5ca5 elementor-section-boxed elementor-section-height-default elementor-section-height-default\" data-id=\"c9b5ca5\" data-element_type=\"section\">\n\t\t\t\t\t\t<div class=\"elementor-container elementor-column-gap-default\">\n\t\t\t\t\t<div class=\"elementor-column elementor-col-66 elementor-top-column elementor-element elementor-element-bc382c2\" data-id=\"bc382c2\" data-element_type=\"column\">\n\t\t\t<div class=\"elementor-widget-wrap elementor-element-populated\">\n\t\t\t\t\t\t<div class=\"elementor-element elementor-element-50fbf4b elementor-widget elementor-widget-heading\" data-id=\"50fbf4b\" data-element_type=\"widget\" data-widget_type=\"heading.default\">\n\t\t\t\t<div class=\"elementor-widget-container\">\n\t\t\t\t\t<h2 class=\"elementor-heading-title elementor-size-default\">SMA 16 Archive Writer<\/h2>\t\t\t\t<\/div>\n\t\t\t\t<\/div>\n\t\t\t\t<div class=\"elementor-element elementor-element-72f541d8 elementor-widget elementor-widget-text-editor\" data-id=\"72f541d8\" data-element_type=\"widget\" data-widget_type=\"text-editor.default\">\n\t\t\t\t<div class=\"elementor-widget-container\">\n\t\t\t\t\t\t\t\t\t<div class=\"flex-shrink-0 flex flex-col relative items-end\">\n<div class=\"pt-0\">\n<div class=\"gizmo-bot-avatar flex h-8 w-8 items-center justify-center overflow-hidden rounded-full\">\n<div class=\"relative p-1 rounded-sm flex items-center justify-center bg-token-main-surface-primary text-token-text-primary h-8 w-8\">\n<p>Le SMA 16 Archive Writer est un appareil portable capable de cr\u00e9er des images en niveaux de gris exclusivement sur des microfilms standard de 16 mm, avec la possibilit\u00e9 d&rsquo;exposer jusqu&rsquo;\u00e0 3 600 images sur microfilm par heure.<\/p>\n<p>Le SMA 16 Archive Writer cr\u00e9e une sauvegarde analogique de vos documents commerciaux num\u00e9riques. La migration des donn\u00e9es de vos archives \u00e9lectroniques n&rsquo;est plus n\u00e9cessaire, car le microfilm est enti\u00e8rement ind\u00e9pendant du support logiciel et mat\u00e9riel. Lorsqu&rsquo;il est produit et stock\u00e9 correctement, le microfilm a une dur\u00e9e de vie pr\u00e9vue de 500 ans. En outre, il est infalsifiable et \u00e0 l&rsquo;abri des virus et des pirates informatiques.   <\/p>\n<p>Le fait que le SMA 16 Archive Writer utilise des microfilms de cam\u00e9ra standard le rend tr\u00e8s \u00e9conomique, l&rsquo;utilisateur n&rsquo;\u00e9tant pas oblig\u00e9 d&rsquo;acheter des consommables propri\u00e9taires. Les mod\u00e8les SMA 51 et SMA 105 sont disponibles pour les films 35 mm ou les microfiches. <\/p>\n<p>Le logiciel utilis\u00e9 pour faire fonctionner le SMA 16 Archive Writer est exceptionnellement convivial. Il suffit de s\u00e9lectionner n&rsquo;importe quel dossier sur votre PC ou votre r\u00e9seau et de l&rsquo;ajouter au menu d&rsquo;enregistrement. Un programme sp\u00e9cial de suivi des images garantit que chaque image est ouverte et correctement enregistr\u00e9e. Si une image est endommag\u00e9e, le syst\u00e8me vous en informe imm\u00e9diatement. \u00c0 la fin de chaque rouleau de film, le logiciel cr\u00e9e un fichier journal pour confirmer l&rsquo;int\u00e9grit\u00e9 de l&rsquo;enregistrement.    <\/p>\n<\/div>\n<\/div>\n<\/div>\n<\/div>\n\t\t\t\t\t\t\t\t<\/div>\n\t\t\t\t<\/div>\n\t\t\t\t\t<\/div>\n\t\t<\/div>\n\t\t\t\t<div class=\"elementor-column elementor-col-33 elementor-top-column elementor-element elementor-element-bb0283f\" data-id=\"bb0283f\" data-element_type=\"column\">\n\t\t\t<div class=\"elementor-widget-wrap elementor-element-populated\">\n\t\t\t\t\t\t<div class=\"elementor-element elementor-element-873110b elementor-invisible elementor-widget elementor-widget-image\" data-id=\"873110b\" data-element_type=\"widget\" data-settings=\"{&quot;_animation&quot;:&quot;fadeInLeft&quot;}\" data-widget_type=\"image.default\">\n\t\t\t\t<div class=\"elementor-widget-container\">\n\t\t\t\t\t\t\t\t\t\t\t\t\t\t\t<img fetchpriority=\"high\" decoding=\"async\" width=\"500\" height=\"500\" src=\"https:\/\/arquivo.ao\/wp-content\/uploads\/2024\/10\/SMA16_Slider_03-omt04yc2e0p31py0su7rjcsi6tchqf77igukbo0tc8-15.jpg\" class=\"attachment-large size-large wp-image-955\" alt=\"\" srcset=\"https:\/\/arquivo.ao\/wp-content\/uploads\/2024\/10\/SMA16_Slider_03-omt04yc2e0p31py0su7rjcsi6tchqf77igukbo0tc8-15.jpg 500w, https:\/\/arquivo.ao\/wp-content\/uploads\/2024\/10\/SMA16_Slider_03-omt04yc2e0p31py0su7rjcsi6tchqf77igukbo0tc8-15-300x300.jpg 300w, https:\/\/arquivo.ao\/wp-content\/uploads\/2024\/10\/SMA16_Slider_03-omt04yc2e0p31py0su7rjcsi6tchqf77igukbo0tc8-15-150x150.jpg 150w\" sizes=\"(max-width: 500px) 100vw, 500px\" \/>\t\t\t\t\t\t\t\t\t\t\t\t\t\t\t<\/div>\n\t\t\t\t<\/div>\n\t\t\t\t\t<\/div>\n\t\t<\/div>\n\t\t\t\t\t<\/div>\n\t\t<\/section>\n\t\t\t\t<section class=\"elementor-section elementor-top-section elementor-element elementor-element-bd3279f elementor-section-boxed elementor-section-height-default elementor-section-height-default\" data-id=\"bd3279f\" data-element_type=\"section\">\n\t\t\t\t\t\t<div class=\"elementor-container elementor-column-gap-default\">\n\t\t\t\t\t<div class=\"elementor-column elementor-col-66 elementor-top-column elementor-element elementor-element-dd66582\" data-id=\"dd66582\" data-element_type=\"column\">\n\t\t\t<div class=\"elementor-widget-wrap elementor-element-populated\">\n\t\t\t\t\t\t<div class=\"elementor-element elementor-element-41148a7 elementor-widget elementor-widget-heading\" data-id=\"41148a7\" data-element_type=\"widget\" data-widget_type=\"heading.default\">\n\t\t\t\t<div class=\"elementor-widget-container\">\n\t\t\t\t\t<h2 class=\"elementor-heading-title elementor-size-default\">SMA 51 R\u00e9dacteur d'archives<\/h2>\t\t\t\t<\/div>\n\t\t\t\t<\/div>\n\t\t\t\t<div class=\"elementor-element elementor-element-d2f5b8a elementor-widget elementor-widget-text-editor\" data-id=\"d2f5b8a\" data-element_type=\"widget\" data-widget_type=\"text-editor.default\">\n\t\t\t\t<div class=\"elementor-widget-container\">\n\t\t\t\t\t\t\t\t\t<div class=\"flex-shrink-0 flex flex-col relative items-end\">\n<div class=\"pt-0\">\n<div class=\"gizmo-bot-avatar flex h-8 w-8 items-center justify-center overflow-hidden rounded-full\">\n<div class=\"relative p-1 rounded-sm flex items-center justify-center bg-token-main-surface-primary text-token-text-primary h-8 w-8\">\n<p>Le premier graveur d&rsquo;archives au monde pour les films 16\/35 mm. Avec des centaines d&rsquo;installations dans le monde entier, le SMA 51 s&rsquo;est forg\u00e9 une r\u00e9putation connue de tous. Avec l&rsquo;introduction de la technologie 8K, la qualit\u00e9 du film produit atteint une toute nouvelle dimension.  <\/p>\n<p>Le SMA 51 Archive Writer cr\u00e9e des copies lisibles de donn\u00e9es num\u00e9riques, qu&rsquo;elles soient g\u00e9n\u00e9r\u00e9es par la num\u00e9risation ou qu&rsquo;elles soient nativement num\u00e9riques. La migration des donn\u00e9es, g\u00e9n\u00e9ralement n\u00e9cessaire pour les archives purement num\u00e9riques, n&rsquo;est pas n\u00e9cessaire ici. Correctement cr\u00e9\u00e9, trait\u00e9 et stock\u00e9 dans des conditions ad\u00e9quates, le microfilm a une dur\u00e9e de vie pr\u00e9vue d&rsquo;au moins 500 ans. En outre, il r\u00e9siste \u00e0 la falsification, aux tentatives de piratage et aux virus.   <\/p>\n<\/div>\n<\/div>\n<\/div>\n<\/div>\n\t\t\t\t\t\t\t\t<\/div>\n\t\t\t\t<\/div>\n\t\t\t\t\t<\/div>\n\t\t<\/div>\n\t\t\t\t<div class=\"elementor-column elementor-col-33 elementor-top-column elementor-element elementor-element-d2beb6f\" data-id=\"d2beb6f\" data-element_type=\"column\">\n\t\t\t<div class=\"elementor-widget-wrap elementor-element-populated\">\n\t\t\t\t\t\t<div class=\"elementor-element elementor-element-548f5c2 elementor-invisible elementor-widget elementor-widget-image\" data-id=\"548f5c2\" data-element_type=\"widget\" data-settings=\"{&quot;_animation&quot;:&quot;fadeInLeft&quot;}\" data-widget_type=\"image.default\">\n\t\t\t\t<div class=\"elementor-widget-container\">\n\t\t\t\t\t\t\t\t\t\t\t\t\t\t\t<img decoding=\"async\" width=\"500\" height=\"500\" src=\"https:\/\/arquivo.ao\/wp-content\/uploads\/2024\/10\/SMA51_8K_Slider_01-omt04yc2e0p31py0su7rjcsi6tchqf77igukbo0tc8-16.jpg\" class=\"attachment-large size-large wp-image-953\" alt=\"\" srcset=\"https:\/\/arquivo.ao\/wp-content\/uploads\/2024\/10\/SMA51_8K_Slider_01-omt04yc2e0p31py0su7rjcsi6tchqf77igukbo0tc8-16.jpg 500w, https:\/\/arquivo.ao\/wp-content\/uploads\/2024\/10\/SMA51_8K_Slider_01-omt04yc2e0p31py0su7rjcsi6tchqf77igukbo0tc8-16-300x300.jpg 300w, https:\/\/arquivo.ao\/wp-content\/uploads\/2024\/10\/SMA51_8K_Slider_01-omt04yc2e0p31py0su7rjcsi6tchqf77igukbo0tc8-16-150x150.jpg 150w\" sizes=\"(max-width: 500px) 100vw, 500px\" \/>\t\t\t\t\t\t\t\t\t\t\t\t\t\t\t<\/div>\n\t\t\t\t<\/div>\n\t\t\t\t\t<\/div>\n\t\t<\/div>\n\t\t\t\t\t<\/div>\n\t\t<\/section>\n\t\t\t\t<\/div>\n\t\t","protected":false},"excerpt":{"rendered":"<p>Accueil R\u00e9dacteur d&rsquo;archives \/\/ ImageWare &#8211; Archive Writer SMA 16 Archive Writer Le SMA 16 Archive Writer est un appareil portable capable de cr\u00e9er des images en niveaux de gris exclusivement sur des microfilms standard de 16 mm, avec la possibilit\u00e9 d&rsquo;exposer jusqu&rsquo;\u00e0 3 600 images sur microfilm par heure. Le SMA 16 Archive Writer [&hellip;]<\/p>\n","protected":false},"author":1,"featured_media":0,"parent":1180,"menu_order":0,"comment_status":"closed","ping_status":"closed","template":"","meta":{"footnotes":""},"class_list":["post-1175","page","type-page","status-publish","hentry"],"_links":{"self":[{"href":"https:\/\/arquivo.ao\/fr\/wp-json\/wp\/v2\/pages\/1175","targetHints":{"allow":["GET"]}}],"collection":[{"href":"https:\/\/arquivo.ao\/fr\/wp-json\/wp\/v2\/pages"}],"about":[{"href":"https:\/\/arquivo.ao\/fr\/wp-json\/wp\/v2\/types\/page"}],"author":[{"embeddable":true,"href":"https:\/\/arquivo.ao\/fr\/wp-json\/wp\/v2\/users\/1"}],"replies":[{"embeddable":true,"href":"https:\/\/arquivo.ao\/fr\/wp-json\/wp\/v2\/comments?post=1175"}],"version-history":[{"count":1,"href":"https:\/\/arquivo.ao\/fr\/wp-json\/wp\/v2\/pages\/1175\/revisions"}],"predecessor-version":[{"id":1177,"href":"https:\/\/arquivo.ao\/fr\/wp-json\/wp\/v2\/pages\/1175\/revisions\/1177"}],"up":[{"embeddable":true,"href":"https:\/\/arquivo.ao\/fr\/wp-json\/wp\/v2\/pages\/1180"}],"wp:attachment":[{"href":"https:\/\/arquivo.ao\/fr\/wp-json\/wp\/v2\/media?parent=1175"}],"curies":[{"name":"wp","href":"https:\/\/api.w.org\/{rel}","templated":true}]}}