{"id":1187,"date":"2024-10-28T21:20:38","date_gmt":"2024-10-28T21:20:38","guid":{"rendered":"https:\/\/arquivo.ao\/scanners\/scanners-grand-format\/"},"modified":"2024-10-29T01:54:19","modified_gmt":"2024-10-29T01:54:19","slug":"scanners-grand-format","status":"publish","type":"page","link":"https:\/\/arquivo.ao\/fr\/scanners\/scanners-grand-format\/","title":{"rendered":"Scanners grand format"},"content":{"rendered":"\t\t<div data-elementor-type=\"wp-page\" data-elementor-id=\"1187\" class=\"elementor elementor-1187 elementor-406\" data-elementor-post-type=\"page\">\n\t\t\t\t\t\t<section class=\"elementor-section elementor-top-section elementor-element elementor-element-12eab05a elementor-section-boxed elementor-section-height-default elementor-section-height-default\" data-id=\"12eab05a\" data-element_type=\"section\">\n\t\t\t\t\t\t<div class=\"elementor-container elementor-column-gap-default\">\n\t\t\t\t\t<div class=\"elementor-column elementor-col-100 elementor-top-column elementor-element elementor-element-3bc3c1a2\" data-id=\"3bc3c1a2\" data-element_type=\"column\">\n\t\t\t<div class=\"elementor-widget-wrap elementor-element-populated\">\n\t\t\t\t\t\t<div class=\"elementor-element elementor-element-436cd4ef elementor-icon-list--layout-inline elementor-list-item-link-full_width elementor-widget elementor-widget-icon-list\" data-id=\"436cd4ef\" data-element_type=\"widget\" data-widget_type=\"icon-list.default\">\n\t\t\t\t<div class=\"elementor-widget-container\">\n\t\t\t\t\t\t\t<ul class=\"elementor-icon-list-items elementor-inline-items\">\n\t\t\t\t\t\t\t<li class=\"elementor-icon-list-item elementor-inline-item\">\n\t\t\t\t\t\t\t\t\t\t\t<a href=\"https:\/\/arquivo.ao\/fr\/\">\n\n\t\t\t\t\t\t\t\t\t\t\t<span class=\"elementor-icon-list-text\">Accueil<\/span>\n\t\t\t\t\t\t\t\t\t\t\t<\/a>\n\t\t\t\t\t\t\t\t\t<\/li>\n\t\t\t\t\t\t\t\t<li class=\"elementor-icon-list-item elementor-inline-item\">\n\t\t\t\t\t\t\t\t\t\t\t<a href=\"https:\/\/arquivo.ao\/fr\/scanners\/scanners-grand-format\/\">\n\n\t\t\t\t\t\t\t\t\t\t\t\t<span class=\"elementor-icon-list-icon\">\n\t\t\t\t\t\t\t<svg aria-hidden=\"true\" class=\"e-font-icon-svg e-fas-angle-double-right\" viewBox=\"0 0 448 512\" xmlns=\"http:\/\/www.w3.org\/2000\/svg\"><path d=\"M224.3 273l-136 136c-9.4 9.4-24.6 9.4-33.9 0l-22.6-22.6c-9.4-9.4-9.4-24.6 0-33.9l96.4-96.4-96.4-96.4c-9.4-9.4-9.4-24.6 0-33.9L54.3 103c9.4-9.4 24.6-9.4 33.9 0l136 136c9.5 9.4 9.5 24.6.1 34zm192-34l-136-136c-9.4-9.4-24.6-9.4-33.9 0l-22.6 22.6c-9.4 9.4-9.4 24.6 0 33.9l96.4 96.4-96.4 96.4c-9.4 9.4-9.4 24.6 0 33.9l22.6 22.6c9.4 9.4 24.6 9.4 33.9 0l136-136c9.4-9.2 9.4-24.4 0-33.8z\"><\/path><\/svg>\t\t\t\t\t\t<\/span>\n\t\t\t\t\t\t\t\t\t\t<span class=\"elementor-icon-list-text\">Scanners grand format<\/span>\n\t\t\t\t\t\t\t\t\t\t\t<\/a>\n\t\t\t\t\t\t\t\t\t<\/li>\n\t\t\t\t\t\t<\/ul>\n\t\t\t\t\t\t<\/div>\n\t\t\t\t<\/div>\n\t\t\t\t\t<\/div>\n\t\t<\/div>\n\t\t\t\t\t<\/div>\n\t\t<\/section>\n\t\t\t\t<section class=\"elementor-section elementor-top-section elementor-element elementor-element-e78c024 elementor-section-boxed elementor-section-height-default elementor-section-height-default\" data-id=\"e78c024\" data-element_type=\"section\">\n\t\t\t\t\t\t<div class=\"elementor-container elementor-column-gap-default\">\n\t\t\t\t\t<div class=\"elementor-column elementor-col-100 elementor-top-column elementor-element elementor-element-5c24e0b8\" data-id=\"5c24e0b8\" data-element_type=\"column\">\n\t\t\t<div class=\"elementor-widget-wrap elementor-element-populated\">\n\t\t\t\t\t\t<div class=\"elementor-element elementor-element-77b506b5 elementor-widget__width-initial elementor-widget elementor-widget-heading\" data-id=\"77b506b5\" data-element_type=\"widget\" data-widget_type=\"heading.default\">\n\t\t\t\t<div class=\"elementor-widget-container\">\n\t\t\t\t\t<h2 class=\"elementor-heading-title elementor-size-default\">\/\/ Image Access - Scanners grand format<\/h2>\t\t\t\t<\/div>\n\t\t\t\t<\/div>\n\t\t\t\t<div class=\"elementor-element elementor-element-a87a8c3 elementor-widget elementor-widget-text-editor\" data-id=\"a87a8c3\" data-element_type=\"widget\" data-widget_type=\"text-editor.default\">\n\t\t\t\t<div class=\"elementor-widget-container\">\n\t\t\t\t\t\t\t\t\t<div class=\"flex-shrink-0 flex flex-col relative items-end\">\n<div class=\"pt-0\">\n<div class=\"gizmo-bot-avatar flex h-8 w-8 items-center justify-center overflow-hidden rounded-full\">\n<div class=\"relative p-1 rounded-sm flex items-center justify-center bg-token-main-surface-primary text-token-text-primary h-8 w-8\">\n<p>Fond\u00e9e en 1994, Image Access est un leader technologique sur le march\u00e9, d\u00e9veloppant et fournissant des scanners grand format innovants et des solutions de num\u00e9risation \u00e0 des clients dans presque tous les pays du monde. Les scanners d&rsquo;Image Access produisent des images de la plus haute qualit\u00e9 aux vitesses les plus rapides disponibles sur le march\u00e9 du grand format. L&rsquo;entreprise s&rsquo;attache \u00e0 fournir des produits durables et respectueux de l&rsquo;environnement, en utilisant un \u00e9clairage LED de longue dur\u00e9e, une conformit\u00e9 permanente aux normes \u00e9cologiques et sa plate-forme technologique propri\u00e9taire, Scan2Net\u00ae &#8211; une norme reconnue pour sa fiabilit\u00e9, sa flexibilit\u00e9 et sa facilit\u00e9 d&rsquo;utilisation.  <\/p>\n<p>Image Access est le seul fabricant de scanners \u00e0 proposer des produits dans tous les segments du grand format :<\/p>\n<ul>\n<li>Scanners de livres pour les livres de valeur de taille sup\u00e9rieure \u00e0 A1<\/li>\n<li>Scanners \u00e0 plat pour les formats sup\u00e9rieurs \u00e0 DIN A3<\/li>\n<li>Scanners \u00e0 feuilles pour les documents de 91,44, 121,92 et 152,4 cm de large<\/li>\n<li>Scanners Fine Art pour la num\u00e9risation sans contact<\/li>\n<\/ul>\n<\/div>\n<\/div>\n<\/div>\n<\/div>\n\t\t\t\t\t\t\t\t<\/div>\n\t\t\t\t<\/div>\n\t\t\t\t\t<\/div>\n\t\t<\/div>\n\t\t\t\t\t<\/div>\n\t\t<\/section>\n\t\t\t\t<section class=\"elementor-section elementor-top-section elementor-element elementor-element-c9b5ca5 elementor-section-boxed elementor-section-height-default elementor-section-height-default\" data-id=\"c9b5ca5\" data-element_type=\"section\">\n\t\t\t\t\t\t<div class=\"elementor-container elementor-column-gap-default\">\n\t\t\t\t\t<div class=\"elementor-column elementor-col-66 elementor-top-column elementor-element elementor-element-bc382c2\" data-id=\"bc382c2\" data-element_type=\"column\">\n\t\t\t<div class=\"elementor-widget-wrap elementor-element-populated\">\n\t\t\t\t\t\t<div class=\"elementor-element elementor-element-50fbf4b elementor-widget elementor-widget-heading\" data-id=\"50fbf4b\" data-element_type=\"widget\" data-widget_type=\"heading.default\">\n\t\t\t\t<div class=\"elementor-widget-container\">\n\t\t\t\t\t<h2 class=\"elementor-heading-title elementor-size-default\">Scanner WideTEK 36CL<\/h2>\t\t\t\t<\/div>\n\t\t\t\t<\/div>\n\t\t\t\t<div class=\"elementor-element elementor-element-72f541d8 elementor-widget elementor-widget-text-editor\" data-id=\"72f541d8\" data-element_type=\"widget\" data-widget_type=\"text-editor.default\">\n\t\t\t\t<div class=\"elementor-widget-container\">\n\t\t\t\t\t\t\t\t\t<div class=\"flex-shrink-0 flex flex-col relative items-end\">\n<div class=\"pt-0\">\n<div class=\"gizmo-bot-avatar flex h-8 w-8 items-center justify-center overflow-hidden rounded-full\">\n<div class=\"relative p-1 rounded-sm flex items-center justify-center bg-token-main-surface-primary text-token-text-primary h-8 w-8\">\n<ul>\n<li>Grand \u00e9cran tactile couleur de 21 pouces pour une utilisation simplifi\u00e9e<\/li>\n<li>Eclairage par LED, pas d&rsquo;\u00e9chauffement de la lampe, pas de rayonnement IR\/UV<\/li>\n<li>Scans de 36 pouces de large, longueur presque illimit\u00e9e<\/li>\n<li>Num\u00e9risation couleur la plus rapide \u00e0 22,9 m\/min pour 200 ppp<\/li>\n<li>R\u00e9solution du scanner 1200 x 1200 dpi<\/li>\n<li>Recadrage et alignement automatiques des images num\u00e9ris\u00e9es<\/li>\n<li>Num\u00e9risation de documents face vers le haut (plus de num\u00e9risation \u00ab\u00a0\u00e0 l&rsquo;aveugle\u00a0\u00bb)<\/li>\n<\/ul>\n<\/div>\n<\/div>\n<\/div>\n<\/div>\n\t\t\t\t\t\t\t\t<\/div>\n\t\t\t\t<\/div>\n\t\t\t\t\t<\/div>\n\t\t<\/div>\n\t\t\t\t<div class=\"elementor-column elementor-col-33 elementor-top-column elementor-element elementor-element-bb0283f\" data-id=\"bb0283f\" data-element_type=\"column\">\n\t\t\t<div class=\"elementor-widget-wrap elementor-element-populated\">\n\t\t\t\t\t\t<div class=\"elementor-element elementor-element-873110b elementor-invisible elementor-widget elementor-widget-image\" data-id=\"873110b\" data-element_type=\"widget\" data-settings=\"{&quot;_animation&quot;:&quot;fadeInLeft&quot;}\" data-widget_type=\"image.default\">\n\t\t\t\t<div class=\"elementor-widget-container\">\n\t\t\t\t\t\t\t\t\t\t\t\t\t\t\t<img fetchpriority=\"high\" decoding=\"async\" width=\"413\" height=\"386\" src=\"https:\/\/arquivo.ao\/wp-content\/uploads\/2024\/10\/WT36CL-600_RENDER_FRONTAL_DRAWING.png\" class=\"attachment-large size-large wp-image-951\" alt=\"\" srcset=\"https:\/\/arquivo.ao\/wp-content\/uploads\/2024\/10\/WT36CL-600_RENDER_FRONTAL_DRAWING.png 413w, https:\/\/arquivo.ao\/wp-content\/uploads\/2024\/10\/WT36CL-600_RENDER_FRONTAL_DRAWING-300x280.png 300w\" sizes=\"(max-width: 413px) 100vw, 413px\" \/>\t\t\t\t\t\t\t\t\t\t\t\t\t\t\t<\/div>\n\t\t\t\t<\/div>\n\t\t\t\t\t<\/div>\n\t\t<\/div>\n\t\t\t\t\t<\/div>\n\t\t<\/section>\n\t\t\t\t<section class=\"elementor-section elementor-top-section elementor-element elementor-element-47e48a8 elementor-section-boxed elementor-section-height-default elementor-section-height-default\" data-id=\"47e48a8\" data-element_type=\"section\">\n\t\t\t\t\t\t<div class=\"elementor-container elementor-column-gap-default\">\n\t\t\t\t\t<div class=\"elementor-column elementor-col-66 elementor-top-column elementor-element elementor-element-8a40277\" data-id=\"8a40277\" data-element_type=\"column\">\n\t\t\t<div class=\"elementor-widget-wrap elementor-element-populated\">\n\t\t\t\t\t\t<div class=\"elementor-element elementor-element-f761f46 elementor-widget elementor-widget-heading\" data-id=\"f761f46\" data-element_type=\"widget\" data-widget_type=\"heading.default\">\n\t\t\t\t<div class=\"elementor-widget-container\">\n\t\t\t\t\t<h2 class=\"elementor-heading-title elementor-size-default\">WideTEK\u00ae 36 CCD pour le format A0<\/h2>\t\t\t\t<\/div>\n\t\t\t\t<\/div>\n\t\t\t\t<div class=\"elementor-element elementor-element-396318d elementor-widget elementor-widget-text-editor\" data-id=\"396318d\" data-element_type=\"widget\" data-widget_type=\"text-editor.default\">\n\t\t\t\t<div class=\"elementor-widget-container\">\n\t\t\t\t\t\t\t\t\t<div class=\"flex-shrink-0 flex flex-col relative items-end\">\n<div class=\"pt-0\">\n<div class=\"gizmo-bot-avatar flex h-8 w-8 items-center justify-center overflow-hidden rounded-full\">\n<div class=\"relative p-1 rounded-sm flex items-center justify-center bg-token-main-surface-primary text-token-text-primary h-8 w-8\">\n<ul>\n<li>Scanne jusqu&rsquo;\u00e0 une largeur de 36 pouces (915 mm)<\/li>\n<li>D\u00e9passe les directives FADGI ***, ISO 19264-1<\/li>\n<li>Num\u00e9risation couleur la plus rapide \u00e0 22,9 m\/min pour 200 ppp<\/li>\n<li>R\u00e9solution de 1200 x 1200 dpi<\/li>\n<li>Recadrage et alignement automatiques des images num\u00e9ris\u00e9es<\/li>\n<li>Double \u00e9clairage LED avec diffuseur de lumi\u00e8re naturelle, sans rayonnement IR\/UV<\/li>\n<li>Grand \u00e9cran tactile couleur WVGA<\/li>\n<li> <\/li>\n<\/ul>\n<\/div>\n<\/div>\n<\/div>\n<\/div>\n\t\t\t\t\t\t\t\t<\/div>\n\t\t\t\t<\/div>\n\t\t\t\t\t<\/div>\n\t\t<\/div>\n\t\t\t\t<div class=\"elementor-column elementor-col-33 elementor-top-column elementor-element elementor-element-8f0d9c3\" data-id=\"8f0d9c3\" data-element_type=\"column\">\n\t\t\t<div class=\"elementor-widget-wrap elementor-element-populated\">\n\t\t\t\t\t\t<div class=\"elementor-element elementor-element-2e43e57 elementor-invisible elementor-widget elementor-widget-image\" data-id=\"2e43e57\" data-element_type=\"widget\" data-settings=\"{&quot;_animation&quot;:&quot;fadeInLeft&quot;}\" data-widget_type=\"image.default\">\n\t\t\t\t<div class=\"elementor-widget-container\">\n\t\t\t\t\t\t\t\t\t\t\t\t\t\t\t<img decoding=\"async\" width=\"386\" height=\"386\" src=\"https:\/\/arquivo.ao\/wp-content\/uploads\/2024\/10\/WT36-600_RENDER_FRONTAL_TEMPLATE.png\" class=\"attachment-large size-large wp-image-949\" alt=\"\" srcset=\"https:\/\/arquivo.ao\/wp-content\/uploads\/2024\/10\/WT36-600_RENDER_FRONTAL_TEMPLATE.png 386w, https:\/\/arquivo.ao\/wp-content\/uploads\/2024\/10\/WT36-600_RENDER_FRONTAL_TEMPLATE-300x300.png 300w, https:\/\/arquivo.ao\/wp-content\/uploads\/2024\/10\/WT36-600_RENDER_FRONTAL_TEMPLATE-150x150.png 150w\" sizes=\"(max-width: 386px) 100vw, 386px\" \/>\t\t\t\t\t\t\t\t\t\t\t\t\t\t\t<\/div>\n\t\t\t\t<\/div>\n\t\t\t\t\t<\/div>\n\t\t<\/div>\n\t\t\t\t\t<\/div>\n\t\t<\/section>\n\t\t\t\t<\/div>\n\t\t","protected":false},"excerpt":{"rendered":"<p>Accueil Scanners grand format \/\/ Image Access &#8211; Scanners grand format Fond\u00e9e en 1994, Image Access est un leader technologique sur le march\u00e9, d\u00e9veloppant et fournissant des scanners grand format innovants et des solutions de num\u00e9risation \u00e0 des clients dans presque tous les pays du monde. Les scanners d&rsquo;Image Access produisent des images de la [&hellip;]<\/p>\n","protected":false},"author":1,"featured_media":0,"parent":1186,"menu_order":0,"comment_status":"closed","ping_status":"closed","template":"","meta":{"footnotes":""},"class_list":["post-1187","page","type-page","status-publish","hentry"],"_links":{"self":[{"href":"https:\/\/arquivo.ao\/fr\/wp-json\/wp\/v2\/pages\/1187","targetHints":{"allow":["GET"]}}],"collection":[{"href":"https:\/\/arquivo.ao\/fr\/wp-json\/wp\/v2\/pages"}],"about":[{"href":"https:\/\/arquivo.ao\/fr\/wp-json\/wp\/v2\/types\/page"}],"author":[{"embeddable":true,"href":"https:\/\/arquivo.ao\/fr\/wp-json\/wp\/v2\/users\/1"}],"replies":[{"embeddable":true,"href":"https:\/\/arquivo.ao\/fr\/wp-json\/wp\/v2\/comments?post=1187"}],"version-history":[{"count":1,"href":"https:\/\/arquivo.ao\/fr\/wp-json\/wp\/v2\/pages\/1187\/revisions"}],"predecessor-version":[{"id":1188,"href":"https:\/\/arquivo.ao\/fr\/wp-json\/wp\/v2\/pages\/1187\/revisions\/1188"}],"up":[{"embeddable":true,"href":"https:\/\/arquivo.ao\/fr\/wp-json\/wp\/v2\/pages\/1186"}],"wp:attachment":[{"href":"https:\/\/arquivo.ao\/fr\/wp-json\/wp\/v2\/media?parent=1187"}],"curies":[{"name":"wp","href":"https:\/\/api.w.org\/{rel}","templated":true}]}}