{"id":1231,"date":"2024-10-27T21:49:00","date_gmt":"2024-10-27T21:49:00","guid":{"rendered":"https:\/\/arquivo.ao\/produits\/logiciel-open-text-ecm\/"},"modified":"2024-10-29T01:54:36","modified_gmt":"2024-10-29T01:54:36","slug":"logiciel-open-text-ecm","status":"publish","type":"page","link":"https:\/\/arquivo.ao\/fr\/produits\/logiciel-open-text-ecm\/","title":{"rendered":"Logiciel Open Text ECM"},"content":{"rendered":"\t\t<div data-elementor-type=\"wp-page\" data-elementor-id=\"1231\" class=\"elementor elementor-1231 elementor-256\" data-elementor-post-type=\"page\">\n\t\t\t\t\t\t<section class=\"elementor-section elementor-top-section elementor-element elementor-element-12eab05a elementor-section-boxed elementor-section-height-default elementor-section-height-default\" data-id=\"12eab05a\" data-element_type=\"section\">\n\t\t\t\t\t\t<div class=\"elementor-container elementor-column-gap-default\">\n\t\t\t\t\t<div class=\"elementor-column elementor-col-100 elementor-top-column elementor-element elementor-element-3bc3c1a2\" data-id=\"3bc3c1a2\" data-element_type=\"column\">\n\t\t\t<div class=\"elementor-widget-wrap elementor-element-populated\">\n\t\t\t\t\t\t<div class=\"elementor-element elementor-element-436cd4ef elementor-icon-list--layout-inline elementor-list-item-link-full_width elementor-widget elementor-widget-icon-list\" data-id=\"436cd4ef\" data-element_type=\"widget\" data-widget_type=\"icon-list.default\">\n\t\t\t\t<div class=\"elementor-widget-container\">\n\t\t\t\t\t\t\t<ul class=\"elementor-icon-list-items elementor-inline-items\">\n\t\t\t\t\t\t\t<li class=\"elementor-icon-list-item elementor-inline-item\">\n\t\t\t\t\t\t\t\t\t\t\t<a href=\"https:\/\/arquivo.ao\/fr\/\">\n\n\t\t\t\t\t\t\t\t\t\t\t<span class=\"elementor-icon-list-text\">Accueil<\/span>\n\t\t\t\t\t\t\t\t\t\t\t<\/a>\n\t\t\t\t\t\t\t\t\t<\/li>\n\t\t\t\t\t\t\t\t<li class=\"elementor-icon-list-item elementor-inline-item\">\n\t\t\t\t\t\t\t\t\t\t\t<a href=\"https:\/\/arquivo.ao\/fr\/produits\/logiciel-open-text-ecm\/\">\n\n\t\t\t\t\t\t\t\t\t\t\t\t<span class=\"elementor-icon-list-icon\">\n\t\t\t\t\t\t\t<svg aria-hidden=\"true\" class=\"e-font-icon-svg e-fas-angle-double-right\" viewBox=\"0 0 448 512\" xmlns=\"http:\/\/www.w3.org\/2000\/svg\"><path d=\"M224.3 273l-136 136c-9.4 9.4-24.6 9.4-33.9 0l-22.6-22.6c-9.4-9.4-9.4-24.6 0-33.9l96.4-96.4-96.4-96.4c-9.4-9.4-9.4-24.6 0-33.9L54.3 103c9.4-9.4 24.6-9.4 33.9 0l136 136c9.5 9.4 9.5 24.6.1 34zm192-34l-136-136c-9.4-9.4-24.6-9.4-33.9 0l-22.6 22.6c-9.4 9.4-9.4 24.6 0 33.9l96.4 96.4-96.4 96.4c-9.4 9.4-9.4 24.6 0 33.9l22.6 22.6c9.4 9.4 24.6 9.4 33.9 0l136-136c9.4-9.2 9.4-24.4 0-33.8z\"><\/path><\/svg>\t\t\t\t\t\t<\/span>\n\t\t\t\t\t\t\t\t\t\t<span class=\"elementor-icon-list-text\">Logiciel Open Text ECM<\/span>\n\t\t\t\t\t\t\t\t\t\t\t<\/a>\n\t\t\t\t\t\t\t\t\t<\/li>\n\t\t\t\t\t\t<\/ul>\n\t\t\t\t\t\t<\/div>\n\t\t\t\t<\/div>\n\t\t\t\t\t<\/div>\n\t\t<\/div>\n\t\t\t\t\t<\/div>\n\t\t<\/section>\n\t\t\t\t<section class=\"elementor-section elementor-top-section elementor-element elementor-element-e78c024 elementor-section-boxed elementor-section-height-default elementor-section-height-default\" data-id=\"e78c024\" data-element_type=\"section\">\n\t\t\t\t\t\t<div class=\"elementor-container elementor-column-gap-default\">\n\t\t\t\t\t<div class=\"elementor-column elementor-col-100 elementor-top-column elementor-element elementor-element-5c24e0b8\" data-id=\"5c24e0b8\" data-element_type=\"column\">\n\t\t\t<div class=\"elementor-widget-wrap elementor-element-populated\">\n\t\t\t\t\t\t<div class=\"elementor-element elementor-element-77b506b5 elementor-widget__width-initial elementor-widget elementor-widget-heading\" data-id=\"77b506b5\" data-element_type=\"widget\" data-widget_type=\"heading.default\">\n\t\t\t\t<div class=\"elementor-widget-container\">\n\t\t\t\t\t<h2 class=\"elementor-heading-title elementor-size-default\">\/\/ Logiciel ECM d'Open Text<\/h2>\t\t\t\t<\/div>\n\t\t\t\t<\/div>\n\t\t\t\t<div class=\"elementor-element elementor-element-72f541d8 elementor-widget elementor-widget-text-editor\" data-id=\"72f541d8\" data-element_type=\"widget\" data-widget_type=\"text-editor.default\">\n\t\t\t\t<div class=\"elementor-widget-container\">\n\t\t\t\t\t\t\t\t\t<p>La <strong>gestion de l&rsquo;information d&rsquo;entreprise (EIM)<\/strong> repr\u00e9sente un domaine particulier dans le domaine des technologies de l&rsquo;information. La sp\u00e9cificit\u00e9 de cette strat\u00e9gie se traduit par la recherche professionnelle de solutions pour l&rsquo;utilisation de l&rsquo;information au sein d&rsquo;une organisation donn\u00e9e, par le soutien au processus de prise de d\u00e9cision, ainsi que par l&rsquo;am\u00e9lioration des op\u00e9rations de l&rsquo;organisation au quotidien. <\/p>\n<p>Le syst\u00e8me <strong>EIM<\/strong> permet au client de g\u00e9rer une grande quantit\u00e9 de donn\u00e9es provenant de diff\u00e9rents r\u00e9pertoires avec une r\u00e9gulation et un contr\u00f4le imm\u00e9diats du contenu, afin d&rsquo;obtenir les informations souhait\u00e9es le plus rapidement possible pour prendre des d\u00e9cisions commerciales optimales.<br \/>Selon le rapport Gartner pour le march\u00e9 <strong>ECM<\/strong><strong>(Enterprise Content Management<\/strong>, l&rsquo;un des aspects cl\u00e9s du syst\u00e8me EIM) \u00e0 partir de 2020, <strong>OpenText<\/strong> est le premier fabricant mondial de solutions ECM avec des modules int\u00e9gr\u00e9s DMS &#8211; Document Management et BPM &#8211; Business Process Management pour la gestion des documents \u00e9lectroniques et l&rsquo;automatisation des processus d&rsquo;entreprise sur le march\u00e9 mondial.<br \/>Parmi les avantages qui font de ce syst\u00e8me le meilleur au monde, citons sa simplicit\u00e9 de mise en \u0153uvre, sa capacit\u00e9 pratiquement illimit\u00e9e \u00e0 s&rsquo;adapter aux exigences les plus diverses des clients (avec une facilit\u00e9 d&rsquo;int\u00e9gration avec d&rsquo;autres syst\u00e8mes d&rsquo;information des utilisateurs), ainsi que l&rsquo;utilisation extr\u00eamement simplifi\u00e9e du syst\u00e8me pour les utilisateurs finaux.<\/p>\n<p>OpenText a \u00e9galement conclu un partenariat strat\u00e9gique avec SAP, actuellement le plus grand fabricant de syst\u00e8mes ERP, qui utilise la plate-forme ECM d&rsquo;OpenTekt pour g\u00e9rer les documents num\u00e9ris\u00e9s. \u00c0 l&rsquo;heure actuelle, OpenTekt prend en charge plus de 50 000 000 d&rsquo;installations dans le monde entier, avec plus de 10 000 000 d&rsquo;utilisateurs de ce syst\u00e8me. <br \/>La soci\u00e9t\u00e9 EIM d.o.o. est le distributeur g\u00e9n\u00e9ral des solutions ECM d&rsquo;OpenTekt, dans lesquelles ARHIVIRAJ.COM int\u00e8gre des services d&rsquo;archivage, de num\u00e9risation et de microfilmage.<br \/>R\u00e9f\u00e9rence OPEN TEXT (liste partielle)<br \/>Airbus, Alaska Airlines, Audi, Barclays Bank, BMW, British Council, BT, Citibank, DaimlerChrysler, Dove Chemical, Banque europ\u00e9enne d&rsquo;investissement (BEI), Minist\u00e8re f\u00e9d\u00e9ral de l&rsquo;int\u00e9rieur, General Motors, HBO, Organisation internationale de normalisation (ISO), Mitsubishi Automotive Engineering (MAE), Motorola, Oral-B, Roche, Raiffeisen Informatik, Samsonite, Sasol, Shell, Siemens, Siemens A&amp;D, Siemens\/OSRAM, Sprint, Hospital St. John&rsquo;s, Time Warner, United Bank of Switzerland (UBS), US Air Force, US Army, US Army Reserve, US Patent and Trademark Office (USPTO), Whirlpool.<\/p>\n\t\t\t\t\t\t\t\t<\/div>\n\t\t\t\t<\/div>\n\t\t\t\t\t<\/div>\n\t\t<\/div>\n\t\t\t\t\t<\/div>\n\t\t<\/section>\n\t\t\t\t<\/div>\n\t\t","protected":false},"excerpt":{"rendered":"<p>Accueil Logiciel Open Text ECM \/\/ Logiciel ECM d&rsquo;Open Text La gestion de l&rsquo;information d&rsquo;entreprise (EIM) repr\u00e9sente un domaine particulier dans le domaine des technologies de l&rsquo;information. La sp\u00e9cificit\u00e9 de cette strat\u00e9gie se traduit par la recherche professionnelle de solutions pour l&rsquo;utilisation de l&rsquo;information au sein d&rsquo;une organisation donn\u00e9e, par le soutien au processus de [&hellip;]<\/p>\n","protected":false},"author":1,"featured_media":0,"parent":1047,"menu_order":0,"comment_status":"closed","ping_status":"closed","template":"","meta":{"footnotes":""},"class_list":["post-1231","page","type-page","status-publish","hentry"],"_links":{"self":[{"href":"https:\/\/arquivo.ao\/fr\/wp-json\/wp\/v2\/pages\/1231","targetHints":{"allow":["GET"]}}],"collection":[{"href":"https:\/\/arquivo.ao\/fr\/wp-json\/wp\/v2\/pages"}],"about":[{"href":"https:\/\/arquivo.ao\/fr\/wp-json\/wp\/v2\/types\/page"}],"author":[{"embeddable":true,"href":"https:\/\/arquivo.ao\/fr\/wp-json\/wp\/v2\/users\/1"}],"replies":[{"embeddable":true,"href":"https:\/\/arquivo.ao\/fr\/wp-json\/wp\/v2\/comments?post=1231"}],"version-history":[{"count":1,"href":"https:\/\/arquivo.ao\/fr\/wp-json\/wp\/v2\/pages\/1231\/revisions"}],"predecessor-version":[{"id":1232,"href":"https:\/\/arquivo.ao\/fr\/wp-json\/wp\/v2\/pages\/1231\/revisions\/1232"}],"up":[{"embeddable":true,"href":"https:\/\/arquivo.ao\/fr\/wp-json\/wp\/v2\/pages\/1047"}],"wp:attachment":[{"href":"https:\/\/arquivo.ao\/fr\/wp-json\/wp\/v2\/media?parent=1231"}],"curies":[{"name":"wp","href":"https:\/\/api.w.org\/{rel}","templated":true}]}}