{"id":1015,"date":"2024-10-27T20:52:39","date_gmt":"2024-10-27T20:52:39","guid":{"rendered":"https:\/\/arquivo.ao\/sobre-nos\/"},"modified":"2024-10-29T01:51:28","modified_gmt":"2024-10-29T01:51:28","slug":"sobre-nos","status":"publish","type":"page","link":"https:\/\/arquivo.ao\/pt-pt\/sobre-nos\/","title":{"rendered":"Sobre n\u00f3s"},"content":{"rendered":"\t\t<div data-elementor-type=\"wp-page\" data-elementor-id=\"1015\" class=\"elementor elementor-1015 elementor-8\" data-elementor-post-type=\"page\">\n\t\t\t\t\t\t<section class=\"elementor-section elementor-top-section elementor-element elementor-element-4835f3fb elementor-section-full_width elementor-section-height-full elementor-section-height-default elementor-section-items-middle\" data-id=\"4835f3fb\" data-element_type=\"section\" data-settings=\"{&quot;background_background&quot;:&quot;classic&quot;}\">\n\t\t\t\t\t\t<div class=\"elementor-container elementor-column-gap-default\">\n\t\t\t\t\t<div class=\"elementor-column elementor-col-100 elementor-top-column elementor-element elementor-element-7e9f1664\" data-id=\"7e9f1664\" data-element_type=\"column\">\n\t\t\t<div class=\"elementor-widget-wrap\">\n\t\t\t\t\t\t\t<\/div>\n\t\t<\/div>\n\t\t\t\t\t<\/div>\n\t\t<\/section>\n\t\t\t\t<section class=\"elementor-section elementor-top-section elementor-element elementor-element-59e3c33e elementor-section-boxed elementor-section-height-default elementor-section-height-default\" data-id=\"59e3c33e\" data-element_type=\"section\">\n\t\t\t\t\t\t<div class=\"elementor-container elementor-column-gap-default\">\n\t\t\t\t\t<div class=\"elementor-column elementor-col-100 elementor-top-column elementor-element elementor-element-2d3c36d5\" data-id=\"2d3c36d5\" data-element_type=\"column\">\n\t\t\t<div class=\"elementor-widget-wrap elementor-element-populated\">\n\t\t\t\t\t\t<div class=\"elementor-element elementor-element-34f781fe elementor-icon-list--layout-inline elementor-list-item-link-full_width elementor-widget elementor-widget-icon-list\" data-id=\"34f781fe\" data-element_type=\"widget\" data-widget_type=\"icon-list.default\">\n\t\t\t\t<div class=\"elementor-widget-container\">\n\t\t\t\t\t\t\t<ul class=\"elementor-icon-list-items elementor-inline-items\">\n\t\t\t\t\t\t\t<li class=\"elementor-icon-list-item elementor-inline-item\">\n\t\t\t\t\t\t\t\t\t\t\t<a href=\"https:\/\/arquivo.ao\/pt-pt\/\">\n\n\t\t\t\t\t\t\t\t\t\t\t<span class=\"elementor-icon-list-text\">Casa<\/span>\n\t\t\t\t\t\t\t\t\t\t\t<\/a>\n\t\t\t\t\t\t\t\t\t<\/li>\n\t\t\t\t\t\t\t\t<li class=\"elementor-icon-list-item elementor-inline-item\">\n\t\t\t\t\t\t\t\t\t\t\t<a href=\"https:\/\/arquivo.ao\/pt-pt\/sobre-nos\/\">\n\n\t\t\t\t\t\t\t\t\t\t\t\t<span class=\"elementor-icon-list-icon\">\n\t\t\t\t\t\t\t<svg aria-hidden=\"true\" class=\"e-font-icon-svg e-fas-angle-double-right\" viewBox=\"0 0 448 512\" xmlns=\"http:\/\/www.w3.org\/2000\/svg\"><path d=\"M224.3 273l-136 136c-9.4 9.4-24.6 9.4-33.9 0l-22.6-22.6c-9.4-9.4-9.4-24.6 0-33.9l96.4-96.4-96.4-96.4c-9.4-9.4-9.4-24.6 0-33.9L54.3 103c9.4-9.4 24.6-9.4 33.9 0l136 136c9.5 9.4 9.5 24.6.1 34zm192-34l-136-136c-9.4-9.4-24.6-9.4-33.9 0l-22.6 22.6c-9.4 9.4-9.4 24.6 0 33.9l96.4 96.4-96.4 96.4c-9.4 9.4-9.4 24.6 0 33.9l22.6 22.6c9.4 9.4 24.6 9.4 33.9 0l136-136c9.4-9.2 9.4-24.4 0-33.8z\"><\/path><\/svg>\t\t\t\t\t\t<\/span>\n\t\t\t\t\t\t\t\t\t\t<span class=\"elementor-icon-list-text\">Sobre n\u00f3s<\/span>\n\t\t\t\t\t\t\t\t\t\t\t<\/a>\n\t\t\t\t\t\t\t\t\t<\/li>\n\t\t\t\t\t\t<\/ul>\n\t\t\t\t\t\t<\/div>\n\t\t\t\t<\/div>\n\t\t\t\t\t<\/div>\n\t\t<\/div>\n\t\t\t\t\t<\/div>\n\t\t<\/section>\n\t\t\t\t<section class=\"elementor-section elementor-top-section elementor-element elementor-element-7a1f2f7c elementor-section-boxed elementor-section-height-default elementor-section-height-default\" data-id=\"7a1f2f7c\" data-element_type=\"section\">\n\t\t\t\t\t\t<div class=\"elementor-container elementor-column-gap-default\">\n\t\t\t\t\t<div class=\"elementor-column elementor-col-100 elementor-top-column elementor-element elementor-element-b671c12\" data-id=\"b671c12\" data-element_type=\"column\">\n\t\t\t<div class=\"elementor-widget-wrap elementor-element-populated\">\n\t\t\t\t\t\t<div class=\"elementor-element elementor-element-11e3d999 elementor-widget__width-initial elementor-widget elementor-widget-heading\" data-id=\"11e3d999\" data-element_type=\"widget\" data-widget_type=\"heading.default\">\n\t\t\t\t<div class=\"elementor-widget-container\">\n\t\t\t\t\t<h2 class=\"elementor-heading-title elementor-size-default\">\/\/ Sobre n\u00f3s<\/h2>\t\t\t\t<\/div>\n\t\t\t\t<\/div>\n\t\t\t\t<div class=\"elementor-element elementor-element-39270358 elementor-widget elementor-widget-text-editor\" data-id=\"39270358\" data-element_type=\"widget\" data-widget_type=\"text-editor.default\">\n\t\t\t\t<div class=\"elementor-widget-container\">\n\t\t\t\t\t\t\t\t\t<p>A empresa ARQUIVO, juntamente com as suas empresas parceiras, com sede em Belgrado, especializa-se com sucesso no desenvolvimento, implementa\u00e7\u00e3o, integra\u00e7\u00e3o e manuten\u00e7\u00e3o de Sistemas de Gest\u00e3o Documental, solu\u00e7\u00f5es de arquivo e microfilmagem, bem como solu\u00e7\u00f5es para assinaturas electr\u00f3nicas qualificadas e identidades digitais.<\/p>\n<p>Oferecemos aos nossos clientes sistemas e equipamentos de \u00faltima gera\u00e7\u00e3o dos principais fabricantes mundiais, tais como OPEN TEXT, KODAK ALARIS, ZEBRA, THALES, AET, ATIZ, e-ImageData, IMAGE ACCESS, SIGNOTEC, juntamente com sistemas de acompanhamento para os quais fornecemos apoio t\u00e9cnico e servi\u00e7os completos. Os nossos sistemas de software e hardware est\u00e3o instalados nas maiores empresas e bancos nacionais, onde os dispositivos e sistemas funcionam 24 horas por dia, 7 dias por semana. <\/p>\n<p>Numerosos utilizadores das nossas solu\u00e7\u00f5es de software e hardware na S\u00e9rvia confirmaram que a ARQUIVO, juntamente com as suas empresas parceiras, n\u00e3o s\u00f3 implementa estes sistemas, como tamb\u00e9m fornece actualiza\u00e7\u00f5es para solu\u00e7\u00f5es e equipamentos antigos, bem como melhorias cont\u00ednuas dos sistemas existentes.<\/p>\n<p>Ao entrar na sua terceira d\u00e9cada de sucesso, os sistemas ARQUIVO.COM tornaram-se sin\u00f3nimo de qualidade, efici\u00eancia e excelente apoio t\u00e9cnico.<\/p>\n<p>No nosso centro de outsourcing ARQUIVO.COM\u2122, a Arquivo disponibiliza modernos servi\u00e7os de digitaliza\u00e7\u00e3o e microfilmagem num centro de digitaliza\u00e7\u00e3o com capacidade at\u00e9 150.000 documentos digitalizados por dia. Adicionalmente, oferecemos servi\u00e7os de arquivo de documentos nos nossos dep\u00f3sitos de arquivo, com uma \u00e1rea de aproximadamente 24.000 m\u00b2, constru\u00eddos de acordo com os mais elevados padr\u00f5es globais. <\/p>\n<p>O ARQUIVO est\u00e1 constantemente a expandir a sua capacidade atrav\u00e9s da constru\u00e7\u00e3o de novos dep\u00f3sitos de arquivos.<\/p>\n<p>No centro de outsourcing ARQUIVO.COM\u2122, oferecemos os seguintes servi\u00e7os:<\/p>\n<ul>\n<li><strong>Arquivamento permanente de documentos em papel no nosso dep\u00f3sito de arquivo, de acordo com a norma ISO 15489<\/strong><\/li>\n<li><strong>Digitaliza\u00e7\u00e3o &#8211; digitaliza\u00e7\u00e3o de arquivos tradicionais em papel e microfilme<\/strong><\/li>\n<li><strong>ARHIVO\u2122 Archival Software para gerir os arquivos e os pedidos de entrega em conformidade com as regras de arquivo<\/strong><\/li>\n<li><strong>Listagem, organiza\u00e7\u00e3o e introdu\u00e7\u00e3o de dados no software de arquivo ARHIVO<\/strong><\/li>\n<li><strong>Organiza a documenta\u00e7\u00e3o, cria e mant\u00e9m o Livro de Arquivo Din\u00e2mico ARHIVO\u2122 e redige actos normativos em conformidade com a legisla\u00e7\u00e3o da Rep\u00fablica da S\u00e9rvia<\/strong><\/li>\n<li><strong>Servi\u00e7os de reconhecimento autom\u00e1tico OCR e de introdu\u00e7\u00e3o autom\u00e1tica de dados no sistema de informa\u00e7\u00e3o do cliente<\/strong><\/li>\n<li><strong>Alojamento do arquivo eletr\u00f3nico do cliente nos nossos servidores e no ARHIVO\u2122 Cloud DMS<\/strong><\/li>\n<li><strong>Implementa\u00e7\u00e3o de solu\u00e7\u00f5es OpenText de gest\u00e3o de conte\u00fados, fluxo de trabalho, DMS e ECM integrado<\/strong><\/li>\n<li><strong>Cria\u00e7\u00e3o de c\u00f3pias de seguran\u00e7a em microfilme<\/strong><\/li>\n<li><strong>Destrui\u00e7\u00e3o &#8211; tritura\u00e7\u00e3o de documentos em papel<\/strong><\/li>\n<\/ul>\n<p><strong>VANTAGENS DO ARQUIVO COMO PARCEIRO<\/strong><\/p>\n<p>H\u00e1 mais de 30 anos que o Arquivo, juntamente com outras empresas do grupo, se dedica \u00e0 gest\u00e3o documental. O grupo emprega mais de 200 colaboradores efectivos e mais 120 tempor\u00e1rios. Aos clientes \u00e9 disponibilizado um servi\u00e7o completo que inclui uma gest\u00e3o documental eficiente e respons\u00e1vel: arquivo, digitaliza\u00e7\u00e3o, microfilmagem, solu\u00e7\u00f5es de software para gest\u00e3o documental (DMS, workflow, OCR-ICR), venda de scanners e equipamentos de microfilmagem, solu\u00e7\u00f5es qualificadas de assinatura digital, timestamping e solu\u00e7\u00f5es de identidade digital.  <\/p>\n<p><strong>Refer\u00eancias<\/strong><\/p>\n<p>A Arquivo opera com sucesso no mercado h\u00e1 tr\u00eas d\u00e9cadas e orgulha-se das suas colabora\u00e7\u00f5es de longo prazo com os clientes e do seu grande sucesso nas \u00e1reas de arquivo, digitaliza\u00e7\u00e3o e gest\u00e3o documental.<\/p>\n<p>A Arquivo presta servi\u00e7os a mais de 60% dos bancos da S\u00e9rvia.<\/p>\n<p>Em 2021, process\u00e1mos mais de 20.000.000 de documentos no nosso centro de digitaliza\u00e7\u00e3o.<\/p>\n<p>Atualmente, mais de 600 000 caixas de arquivo est\u00e3o armazenadas no dep\u00f3sito de arquivos ARQUIVO.COM\u2122, em mais de 250 km de estantes.<\/p>\n<p>A OpenText tem mais de 50.000 instala\u00e7\u00f5es em todo o mundo, com mais de 10.000.000 de utilizadores do sistema.<\/p>\n<p>Para obter uma lista detalhada das refer\u00eancias da empresa, n\u00e3o hesites em contactar-nos.<\/p>\n\t\t\t\t\t\t\t\t<\/div>\n\t\t\t\t<\/div>\n\t\t\t\t\t<\/div>\n\t\t<\/div>\n\t\t\t\t\t<\/div>\n\t\t<\/section>\n\t\t\t\t<\/div>\n\t\t","protected":false},"excerpt":{"rendered":"<p>Casa Sobre n\u00f3s \/\/ Sobre n\u00f3s A empresa ARQUIVO, juntamente com as suas empresas parceiras, com sede em Belgrado, especializa-se com sucesso no desenvolvimento, implementa\u00e7\u00e3o, integra\u00e7\u00e3o e manuten\u00e7\u00e3o de Sistemas de Gest\u00e3o Documental, solu\u00e7\u00f5es de arquivo e microfilmagem, bem como solu\u00e7\u00f5es para assinaturas electr\u00f3nicas qualificadas e identidades digitais. Oferecemos aos nossos clientes sistemas e equipamentos [&hellip;]<\/p>\n","protected":false},"author":1,"featured_media":0,"parent":0,"menu_order":0,"comment_status":"closed","ping_status":"closed","template":"","meta":{"footnotes":""},"class_list":["post-1015","page","type-page","status-publish","hentry"],"_links":{"self":[{"href":"https:\/\/arquivo.ao\/pt-pt\/wp-json\/wp\/v2\/pages\/1015","targetHints":{"allow":["GET"]}}],"collection":[{"href":"https:\/\/arquivo.ao\/pt-pt\/wp-json\/wp\/v2\/pages"}],"about":[{"href":"https:\/\/arquivo.ao\/pt-pt\/wp-json\/wp\/v2\/types\/page"}],"author":[{"embeddable":true,"href":"https:\/\/arquivo.ao\/pt-pt\/wp-json\/wp\/v2\/users\/1"}],"replies":[{"embeddable":true,"href":"https:\/\/arquivo.ao\/pt-pt\/wp-json\/wp\/v2\/comments?post=1015"}],"version-history":[{"count":1,"href":"https:\/\/arquivo.ao\/pt-pt\/wp-json\/wp\/v2\/pages\/1015\/revisions"}],"predecessor-version":[{"id":1020,"href":"https:\/\/arquivo.ao\/pt-pt\/wp-json\/wp\/v2\/pages\/1015\/revisions\/1020"}],"wp:attachment":[{"href":"https:\/\/arquivo.ao\/pt-pt\/wp-json\/wp\/v2\/media?parent=1015"}],"curies":[{"name":"wp","href":"https:\/\/api.w.org\/{rel}","templated":true}]}}