{"id":1161,"date":"2024-10-28T22:36:00","date_gmt":"2024-10-28T22:36:00","guid":{"rendered":"https:\/\/arquivo.ao\/scanners-de-livros-atiz\/"},"modified":"2024-10-29T01:54:13","modified_gmt":"2024-10-29T01:54:13","slug":"scanners-de-livros-atiz","status":"publish","type":"page","link":"https:\/\/arquivo.ao\/pt-pt\/scanners-de-livros\/scanners-de-livros-atiz\/","title":{"rendered":"Scanners de livros ATIZ"},"content":{"rendered":"\t\t<div data-elementor-type=\"wp-page\" data-elementor-id=\"1161\" class=\"elementor elementor-1161 elementor-467\" data-elementor-post-type=\"page\">\n\t\t\t\t\t\t<section class=\"elementor-section elementor-top-section elementor-element elementor-element-12eab05a elementor-section-boxed elementor-section-height-default elementor-section-height-default\" data-id=\"12eab05a\" data-element_type=\"section\">\n\t\t\t\t\t\t<div class=\"elementor-container elementor-column-gap-default\">\n\t\t\t\t\t<div class=\"elementor-column elementor-col-100 elementor-top-column elementor-element elementor-element-3bc3c1a2\" data-id=\"3bc3c1a2\" data-element_type=\"column\">\n\t\t\t<div class=\"elementor-widget-wrap elementor-element-populated\">\n\t\t\t\t\t\t<div class=\"elementor-element elementor-element-436cd4ef elementor-icon-list--layout-inline elementor-list-item-link-full_width elementor-widget elementor-widget-icon-list\" data-id=\"436cd4ef\" data-element_type=\"widget\" data-widget_type=\"icon-list.default\">\n\t\t\t\t<div class=\"elementor-widget-container\">\n\t\t\t\t\t\t\t<ul class=\"elementor-icon-list-items elementor-inline-items\">\n\t\t\t\t\t\t\t<li class=\"elementor-icon-list-item elementor-inline-item\">\n\t\t\t\t\t\t\t\t\t\t\t<a href=\"https:\/\/arquivo.ao\/pt-pt\/\">\n\n\t\t\t\t\t\t\t\t\t\t\t<span class=\"elementor-icon-list-text\">Casa<\/span>\n\t\t\t\t\t\t\t\t\t\t\t<\/a>\n\t\t\t\t\t\t\t\t\t<\/li>\n\t\t\t\t\t\t\t\t<li class=\"elementor-icon-list-item elementor-inline-item\">\n\t\t\t\t\t\t\t\t\t\t\t<a href=\"https:\/\/arquivo.ao\/pt-pt\/scanners-de-livros\/scanners-de-livros-atiz\/\">\n\n\t\t\t\t\t\t\t\t\t\t\t\t<span class=\"elementor-icon-list-icon\">\n\t\t\t\t\t\t\t<svg aria-hidden=\"true\" class=\"e-font-icon-svg e-fas-angle-double-right\" viewBox=\"0 0 448 512\" xmlns=\"http:\/\/www.w3.org\/2000\/svg\"><path d=\"M224.3 273l-136 136c-9.4 9.4-24.6 9.4-33.9 0l-22.6-22.6c-9.4-9.4-9.4-24.6 0-33.9l96.4-96.4-96.4-96.4c-9.4-9.4-9.4-24.6 0-33.9L54.3 103c9.4-9.4 24.6-9.4 33.9 0l136 136c9.5 9.4 9.5 24.6.1 34zm192-34l-136-136c-9.4-9.4-24.6-9.4-33.9 0l-22.6 22.6c-9.4 9.4-9.4 24.6 0 33.9l96.4 96.4-96.4 96.4c-9.4 9.4-9.4 24.6 0 33.9l22.6 22.6c9.4 9.4 24.6 9.4 33.9 0l136-136c9.4-9.2 9.4-24.4 0-33.8z\"><\/path><\/svg>\t\t\t\t\t\t<\/span>\n\t\t\t\t\t\t\t\t\t\t<span class=\"elementor-icon-list-text\">Scanners de livros<\/span>\n\t\t\t\t\t\t\t\t\t\t\t<\/a>\n\t\t\t\t\t\t\t\t\t<\/li>\n\t\t\t\t\t\t<\/ul>\n\t\t\t\t\t\t<\/div>\n\t\t\t\t<\/div>\n\t\t\t\t\t<\/div>\n\t\t<\/div>\n\t\t\t\t\t<\/div>\n\t\t<\/section>\n\t\t\t\t<section class=\"elementor-section elementor-top-section elementor-element elementor-element-e78c024 elementor-section-boxed elementor-section-height-default elementor-section-height-default\" data-id=\"e78c024\" data-element_type=\"section\">\n\t\t\t\t\t\t<div class=\"elementor-container elementor-column-gap-default\">\n\t\t\t\t\t<div class=\"elementor-column elementor-col-100 elementor-top-column elementor-element elementor-element-5c24e0b8\" data-id=\"5c24e0b8\" data-element_type=\"column\">\n\t\t\t<div class=\"elementor-widget-wrap elementor-element-populated\">\n\t\t\t\t\t\t<div class=\"elementor-element elementor-element-77b506b5 elementor-widget__width-initial elementor-widget elementor-widget-heading\" data-id=\"77b506b5\" data-element_type=\"widget\" data-widget_type=\"heading.default\">\n\t\t\t\t<div class=\"elementor-widget-container\">\n\t\t\t\t\t<h2 class=\"elementor-heading-title elementor-size-default\">\/\/ ATIZ - Scanners de livros<\/h2>\t\t\t\t<\/div>\n\t\t\t\t<\/div>\n\t\t\t\t<div class=\"elementor-element elementor-element-72f541d8 elementor-widget elementor-widget-text-editor\" data-id=\"72f541d8\" data-element_type=\"widget\" data-widget_type=\"text-editor.default\">\n\t\t\t\t<div class=\"elementor-widget-container\">\n\t\t\t\t\t\t\t\t\t<div class=\"flex-shrink-0 flex flex-col relative items-end\">\n<div class=\"pt-0\">\n<div class=\"gizmo-bot-avatar flex h-8 w-8 items-center justify-center overflow-hidden rounded-full\">\n<div class=\"relative p-1 rounded-sm flex items-center justify-center bg-token-main-surface-primary text-token-text-primary h-8 w-8\">\n<p><strong>BookDrive<\/strong><br \/>Os scanners BookDrive da ATIZ s\u00e3o a mais recente tecnologia de digitaliza\u00e7\u00e3o de livros e rapidamente se tornaram os dispositivos mais vendidos do mundo para projectos de digitaliza\u00e7\u00e3o de bibliotecas. Oferecendo uma solu\u00e7\u00e3o econ\u00f3mica para a digitaliza\u00e7\u00e3o de livros at\u00e9 ao formato A2, os scanners BookDrive s\u00e3o dispositivos de elevado desempenho que proporcionam uma abordagem de vanguarda \u00e0 digitaliza\u00e7\u00e3o de livros. <\/p>\n<p>Com o BookDrive, os utilizadores podem converter livros para o formato digital a alta velocidade (at\u00e9 700 p\u00e1ginas por hora). O dispositivo possui um suporte em forma de V exclusivo e uma placa transparente que pressiona o livro em forma de V, garantindo que as p\u00e1ginas permane\u00e7am perfeitamente planas e sem curvatura durante a digitaliza\u00e7\u00e3o. Os scanners BookDrive s\u00e3o f\u00e1ceis de utilizar e garantem p\u00e1ginas uniformemente direitas.  <\/p>\n<p><strong>Ber\u00e7o de central<\/strong>iza\u00e7\u00e3o <strong>autom\u00e1tica<\/strong><br \/>Normalmente, o centro de um livro se desloca da esquerda para a direita a cada virada de p\u00e1gina. Os scanners BookDrive eliminam esse problema com uma base de centraliza\u00e7\u00e3o autom\u00e1tica exclusiva, garantindo que o centro do livro permane\u00e7a im\u00f3vel durante a digitaliza\u00e7\u00e3o. Este design permite obter margens e bordas uniformes, um recurso que n\u00e3o existe em outros scanners.  <\/p>\n<h5>Principais vantagens dos scanners BookDrive:<\/h5>\n<ul>\n<li>\n<p><strong>Digitaliza\u00e7\u00e3o r\u00e1pida de v\u00e1rios livros:<\/strong><br \/>O BookDrive digitaliza imagens utilizando duas c\u00e2maras digitais SLR da Canon, permitindo uma digitaliza\u00e7\u00e3o muito mais r\u00e1pida em compara\u00e7\u00e3o com outros scanners. Isto significa que n\u00e3o ter\u00e1s de passar horas a digitalizar um \u00fanico livro. Digitaliza rapidamente uma estante inteira com o BookDrive.  <\/p>\n<\/li>\n<li>\n<p><strong>Cria\u00e7\u00e3o simples de livros electr\u00f3nicos:<\/strong><br \/>BookDrive pode digitalizar para o formato PDF, o padr\u00e3o amplamente suportado. Desfruta dos teus livros favoritos em qualquer dispositivo, como um port\u00e1til, PDA ou leitor de livros electr\u00f3nicos, a qualquer hora e em qualquer lugar. <\/p>\n<\/li>\n<li>\n<p><strong>Desempenho de OCR melhorado:<\/strong><br \/>As imagens planas digitalizadas com o BookDrive t\u00eam melhor aspeto do que as p\u00e1ginas curvas de scanners planos ou de livros padr\u00e3o, o que resulta numa maior precis\u00e3o na convers\u00e3o para texto com o software OCR.<\/p>\n<\/li>\n<li>\n<p>Cria <strong>a tua pr\u00f3pria biblioteca digital:<\/strong><br \/>O BookDrive \u00e9 ideal para escolas, empresas e colec\u00e7\u00f5es privadas, oferecendo uma forma de criar uma biblioteca digital pessoal.<\/p>\n<\/li>\n<\/ul>\n<\/div>\n<\/div>\n<\/div>\n<\/div>\n\t\t\t\t\t\t\t\t<\/div>\n\t\t\t\t<\/div>\n\t\t\t\t<div class=\"elementor-element elementor-element-50fbf4b elementor-widget elementor-widget-heading\" data-id=\"50fbf4b\" data-element_type=\"widget\" data-widget_type=\"heading.default\">\n\t\t\t\t<div class=\"elementor-widget-container\">\n\t\t\t\t\t<h2 class=\"elementor-heading-title elementor-size-default\">Modelos BookDrive:<\/h2>\t\t\t\t<\/div>\n\t\t\t\t<\/div>\n\t\t\t\t\t<\/div>\n\t\t<\/div>\n\t\t\t\t\t<\/div>\n\t\t<\/section>\n\t\t\t\t<section class=\"elementor-section elementor-top-section elementor-element elementor-element-bd3279f elementor-section-boxed elementor-section-height-default elementor-section-height-default\" data-id=\"bd3279f\" data-element_type=\"section\">\n\t\t\t\t\t\t<div class=\"elementor-container elementor-column-gap-default\">\n\t\t\t\t\t<div class=\"elementor-column elementor-col-33 elementor-top-column elementor-element elementor-element-d2beb6f\" data-id=\"d2beb6f\" data-element_type=\"column\">\n\t\t\t<div class=\"elementor-widget-wrap elementor-element-populated\">\n\t\t\t\t\t\t<div class=\"elementor-element elementor-element-548f5c2 elementor-invisible elementor-widget elementor-widget-image\" data-id=\"548f5c2\" data-element_type=\"widget\" data-settings=\"{&quot;_animation&quot;:&quot;fadeInLeft&quot;}\" data-widget_type=\"image.default\">\n\t\t\t\t<div class=\"elementor-widget-container\">\n\t\t\t\t\t\t\t\t\t\t\t\t\t\t\t<img fetchpriority=\"high\" decoding=\"async\" width=\"574\" height=\"800\" src=\"https:\/\/arquivo.ao\/wp-content\/uploads\/2024\/10\/atiz-bookdrice-mini2.png\" class=\"attachment-large size-large wp-image-968\" alt=\"\" srcset=\"https:\/\/arquivo.ao\/wp-content\/uploads\/2024\/10\/atiz-bookdrice-mini2.png 574w, https:\/\/arquivo.ao\/wp-content\/uploads\/2024\/10\/atiz-bookdrice-mini2-215x300.png 215w\" sizes=\"(max-width: 574px) 100vw, 574px\" \/>\t\t\t\t\t\t\t\t\t\t\t\t\t\t\t<\/div>\n\t\t\t\t<\/div>\n\t\t\t\t\t<\/div>\n\t\t<\/div>\n\t\t\t\t<div class=\"elementor-column elementor-col-66 elementor-top-column elementor-element elementor-element-dd66582\" data-id=\"dd66582\" data-element_type=\"column\">\n\t\t\t<div class=\"elementor-widget-wrap elementor-element-populated\">\n\t\t\t\t\t\t<div class=\"elementor-element elementor-element-41148a7 elementor-widget elementor-widget-heading\" data-id=\"41148a7\" data-element_type=\"widget\" data-widget_type=\"heading.default\">\n\t\t\t\t<div class=\"elementor-widget-container\">\n\t\t\t\t\t<h2 class=\"elementor-heading-title elementor-size-default\">BookDrive Mini 2<\/h2>\t\t\t\t<\/div>\n\t\t\t\t<\/div>\n\t\t\t\t<div class=\"elementor-element elementor-element-d2f5b8a elementor-widget elementor-widget-text-editor\" data-id=\"d2f5b8a\" data-element_type=\"widget\" data-widget_type=\"text-editor.default\">\n\t\t\t\t<div class=\"elementor-widget-container\">\n\t\t\t\t\t\t\t\t\t<div class=\"flex-shrink-0 flex flex-col relative items-end\">\n<div class=\"pt-0\">\n<div class=\"gizmo-bot-avatar flex h-8 w-8 items-center justify-center overflow-hidden rounded-full\">\n<div class=\"relative p-1 rounded-sm flex items-center justify-center bg-token-main-surface-primary text-token-text-primary h-8 w-8\">\n<ul>\n<li><strong>Para digitaliza\u00e7\u00e3o de livros:<\/strong> At\u00e9 2 x formato A4<\/li>\n<li><strong>Dimens\u00f5es da digitaliza\u00e7\u00e3o:<\/strong> 2 x 25 cm x 38 cm<\/li>\n<li><strong>Espessura m\u00e1xima do livro:<\/strong> 5,5 cm<\/li>\n<li><strong>Velocidade m\u00e1xima de digitaliza\u00e7\u00e3o:<\/strong> 1.000 p\u00e1ginas por hora<\/li>\n<li><strong>Ilumina\u00e7\u00e3o:<\/strong> Pain\u00e9is de luz LED<\/li>\n<li><strong>Dimens\u00f5es do aparelho:<\/strong> 61 x 87 x 177 cm<\/li>\n<li><strong>Dimens\u00f5es da base:<\/strong> 57 x 38 cm<\/li>\n<li><strong>Peso do aparelho:<\/strong> 23 kg<\/li>\n<\/ul>\n<\/div>\n<\/div>\n<\/div>\n<\/div>\n\t\t\t\t\t\t\t\t<\/div>\n\t\t\t\t<\/div>\n\t\t\t\t\t<\/div>\n\t\t<\/div>\n\t\t\t\t\t<\/div>\n\t\t<\/section>\n\t\t\t\t<section class=\"elementor-section elementor-top-section elementor-element elementor-element-f1108be elementor-section-boxed elementor-section-height-default elementor-section-height-default\" data-id=\"f1108be\" data-element_type=\"section\">\n\t\t\t\t\t\t<div class=\"elementor-container elementor-column-gap-default\">\n\t\t\t\t\t<div class=\"elementor-column elementor-col-33 elementor-top-column elementor-element elementor-element-5f2a760\" data-id=\"5f2a760\" data-element_type=\"column\">\n\t\t\t<div class=\"elementor-widget-wrap elementor-element-populated\">\n\t\t\t\t\t\t<div class=\"elementor-element elementor-element-ce620b9 elementor-invisible elementor-widget elementor-widget-image\" data-id=\"ce620b9\" data-element_type=\"widget\" data-settings=\"{&quot;_animation&quot;:&quot;fadeInLeft&quot;}\" data-widget_type=\"image.default\">\n\t\t\t\t<div class=\"elementor-widget-container\">\n\t\t\t\t\t\t\t\t\t\t\t\t\t\t\t<img decoding=\"async\" width=\"600\" height=\"836\" src=\"https:\/\/arquivo.ao\/wp-content\/uploads\/2024\/10\/atiz-bookdrive-n.jpg\" class=\"attachment-large size-large wp-image-970\" alt=\"\" srcset=\"https:\/\/arquivo.ao\/wp-content\/uploads\/2024\/10\/atiz-bookdrive-n.jpg 600w, https:\/\/arquivo.ao\/wp-content\/uploads\/2024\/10\/atiz-bookdrive-n-215x300.jpg 215w\" sizes=\"(max-width: 600px) 100vw, 600px\" \/>\t\t\t\t\t\t\t\t\t\t\t\t\t\t\t<\/div>\n\t\t\t\t<\/div>\n\t\t\t\t\t<\/div>\n\t\t<\/div>\n\t\t\t\t<div class=\"elementor-column elementor-col-66 elementor-top-column elementor-element elementor-element-71f8b59\" data-id=\"71f8b59\" data-element_type=\"column\">\n\t\t\t<div class=\"elementor-widget-wrap elementor-element-populated\">\n\t\t\t\t\t\t<div class=\"elementor-element elementor-element-3b7b0af elementor-widget elementor-widget-heading\" data-id=\"3b7b0af\" data-element_type=\"widget\" data-widget_type=\"heading.default\">\n\t\t\t\t<div class=\"elementor-widget-container\">\n\t\t\t\t\t<h2 class=\"elementor-heading-title elementor-size-default\">BookDrive N<\/h2>\t\t\t\t<\/div>\n\t\t\t\t<\/div>\n\t\t\t\t<div class=\"elementor-element elementor-element-7fe5c87 elementor-widget elementor-widget-text-editor\" data-id=\"7fe5c87\" data-element_type=\"widget\" data-widget_type=\"text-editor.default\">\n\t\t\t\t<div class=\"elementor-widget-container\">\n\t\t\t\t\t\t\t\t\t<div class=\"flex-shrink-0 flex flex-col relative items-end\">\n<div class=\"pt-0\">\n<div class=\"gizmo-bot-avatar flex h-8 w-8 items-center justify-center overflow-hidden rounded-full\">\n<div class=\"relative p-1 rounded-sm flex items-center justify-center bg-token-main-surface-primary text-token-text-primary h-8 w-8\">\n<ul>\n<li><strong>Para digitaliza\u00e7\u00e3o frente e verso de livros, revistas, mapas, etc.:<\/strong> At\u00e9 ao formato A2<\/li>\n<li><strong>Dimens\u00f5es da digitaliza\u00e7\u00e3o:<\/strong> 44,5 cm x 64,5 cm<\/li>\n<li><strong>Espessura m\u00e1xima do livro:<\/strong> 13 cm<\/li>\n<li><strong>Velocidade m\u00e1xima de digitaliza\u00e7\u00e3o:<\/strong> 800 p\u00e1ginas por hora<\/li>\n<li><strong>Ilumina\u00e7\u00e3o:<\/strong> Pain\u00e9is de luz LED<\/li>\n<li><strong>Dimens\u00f5es do aparelho:<\/strong> 120 x 100 x 128 cm<\/li>\n<li><strong>Dimens\u00f5es da base:<\/strong> 55 x 93 cm<\/li>\n<li><strong>Peso do aparelho:<\/strong> 45 kg<\/li>\n<li> <\/li>\n<\/ul>\n<\/div>\n<\/div>\n<\/div>\n<\/div>\n\t\t\t\t\t\t\t\t<\/div>\n\t\t\t\t<\/div>\n\t\t\t\t\t<\/div>\n\t\t<\/div>\n\t\t\t\t\t<\/div>\n\t\t<\/section>\n\t\t\t\t<section class=\"elementor-section elementor-top-section elementor-element elementor-element-178cb51 elementor-section-boxed elementor-section-height-default elementor-section-height-default\" data-id=\"178cb51\" data-element_type=\"section\">\n\t\t\t\t\t\t<div class=\"elementor-container elementor-column-gap-default\">\n\t\t\t\t\t<div class=\"elementor-column elementor-col-33 elementor-top-column elementor-element elementor-element-5c0df2c\" data-id=\"5c0df2c\" data-element_type=\"column\">\n\t\t\t<div class=\"elementor-widget-wrap elementor-element-populated\">\n\t\t\t\t\t\t<div class=\"elementor-element elementor-element-6f510e8 elementor-invisible elementor-widget elementor-widget-image\" data-id=\"6f510e8\" data-element_type=\"widget\" data-settings=\"{&quot;_animation&quot;:&quot;fadeInLeft&quot;}\" data-widget_type=\"image.default\">\n\t\t\t\t<div class=\"elementor-widget-container\">\n\t\t\t\t\t\t\t\t\t\t\t\t\t\t\t<img decoding=\"async\" width=\"574\" height=\"800\" src=\"https:\/\/arquivo.ao\/wp-content\/uploads\/2024\/10\/atiz-bookdrive-mark2.jpg\" class=\"attachment-large size-large wp-image-972\" alt=\"\" srcset=\"https:\/\/arquivo.ao\/wp-content\/uploads\/2024\/10\/atiz-bookdrive-mark2.jpg 574w, https:\/\/arquivo.ao\/wp-content\/uploads\/2024\/10\/atiz-bookdrive-mark2-215x300.jpg 215w\" sizes=\"(max-width: 574px) 100vw, 574px\" \/>\t\t\t\t\t\t\t\t\t\t\t\t\t\t\t<\/div>\n\t\t\t\t<\/div>\n\t\t\t\t\t<\/div>\n\t\t<\/div>\n\t\t\t\t<div class=\"elementor-column elementor-col-66 elementor-top-column elementor-element elementor-element-eaae113\" data-id=\"eaae113\" data-element_type=\"column\">\n\t\t\t<div class=\"elementor-widget-wrap elementor-element-populated\">\n\t\t\t\t\t\t<div class=\"elementor-element elementor-element-f3bb204 elementor-widget elementor-widget-heading\" data-id=\"f3bb204\" data-element_type=\"widget\" data-widget_type=\"heading.default\">\n\t\t\t\t<div class=\"elementor-widget-container\">\n\t\t\t\t\t<h2 class=\"elementor-heading-title elementor-size-default\">BookDrive Mark 2<\/h2>\t\t\t\t<\/div>\n\t\t\t\t<\/div>\n\t\t\t\t<div class=\"elementor-element elementor-element-711f034 elementor-widget elementor-widget-text-editor\" data-id=\"711f034\" data-element_type=\"widget\" data-widget_type=\"text-editor.default\">\n\t\t\t\t<div class=\"elementor-widget-container\">\n\t\t\t\t\t\t\t\t\t<p>O mais recente dispositivo da ATIZ estabelece os mais elevados padr\u00f5es na digitaliza\u00e7\u00e3o de livros.<\/p>\n<ul>\n<li><strong>Para digitaliza\u00e7\u00e3o de livros:<\/strong> At\u00e9 2 x formato A2<\/li>\n<li><strong>Dimens\u00f5es da digitaliza\u00e7\u00e3o:<\/strong> 2 x 43 cm x 62 cm<\/li>\n<li><strong>Espessura m\u00e1xima do livro:<\/strong> 15 cm<\/li>\n<li><strong>Velocidade m\u00e1xima de digitaliza\u00e7\u00e3o:<\/strong> 1.600 p\u00e1ginas por hora<\/li>\n<li><strong>Ilumina\u00e7\u00e3o:<\/strong> Pain\u00e9is de luz LED<\/li>\n<li><strong>Dimens\u00f5es do aparelho:<\/strong> 120 x 150 x 138 cm<\/li>\n<li><strong>Dimens\u00f5es da base:<\/strong> 75 x 90 cm<\/li>\n<li><strong>Peso do aparelho:<\/strong> 80 kg<\/li>\n<\/ul>\n<p><strong>As novas melhorias incluem:<\/strong><\/p>\n<ul>\n<li>Ergonomia, seguran\u00e7a e conforto de trabalho superiores<\/li>\n<li>Ilumina\u00e7\u00e3o optimizada para uma melhor qualidade de imagem<\/li>\n<li>Design melhorado do ber\u00e7o em forma de V<\/li>\n<li>Compatibilidade com as mais recentes c\u00e2maras de alta resolu\u00e7\u00e3o da Canon e da Nikon (por exemplo, Canon EOS 5DS com 50,6 MP ou Nikon D810 com 36,3 MP), fornecendo mais de 350 ppp de alta resolu\u00e7\u00e3o para A2 ou 750 ppp para A4.<\/li>\n<li>O pacote de software mais r\u00e1pido, agora 70% mais r\u00e1pido.<\/li>\n<\/ul>\n<p>V\u00ea a brochura <strong><a href=\"https:\/\/www.atiz.com\/atiz_connect\/bookdrive_mark2\/brochures\/Brochure-BookDrive-Mark2.pdf\">aqui.<\/a><\/strong><\/p>\n\t\t\t\t\t\t\t\t<\/div>\n\t\t\t\t<\/div>\n\t\t\t\t\t<\/div>\n\t\t<\/div>\n\t\t\t\t\t<\/div>\n\t\t<\/section>\n\t\t\t\t<section class=\"elementor-section elementor-top-section elementor-element elementor-element-8cc2d22 elementor-section-boxed elementor-section-height-default elementor-section-height-default\" data-id=\"8cc2d22\" data-element_type=\"section\">\n\t\t\t\t\t\t<div class=\"elementor-container elementor-column-gap-default\">\n\t\t\t\t\t<div class=\"elementor-column elementor-col-33 elementor-top-column elementor-element elementor-element-a1c0f2d\" data-id=\"a1c0f2d\" data-element_type=\"column\">\n\t\t\t<div class=\"elementor-widget-wrap elementor-element-populated\">\n\t\t\t\t\t\t<div class=\"elementor-element elementor-element-8c7b839 elementor-invisible elementor-widget elementor-widget-image\" data-id=\"8c7b839\" data-element_type=\"widget\" data-settings=\"{&quot;_animation&quot;:&quot;fadeInLeft&quot;}\" data-widget_type=\"image.default\">\n\t\t\t\t<div class=\"elementor-widget-container\">\n\t\t\t\t\t\t\t\t\t\t\t\t\t\t\t<img loading=\"lazy\" decoding=\"async\" width=\"600\" height=\"836\" src=\"https:\/\/arquivo.ao\/wp-content\/uploads\/2024\/10\/atiz-bookdrive-mark2-lite.jpg\" class=\"attachment-large size-large wp-image-974\" alt=\"\" srcset=\"https:\/\/arquivo.ao\/wp-content\/uploads\/2024\/10\/atiz-bookdrive-mark2-lite.jpg 600w, https:\/\/arquivo.ao\/wp-content\/uploads\/2024\/10\/atiz-bookdrive-mark2-lite-215x300.jpg 215w\" sizes=\"(max-width: 600px) 100vw, 600px\" \/>\t\t\t\t\t\t\t\t\t\t\t\t\t\t\t<\/div>\n\t\t\t\t<\/div>\n\t\t\t\t\t<\/div>\n\t\t<\/div>\n\t\t\t\t<div class=\"elementor-column elementor-col-66 elementor-top-column elementor-element elementor-element-4c53b41\" data-id=\"4c53b41\" data-element_type=\"column\">\n\t\t\t<div class=\"elementor-widget-wrap elementor-element-populated\">\n\t\t\t\t\t\t<div class=\"elementor-element elementor-element-98ef078 elementor-widget elementor-widget-heading\" data-id=\"98ef078\" data-element_type=\"widget\" data-widget_type=\"heading.default\">\n\t\t\t\t<div class=\"elementor-widget-container\">\n\t\t\t\t\t<h2 class=\"elementor-heading-title elementor-size-default\">BookDrive Mark 2 Lite<\/h2>\t\t\t\t<\/div>\n\t\t\t\t<\/div>\n\t\t\t\t<div class=\"elementor-element elementor-element-0724993 elementor-widget elementor-widget-text-editor\" data-id=\"0724993\" data-element_type=\"widget\" data-widget_type=\"text-editor.default\">\n\t\t\t\t<div class=\"elementor-widget-container\">\n\t\t\t\t\t\t\t\t\t<ul>\n<li><strong>Para digitaliza\u00e7\u00e3o de livros:<\/strong> At\u00e9 2 x formato A3<\/li>\n<li><strong>Dimens\u00f5es da digitaliza\u00e7\u00e3o:<\/strong> 2 x 30 cm x 44 cm<\/li>\n<li><strong>Espessura m\u00e1xima do livro:<\/strong> 12 cm<\/li>\n<li><strong>Velocidade m\u00e1xima de digitaliza\u00e7\u00e3o:<\/strong> 1.600 p\u00e1ginas por hora<\/li>\n<li><strong>Ilumina\u00e7\u00e3o:<\/strong> Pain\u00e9is de luz LED<\/li>\n<li><strong>Dimens\u00f5es do aparelho:<\/strong> 83 x 106 x 122 cm<\/li>\n<li><strong>Dimens\u00f5es da base:<\/strong> 47 x 57 cm<\/li>\n<li><strong>Peso do aparelho:<\/strong> 35 kg<\/li>\n<\/ul>\n<p>As carater\u00edsticas incluem uma ergonomia, seguran\u00e7a e conforto melhorados, um design de ilumina\u00e7\u00e3o superior e um design de ber\u00e7o em forma de V significativamente melhorado.<\/p><\/p>\n\t\t\t\t\t\t\t\t<\/div>\n\t\t\t\t<\/div>\n\t\t\t\t\t<\/div>\n\t\t<\/div>\n\t\t\t\t\t<\/div>\n\t\t<\/section>\n\t\t\t\t<\/div>\n\t\t","protected":false},"excerpt":{"rendered":"<p>Casa Scanners de livros \/\/ ATIZ &#8211; Scanners de livros BookDriveOs scanners BookDrive da ATIZ s\u00e3o a mais recente tecnologia de digitaliza\u00e7\u00e3o de livros e rapidamente se tornaram os dispositivos mais vendidos do mundo para projectos de digitaliza\u00e7\u00e3o de bibliotecas. Oferecendo uma solu\u00e7\u00e3o econ\u00f3mica para a digitaliza\u00e7\u00e3o de livros at\u00e9 ao formato A2, os scanners [&hellip;]<\/p>\n","protected":false},"author":1,"featured_media":0,"parent":1170,"menu_order":0,"comment_status":"closed","ping_status":"closed","template":"","meta":{"footnotes":""},"class_list":["post-1161","page","type-page","status-publish","hentry"],"_links":{"self":[{"href":"https:\/\/arquivo.ao\/pt-pt\/wp-json\/wp\/v2\/pages\/1161","targetHints":{"allow":["GET"]}}],"collection":[{"href":"https:\/\/arquivo.ao\/pt-pt\/wp-json\/wp\/v2\/pages"}],"about":[{"href":"https:\/\/arquivo.ao\/pt-pt\/wp-json\/wp\/v2\/types\/page"}],"author":[{"embeddable":true,"href":"https:\/\/arquivo.ao\/pt-pt\/wp-json\/wp\/v2\/users\/1"}],"replies":[{"embeddable":true,"href":"https:\/\/arquivo.ao\/pt-pt\/wp-json\/wp\/v2\/comments?post=1161"}],"version-history":[{"count":1,"href":"https:\/\/arquivo.ao\/pt-pt\/wp-json\/wp\/v2\/pages\/1161\/revisions"}],"predecessor-version":[{"id":1163,"href":"https:\/\/arquivo.ao\/pt-pt\/wp-json\/wp\/v2\/pages\/1161\/revisions\/1163"}],"up":[{"embeddable":true,"href":"https:\/\/arquivo.ao\/pt-pt\/wp-json\/wp\/v2\/pages\/1170"}],"wp:attachment":[{"href":"https:\/\/arquivo.ao\/pt-pt\/wp-json\/wp\/v2\/media?parent=1161"}],"curies":[{"name":"wp","href":"https:\/\/api.w.org\/{rel}","templated":true}]}}